{"id":5756467,"date":"2026-02-12T13:50:05","date_gmt":"2026-02-12T12:50:05","guid":{"rendered":"https:\/\/stoic-curie.212-227-153-4.plesk.page\/product\/musto-evo-deck-sortsevi-velicina-50-34-bez\/"},"modified":"2026-02-25T00:01:49","modified_gmt":"2026-02-25T00:01:49","slug":"musto-evo-deck-sortsevi-velicina-50-34-bez","status":"publish","type":"product","link":"https:\/\/stoic-curie.212-227-153-4.plesk.page\/hr\/product\/musto-evo-deck-sortsevi-velicina-50-34-bez\/","title":{"rendered":"Musto Evo Deck \u0160ortsevi Veli\u010dina 50 (34) Be\u017e"},"content":{"rendered":"<p>Musto Evo Deck \u0160ortsevi Veli\u010dina 50 (34) Be\u017e &#8211; <\/p>\n<p>Musto Evo Deck \u0161ortsevi izra\u0111eni su od lagane, brzo su\u0161e\u0107e, izdr\u017eljive tkanine s 2-smjernom elastikom koja pru\u017ea potpunu slobodu kretanja i izvanrednu udobnost. Sa zatvara\u010dem i gumbom, petljama za pojas, reflektiraju\u0107im logotipom, d\u017eepovima na rukama, stra\u017enjim d\u017eepom i prednjim d\u017eepom s patentnim zatvara\u010dem. UV za\u0161tita sa UPF 50.<\/p>\n<p> Kliknite ovdje da provjerite to\u010dnu veli\u010dinu:<\/p>\n","protected":false},"excerpt":{"rendered":"<p>Musto Evo Deck \u0160ortsevi Veli\u010dina 50 (34) Be\u017e &#8211; Musto Evo Deck \u0161ortsevi izra\u0111eni su od lagane, brzo su\u0161e\u0107e, izdr\u017eljive<\/p>\n","protected":false},"featured_media":5753719,"comment_status":"open","ping_status":"closed","template":"","meta":[],"product_brand":[3156],"product_cat":[1854],"product_tag":[],"class_list":{"0":"post-5756467","1":"product","2":"type-product","3":"status-publish","4":"has-post-thumbnail","6":"product_brand-musto-hr","7":"product_cat-jedrilicarska-odjeca-musto","9":"first","10":"instock","11":"shipping-taxable","12":"purchasable","13":"product-type-simple"},"_links":{"self":[{"href":"https:\/\/stoic-curie.212-227-153-4.plesk.page\/hr\/wp-json\/wp\/v2\/product\/5756467","targetHints":{"allow":["GET"]}}],"collection":[{"href":"https:\/\/stoic-curie.212-227-153-4.plesk.page\/hr\/wp-json\/wp\/v2\/product"}],"about":[{"href":"https:\/\/stoic-curie.212-227-153-4.plesk.page\/hr\/wp-json\/wp\/v2\/types\/product"}],"replies":[{"embeddable":true,"href":"https:\/\/stoic-curie.212-227-153-4.plesk.page\/hr\/wp-json\/wp\/v2\/comments?post=5756467"}],"version-history":[{"count":0,"href":"https:\/\/stoic-curie.212-227-153-4.plesk.page\/hr\/wp-json\/wp\/v2\/product\/5756467\/revisions"}],"wp:featuredmedia":[{"embeddable":true,"href":"https:\/\/stoic-curie.212-227-153-4.plesk.page\/hr\/wp-json\/wp\/v2\/media\/5753719"}],"wp:attachment":[{"href":"https:\/\/stoic-curie.212-227-153-4.plesk.page\/hr\/wp-json\/wp\/v2\/media?parent=5756467"}],"wp:term":[{"taxonomy":"product_brand","embeddable":true,"href":"https:\/\/stoic-curie.212-227-153-4.plesk.page\/hr\/wp-json\/wp\/v2\/product_brand?post=5756467"},{"taxonomy":"product_cat","embeddable":true,"href":"https:\/\/stoic-curie.212-227-153-4.plesk.page\/hr\/wp-json\/wp\/v2\/product_cat?post=5756467"},{"taxonomy":"product_tag","embeddable":true,"href":"https:\/\/stoic-curie.212-227-153-4.plesk.page\/hr\/wp-json\/wp\/v2\/product_tag?post=5756467"}],"curies":[{"name":"wp","href":"https:\/\/api.w.org\/{rel}","templated":true}]}}