{"id":5756469,"date":"2026-02-12T13:50:06","date_gmt":"2026-02-12T12:50:06","guid":{"rendered":"https:\/\/stoic-curie.212-227-153-4.plesk.page\/product\/musto-evo-deck-shorts-velicina-46-30-crna\/"},"modified":"2026-02-25T00:01:49","modified_gmt":"2026-02-25T00:01:49","slug":"musto-evo-deck-shorts-velicina-46-30-crna","status":"publish","type":"product","link":"https:\/\/stoic-curie.212-227-153-4.plesk.page\/hr\/product\/musto-evo-deck-shorts-velicina-46-30-crna\/","title":{"rendered":"Musto Evo Deck Shorts Veli\u010dina 46 (30) &#8211; Crna"},"content":{"rendered":"<p>Musto Evo Deck Shorts Veli\u010dina 46 (30) &#8211; Crna &#8211; <\/p>\n<p>Musto Evo Deck Shorts izra\u0111eni su od izdr\u017eljivog, laganog, brzo su\u0161e\u0107eg materijala s rastezljivo\u0161\u0107u u 2 smjera koji osigurava potpunu slobodu kretanja i udobnost. Opremljeni su zatvara\u010dem s gumbom, petljama za pojas, reflektiraju\u0107im logotipom, bo\u010dnim d\u017eepovima, stra\u017enjim d\u017eepom i prednjim d\u017eepom na zatvara\u010d. Dizajnirani su s UV za\u0161titom UPF50.<\/p>\n<p>Kliknite ovdje da provjerite to\u010dnu veli\u010dinu:<\/p>\n","protected":false},"excerpt":{"rendered":"<p>Musto Evo Deck Shorts Veli\u010dina 46 (30) &#8211; Crna &#8211; Musto Evo Deck Shorts izra\u0111eni su od izdr\u017eljivog, laganog, brzo<\/p>\n","protected":false},"featured_media":5753719,"comment_status":"open","ping_status":"closed","template":"","meta":[],"product_brand":[3156],"product_cat":[1854],"product_tag":[],"class_list":{"0":"post-5756469","1":"product","2":"type-product","3":"status-publish","4":"has-post-thumbnail","6":"product_brand-musto-hr","7":"product_cat-jedrilicarska-odjeca-musto","9":"first","10":"instock","11":"shipping-taxable","12":"purchasable","13":"product-type-simple"},"_links":{"self":[{"href":"https:\/\/stoic-curie.212-227-153-4.plesk.page\/hr\/wp-json\/wp\/v2\/product\/5756469","targetHints":{"allow":["GET"]}}],"collection":[{"href":"https:\/\/stoic-curie.212-227-153-4.plesk.page\/hr\/wp-json\/wp\/v2\/product"}],"about":[{"href":"https:\/\/stoic-curie.212-227-153-4.plesk.page\/hr\/wp-json\/wp\/v2\/types\/product"}],"replies":[{"embeddable":true,"href":"https:\/\/stoic-curie.212-227-153-4.plesk.page\/hr\/wp-json\/wp\/v2\/comments?post=5756469"}],"version-history":[{"count":0,"href":"https:\/\/stoic-curie.212-227-153-4.plesk.page\/hr\/wp-json\/wp\/v2\/product\/5756469\/revisions"}],"wp:featuredmedia":[{"embeddable":true,"href":"https:\/\/stoic-curie.212-227-153-4.plesk.page\/hr\/wp-json\/wp\/v2\/media\/5753719"}],"wp:attachment":[{"href":"https:\/\/stoic-curie.212-227-153-4.plesk.page\/hr\/wp-json\/wp\/v2\/media?parent=5756469"}],"wp:term":[{"taxonomy":"product_brand","embeddable":true,"href":"https:\/\/stoic-curie.212-227-153-4.plesk.page\/hr\/wp-json\/wp\/v2\/product_brand?post=5756469"},{"taxonomy":"product_cat","embeddable":true,"href":"https:\/\/stoic-curie.212-227-153-4.plesk.page\/hr\/wp-json\/wp\/v2\/product_cat?post=5756469"},{"taxonomy":"product_tag","embeddable":true,"href":"https:\/\/stoic-curie.212-227-153-4.plesk.page\/hr\/wp-json\/wp\/v2\/product_tag?post=5756469"}],"curies":[{"name":"wp","href":"https:\/\/api.w.org\/{rel}","templated":true}]}}