{"id":5756470,"date":"2026-02-12T13:50:07","date_gmt":"2026-02-12T12:50:07","guid":{"rendered":"https:\/\/stoic-curie.212-227-153-4.plesk.page\/product\/musto-evo-deck-sortsevi-velicina-48-32-crni\/"},"modified":"2026-02-25T00:01:49","modified_gmt":"2026-02-25T00:01:49","slug":"musto-evo-deck-sortsevi-velicina-48-32-crni","status":"publish","type":"product","link":"https:\/\/stoic-curie.212-227-153-4.plesk.page\/hr\/product\/musto-evo-deck-sortsevi-velicina-48-32-crni\/","title":{"rendered":"Musto Evo Deck \u0160ortsevi Veli\u010dina 48 (32) &#8211; Crni"},"content":{"rendered":"<p>Musto Evo Deck \u0160ortsevi Veli\u010dina 48 (32) &#8211; Crni &#8211; <\/p>\n<p>Musto Evo Deck \u0161ortsevi izra\u0111eni su od izdr\u017eljivog, laganog i brzo su\u0161e\u0107eg 2-smjernog rastezljivog materijala, koji omogu\u0107uje potpunu slobodu kretanja i udobnost. Zna\u010dajke uklju\u010duju zatvaranje na patentni zatvara\u010d i dugme, petlje za pojas, reflektiraju\u0107i logotip, prednje d\u017eepove, stra\u017enji d\u017eep i prednji d\u017eep sa zatvara\u010dem. Ovi \u0161ortsevi pru\u017eaju za\u0161titu od UV zraka UPF50.<\/p>\n","protected":false},"excerpt":{"rendered":"<p>Musto Evo Deck \u0160ortsevi Veli\u010dina 48 (32) &#8211; Crni &#8211; Musto Evo Deck \u0161ortsevi izra\u0111eni su od izdr\u017eljivog, laganog i<\/p>\n","protected":false},"featured_media":5753719,"comment_status":"open","ping_status":"closed","template":"","meta":[],"product_brand":[3156],"product_cat":[1854],"product_tag":[],"class_list":{"0":"post-5756470","1":"product","2":"type-product","3":"status-publish","4":"has-post-thumbnail","6":"product_brand-musto-hr","7":"product_cat-jedrilicarska-odjeca-musto","9":"first","10":"instock","11":"shipping-taxable","12":"purchasable","13":"product-type-simple"},"_links":{"self":[{"href":"https:\/\/stoic-curie.212-227-153-4.plesk.page\/hr\/wp-json\/wp\/v2\/product\/5756470","targetHints":{"allow":["GET"]}}],"collection":[{"href":"https:\/\/stoic-curie.212-227-153-4.plesk.page\/hr\/wp-json\/wp\/v2\/product"}],"about":[{"href":"https:\/\/stoic-curie.212-227-153-4.plesk.page\/hr\/wp-json\/wp\/v2\/types\/product"}],"replies":[{"embeddable":true,"href":"https:\/\/stoic-curie.212-227-153-4.plesk.page\/hr\/wp-json\/wp\/v2\/comments?post=5756470"}],"version-history":[{"count":0,"href":"https:\/\/stoic-curie.212-227-153-4.plesk.page\/hr\/wp-json\/wp\/v2\/product\/5756470\/revisions"}],"wp:featuredmedia":[{"embeddable":true,"href":"https:\/\/stoic-curie.212-227-153-4.plesk.page\/hr\/wp-json\/wp\/v2\/media\/5753719"}],"wp:attachment":[{"href":"https:\/\/stoic-curie.212-227-153-4.plesk.page\/hr\/wp-json\/wp\/v2\/media?parent=5756470"}],"wp:term":[{"taxonomy":"product_brand","embeddable":true,"href":"https:\/\/stoic-curie.212-227-153-4.plesk.page\/hr\/wp-json\/wp\/v2\/product_brand?post=5756470"},{"taxonomy":"product_cat","embeddable":true,"href":"https:\/\/stoic-curie.212-227-153-4.plesk.page\/hr\/wp-json\/wp\/v2\/product_cat?post=5756470"},{"taxonomy":"product_tag","embeddable":true,"href":"https:\/\/stoic-curie.212-227-153-4.plesk.page\/hr\/wp-json\/wp\/v2\/product_tag?post=5756470"}],"curies":[{"name":"wp","href":"https:\/\/api.w.org\/{rel}","templated":true}]}}