{"id":5756474,"date":"2026-02-12T13:50:10","date_gmt":"2026-02-12T12:50:10","guid":{"rendered":"https:\/\/stoic-curie.212-227-153-4.plesk.page\/product\/musto-evo-deck-shorts-velicina-56-40-crna\/"},"modified":"2026-02-25T00:01:49","modified_gmt":"2026-02-25T00:01:49","slug":"musto-evo-deck-shorts-velicina-56-40-crna","status":"publish","type":"product","link":"https:\/\/stoic-curie.212-227-153-4.plesk.page\/hr\/product\/musto-evo-deck-shorts-velicina-56-40-crna\/","title":{"rendered":"Musto Evo Deck Shorts Veli\u010dina 56 (40) &#8211; Crna"},"content":{"rendered":"<p>Musto Evo Deck Shorts Veli\u010dina 56 (40) &#8211; Crna &#8211; <\/p>\n<p>Musto Evo Deck \u0161ortsevi izra\u0111eni su od laganog, brzo su\u0161e\u0107eg i izdr\u017eljivog 2-smjernog rastezljivog materijala koji pru\u017ea izvanrednu slobodu kretanja i udobnost. Zna\u010dajke uklju\u010duju rajsfer\u0161lus s kop\u010danjem na gumb, remenske petlje, reflektiraju\u0107i logo, bo\u010dne d\u017eepove, stra\u017enji d\u017eep i prednji d\u017eep s rajsfer\u0161lusom. Ovi \u0161ortsevi tako\u0111er nude UPF50 za\u0161titu od UV zraka. <a>Kliknite ovdje za provjeru to\u010dne veli\u010dine.<\/a><\/p>\n","protected":false},"excerpt":{"rendered":"<p>Musto Evo Deck Shorts Veli\u010dina 56 (40) &#8211; Crna &#8211; Musto Evo Deck \u0161ortsevi izra\u0111eni su od laganog, brzo su\u0161e\u0107eg<\/p>\n","protected":false},"featured_media":5753719,"comment_status":"open","ping_status":"closed","template":"","meta":[],"product_brand":[3156],"product_cat":[1854],"product_tag":[],"class_list":{"0":"post-5756474","1":"product","2":"type-product","3":"status-publish","4":"has-post-thumbnail","6":"product_brand-musto-hr","7":"product_cat-jedrilicarska-odjeca-musto","9":"first","10":"instock","11":"shipping-taxable","12":"purchasable","13":"product-type-simple"},"_links":{"self":[{"href":"https:\/\/stoic-curie.212-227-153-4.plesk.page\/hr\/wp-json\/wp\/v2\/product\/5756474","targetHints":{"allow":["GET"]}}],"collection":[{"href":"https:\/\/stoic-curie.212-227-153-4.plesk.page\/hr\/wp-json\/wp\/v2\/product"}],"about":[{"href":"https:\/\/stoic-curie.212-227-153-4.plesk.page\/hr\/wp-json\/wp\/v2\/types\/product"}],"replies":[{"embeddable":true,"href":"https:\/\/stoic-curie.212-227-153-4.plesk.page\/hr\/wp-json\/wp\/v2\/comments?post=5756474"}],"version-history":[{"count":0,"href":"https:\/\/stoic-curie.212-227-153-4.plesk.page\/hr\/wp-json\/wp\/v2\/product\/5756474\/revisions"}],"wp:featuredmedia":[{"embeddable":true,"href":"https:\/\/stoic-curie.212-227-153-4.plesk.page\/hr\/wp-json\/wp\/v2\/media\/5753719"}],"wp:attachment":[{"href":"https:\/\/stoic-curie.212-227-153-4.plesk.page\/hr\/wp-json\/wp\/v2\/media?parent=5756474"}],"wp:term":[{"taxonomy":"product_brand","embeddable":true,"href":"https:\/\/stoic-curie.212-227-153-4.plesk.page\/hr\/wp-json\/wp\/v2\/product_brand?post=5756474"},{"taxonomy":"product_cat","embeddable":true,"href":"https:\/\/stoic-curie.212-227-153-4.plesk.page\/hr\/wp-json\/wp\/v2\/product_cat?post=5756474"},{"taxonomy":"product_tag","embeddable":true,"href":"https:\/\/stoic-curie.212-227-153-4.plesk.page\/hr\/wp-json\/wp\/v2\/product_tag?post=5756474"}],"curies":[{"name":"wp","href":"https:\/\/api.w.org\/{rel}","templated":true}]}}