{"id":5756477,"date":"2026-02-12T13:50:13","date_gmt":"2026-02-12T12:50:13","guid":{"rendered":"https:\/\/stoic-curie.212-227-153-4.plesk.page\/product\/musto-evo-deck-sortsevi-za-zene-velicina-l-mornarsko-plava\/"},"modified":"2026-02-25T00:01:49","modified_gmt":"2026-02-25T00:01:49","slug":"musto-evo-deck-sortsevi-za-zene-velicina-l-mornarsko-plava","status":"publish","type":"product","link":"https:\/\/stoic-curie.212-227-153-4.plesk.page\/hr\/product\/musto-evo-deck-sortsevi-za-zene-velicina-l-mornarsko-plava\/","title":{"rendered":"Musto Evo Deck \u0160ortsevi za \u017dene &#8211; Veli\u010dina L &#8211; Mornarsko Plava"},"content":{"rendered":"<p>Musto Evo Deck \u0160ortsevi za \u017dene &#8211; Veli\u010dina L &#8211; Mornarsko Plava &#8211; <\/p>\n<p>Musto Evo Deck \u0161ortsevi su izra\u0111eni od laganog, brzo su\u0161e\u0107eg i izdr\u017eljivog 2-smjernog rastezljivog materijala koji omogu\u0107uje potpunu slobodu kretanja i udobnost. S zatvara\u010dem i kop\u010danjem na gumb, petljama za pojas, reflektiraju\u0107im logotipom, prednjim d\u017eepovima, stra\u017enjim d\u017eepom i prednjim d\u017eepom sa zatvara\u010dem. Pru\u017ea UV za\u0161titu s UPF50. Kliknite ovdje da provjerite to\u010dnu veli\u010dinu:<\/p>\n","protected":false},"excerpt":{"rendered":"<p>Musto Evo Deck \u0160ortsevi za \u017dene &#8211; Veli\u010dina L &#8211; Mornarsko Plava &#8211; Musto Evo Deck \u0161ortsevi su izra\u0111eni od<\/p>\n","protected":false},"featured_media":5753839,"comment_status":"open","ping_status":"closed","template":"","meta":[],"product_brand":[3156],"product_cat":[1854],"product_tag":[],"class_list":{"0":"post-5756477","1":"product","2":"type-product","3":"status-publish","4":"has-post-thumbnail","6":"product_brand-musto-hr","7":"product_cat-jedrilicarska-odjeca-musto","9":"first","10":"instock","11":"shipping-taxable","12":"purchasable","13":"product-type-simple"},"_links":{"self":[{"href":"https:\/\/stoic-curie.212-227-153-4.plesk.page\/hr\/wp-json\/wp\/v2\/product\/5756477","targetHints":{"allow":["GET"]}}],"collection":[{"href":"https:\/\/stoic-curie.212-227-153-4.plesk.page\/hr\/wp-json\/wp\/v2\/product"}],"about":[{"href":"https:\/\/stoic-curie.212-227-153-4.plesk.page\/hr\/wp-json\/wp\/v2\/types\/product"}],"replies":[{"embeddable":true,"href":"https:\/\/stoic-curie.212-227-153-4.plesk.page\/hr\/wp-json\/wp\/v2\/comments?post=5756477"}],"version-history":[{"count":0,"href":"https:\/\/stoic-curie.212-227-153-4.plesk.page\/hr\/wp-json\/wp\/v2\/product\/5756477\/revisions"}],"wp:featuredmedia":[{"embeddable":true,"href":"https:\/\/stoic-curie.212-227-153-4.plesk.page\/hr\/wp-json\/wp\/v2\/media\/5753839"}],"wp:attachment":[{"href":"https:\/\/stoic-curie.212-227-153-4.plesk.page\/hr\/wp-json\/wp\/v2\/media?parent=5756477"}],"wp:term":[{"taxonomy":"product_brand","embeddable":true,"href":"https:\/\/stoic-curie.212-227-153-4.plesk.page\/hr\/wp-json\/wp\/v2\/product_brand?post=5756477"},{"taxonomy":"product_cat","embeddable":true,"href":"https:\/\/stoic-curie.212-227-153-4.plesk.page\/hr\/wp-json\/wp\/v2\/product_cat?post=5756477"},{"taxonomy":"product_tag","embeddable":true,"href":"https:\/\/stoic-curie.212-227-153-4.plesk.page\/hr\/wp-json\/wp\/v2\/product_tag?post=5756477"}],"curies":[{"name":"wp","href":"https:\/\/api.w.org\/{rel}","templated":true}]}}