{"id":5756480,"date":"2026-02-12T13:50:15","date_gmt":"2026-02-12T12:50:15","guid":{"rendered":"https:\/\/stoic-curie.212-227-153-4.plesk.page\/product\/musto-evo-deck-sorts-za-zene-velicina-l-bez\/"},"modified":"2026-02-25T00:01:49","modified_gmt":"2026-02-25T00:01:49","slug":"musto-evo-deck-sorts-za-zene-velicina-l-bez","status":"publish","type":"product","link":"https:\/\/stoic-curie.212-227-153-4.plesk.page\/hr\/product\/musto-evo-deck-sorts-za-zene-velicina-l-bez\/","title":{"rendered":"Musto Evo Deck \u0160orts za \u017eene &#8211; Veli\u010dina L &#8211; Be\u017e"},"content":{"rendered":"<p>Musto Evo Deck \u0160orts za \u017eene &#8211; Veli\u010dina L &#8211; Be\u017e &#8211; <\/p>\n<p>Musto Evo Deck \u0161orts su izra\u0111eni od laganog, brzo su\u0161e\u0107eg i izdr\u017eljivog 2-smjernog rastezljivog materijala koji pru\u017ea potpunu slobodu kretanja i izvanrednu udobnost. Sadr\u017ee zatvara\u010d s dugmetom, petlje za remen, reflektiraju\u0107i logo, d\u017eepove za ruke, stra\u017enji d\u017eep i prednji d\u017eep s patentnim zatvara\u010dem. Ovi \u0161orts tako\u0111er nude za\u0161titu od UV zraka UPF50.<\/p>\n<p>Kliknite ovdje za provjeru to\u010dne veli\u010dine:<\/p>\n","protected":false},"excerpt":{"rendered":"<p>Musto Evo Deck \u0160orts za \u017eene &#8211; Veli\u010dina L &#8211; Be\u017e &#8211; Musto Evo Deck \u0161orts su izra\u0111eni od laganog,<\/p>\n","protected":false},"featured_media":5753839,"comment_status":"open","ping_status":"closed","template":"","meta":[],"product_brand":[3156],"product_cat":[1854],"product_tag":[],"class_list":{"0":"post-5756480","1":"product","2":"type-product","3":"status-publish","4":"has-post-thumbnail","6":"product_brand-musto-hr","7":"product_cat-jedrilicarska-odjeca-musto","9":"first","10":"instock","11":"shipping-taxable","12":"purchasable","13":"product-type-simple"},"_links":{"self":[{"href":"https:\/\/stoic-curie.212-227-153-4.plesk.page\/hr\/wp-json\/wp\/v2\/product\/5756480","targetHints":{"allow":["GET"]}}],"collection":[{"href":"https:\/\/stoic-curie.212-227-153-4.plesk.page\/hr\/wp-json\/wp\/v2\/product"}],"about":[{"href":"https:\/\/stoic-curie.212-227-153-4.plesk.page\/hr\/wp-json\/wp\/v2\/types\/product"}],"replies":[{"embeddable":true,"href":"https:\/\/stoic-curie.212-227-153-4.plesk.page\/hr\/wp-json\/wp\/v2\/comments?post=5756480"}],"version-history":[{"count":0,"href":"https:\/\/stoic-curie.212-227-153-4.plesk.page\/hr\/wp-json\/wp\/v2\/product\/5756480\/revisions"}],"wp:featuredmedia":[{"embeddable":true,"href":"https:\/\/stoic-curie.212-227-153-4.plesk.page\/hr\/wp-json\/wp\/v2\/media\/5753839"}],"wp:attachment":[{"href":"https:\/\/stoic-curie.212-227-153-4.plesk.page\/hr\/wp-json\/wp\/v2\/media?parent=5756480"}],"wp:term":[{"taxonomy":"product_brand","embeddable":true,"href":"https:\/\/stoic-curie.212-227-153-4.plesk.page\/hr\/wp-json\/wp\/v2\/product_brand?post=5756480"},{"taxonomy":"product_cat","embeddable":true,"href":"https:\/\/stoic-curie.212-227-153-4.plesk.page\/hr\/wp-json\/wp\/v2\/product_cat?post=5756480"},{"taxonomy":"product_tag","embeddable":true,"href":"https:\/\/stoic-curie.212-227-153-4.plesk.page\/hr\/wp-json\/wp\/v2\/product_tag?post=5756480"}],"curies":[{"name":"wp","href":"https:\/\/api.w.org\/{rel}","templated":true}]}}