{"id":5756490,"date":"2026-02-12T13:50:22","date_gmt":"2026-02-12T12:50:22","guid":{"rendered":"https:\/\/stoic-curie.212-227-153-4.plesk.page\/product\/musto-evolution-sunblock-2-0-majica-s-dugim-rukavima-velicina-m-mornarcka-plava\/"},"modified":"2026-02-25T00:01:49","modified_gmt":"2026-02-25T00:01:49","slug":"musto-evolution-sunblock-2-0-majica-s-dugim-rukavima-velicina-m-mornarcka-plava","status":"publish","type":"product","link":"https:\/\/stoic-curie.212-227-153-4.plesk.page\/hr\/product\/musto-evolution-sunblock-2-0-majica-s-dugim-rukavima-velicina-m-mornarcka-plava\/","title":{"rendered":"Musto Evolution Sunblock 2.0 Majica s Dugim Rukavima &#8211; Veli\u010dina M &#8211; Mornar\u010dka Plava"},"content":{"rendered":"<p>Musto Evolution Sunblock 2.0 Majica s Dugim Rukavima &#8211; Veli\u010dina M &#8211; Mornar\u010dka Plava &#8211; <\/p>\n<p>Musto Evolution Sunblock majica s dugim rukavima je napravljena od UPF40 poliestera i elastana, pru\u017eaju\u0107i maksimalnu za\u0161titu tijekom jake izlo\u017eenosti suncu. Ravne \u0161avove jedva da osjetite na ko\u017ei, \u0161to osigurava iznimnu udobnost. Kliknite ovdje da provjerite to\u010dnu veli\u010dinu:<\/p>\n","protected":false},"excerpt":{"rendered":"<p>Musto Evolution Sunblock 2.0 Majica s Dugim Rukavima &#8211; Veli\u010dina M &#8211; Mornar\u010dka Plava &#8211; Musto Evolution Sunblock majica s<\/p>\n","protected":false},"featured_media":5753921,"comment_status":"open","ping_status":"closed","template":"","meta":[],"product_brand":[3156],"product_cat":[1854],"product_tag":[],"class_list":{"0":"post-5756490","1":"product","2":"type-product","3":"status-publish","4":"has-post-thumbnail","6":"product_brand-musto-hr","7":"product_cat-jedrilicarska-odjeca-musto","9":"first","10":"instock","11":"shipping-taxable","12":"purchasable","13":"product-type-simple"},"_links":{"self":[{"href":"https:\/\/stoic-curie.212-227-153-4.plesk.page\/hr\/wp-json\/wp\/v2\/product\/5756490","targetHints":{"allow":["GET"]}}],"collection":[{"href":"https:\/\/stoic-curie.212-227-153-4.plesk.page\/hr\/wp-json\/wp\/v2\/product"}],"about":[{"href":"https:\/\/stoic-curie.212-227-153-4.plesk.page\/hr\/wp-json\/wp\/v2\/types\/product"}],"replies":[{"embeddable":true,"href":"https:\/\/stoic-curie.212-227-153-4.plesk.page\/hr\/wp-json\/wp\/v2\/comments?post=5756490"}],"version-history":[{"count":0,"href":"https:\/\/stoic-curie.212-227-153-4.plesk.page\/hr\/wp-json\/wp\/v2\/product\/5756490\/revisions"}],"wp:featuredmedia":[{"embeddable":true,"href":"https:\/\/stoic-curie.212-227-153-4.plesk.page\/hr\/wp-json\/wp\/v2\/media\/5753921"}],"wp:attachment":[{"href":"https:\/\/stoic-curie.212-227-153-4.plesk.page\/hr\/wp-json\/wp\/v2\/media?parent=5756490"}],"wp:term":[{"taxonomy":"product_brand","embeddable":true,"href":"https:\/\/stoic-curie.212-227-153-4.plesk.page\/hr\/wp-json\/wp\/v2\/product_brand?post=5756490"},{"taxonomy":"product_cat","embeddable":true,"href":"https:\/\/stoic-curie.212-227-153-4.plesk.page\/hr\/wp-json\/wp\/v2\/product_cat?post=5756490"},{"taxonomy":"product_tag","embeddable":true,"href":"https:\/\/stoic-curie.212-227-153-4.plesk.page\/hr\/wp-json\/wp\/v2\/product_tag?post=5756490"}],"curies":[{"name":"wp","href":"https:\/\/api.w.org\/{rel}","templated":true}]}}