{"id":5756498,"date":"2026-02-12T13:50:28","date_gmt":"2026-02-12T12:50:28","guid":{"rendered":"https:\/\/stoic-curie.212-227-153-4.plesk.page\/product\/musto-suha-cijevna-torba-2-0-kapacitet-20l\/"},"modified":"2026-02-25T00:01:49","modified_gmt":"2026-02-25T00:01:49","slug":"musto-suha-cijevna-torba-2-0-kapacitet-20l","status":"publish","type":"product","link":"https:\/\/stoic-curie.212-227-153-4.plesk.page\/hr\/product\/musto-suha-cijevna-torba-2-0-kapacitet-20l\/","title":{"rendered":"Musto Suha Cijevna Torba 2.0 &#8211; Kapacitet 20L"},"content":{"rendered":"<p>Musto Suha Cijevna Torba 2.0 &#8211; Kapacitet 20L &#8211; <\/p>\n<p>Musto vodootporna suha cijevna torba ima prakti\u010dnu kop\u010du koja slu\u017ei i kao ru\u010dka, prozirni prozor sprijeda za lako lociranje va\u0161ih stvari i uklonjivu naramenicu za lak\u0161e no\u0161enje.<\/p>\n","protected":false},"excerpt":{"rendered":"<p>Musto Suha Cijevna Torba 2.0 &#8211; Kapacitet 20L &#8211; Musto vodootporna suha cijevna torba ima prakti\u010dnu kop\u010du koja slu\u017ei i<\/p>\n","protected":false},"featured_media":5753978,"comment_status":"open","ping_status":"closed","template":"","meta":[],"product_brand":[3156],"product_cat":[1855],"product_tag":[],"class_list":{"0":"post-5756498","1":"product","2":"type-product","3":"status-publish","4":"has-post-thumbnail","6":"product_brand-musto-hr","7":"product_cat-suhe-torbe","9":"first","10":"instock","11":"shipping-taxable","12":"purchasable","13":"product-type-simple"},"_links":{"self":[{"href":"https:\/\/stoic-curie.212-227-153-4.plesk.page\/hr\/wp-json\/wp\/v2\/product\/5756498","targetHints":{"allow":["GET"]}}],"collection":[{"href":"https:\/\/stoic-curie.212-227-153-4.plesk.page\/hr\/wp-json\/wp\/v2\/product"}],"about":[{"href":"https:\/\/stoic-curie.212-227-153-4.plesk.page\/hr\/wp-json\/wp\/v2\/types\/product"}],"replies":[{"embeddable":true,"href":"https:\/\/stoic-curie.212-227-153-4.plesk.page\/hr\/wp-json\/wp\/v2\/comments?post=5756498"}],"version-history":[{"count":0,"href":"https:\/\/stoic-curie.212-227-153-4.plesk.page\/hr\/wp-json\/wp\/v2\/product\/5756498\/revisions"}],"wp:featuredmedia":[{"embeddable":true,"href":"https:\/\/stoic-curie.212-227-153-4.plesk.page\/hr\/wp-json\/wp\/v2\/media\/5753978"}],"wp:attachment":[{"href":"https:\/\/stoic-curie.212-227-153-4.plesk.page\/hr\/wp-json\/wp\/v2\/media?parent=5756498"}],"wp:term":[{"taxonomy":"product_brand","embeddable":true,"href":"https:\/\/stoic-curie.212-227-153-4.plesk.page\/hr\/wp-json\/wp\/v2\/product_brand?post=5756498"},{"taxonomy":"product_cat","embeddable":true,"href":"https:\/\/stoic-curie.212-227-153-4.plesk.page\/hr\/wp-json\/wp\/v2\/product_cat?post=5756498"},{"taxonomy":"product_tag","embeddable":true,"href":"https:\/\/stoic-curie.212-227-153-4.plesk.page\/hr\/wp-json\/wp\/v2\/product_tag?post=5756498"}],"curies":[{"name":"wp","href":"https:\/\/api.w.org\/{rel}","templated":true}]}}