{"id":5756499,"date":"2026-02-12T13:50:28","date_gmt":"2026-02-12T12:50:28","guid":{"rendered":"https:\/\/stoic-curie.212-227-153-4.plesk.page\/product\/musto-osnovne-jedrilicarske-rukavice-2-0-prst-3-4-velicina-xs\/"},"modified":"2026-02-25T00:01:49","modified_gmt":"2026-02-25T00:01:49","slug":"musto-osnovne-jedrilicarske-rukavice-2-0-prst-3-4-velicina-xs","status":"publish","type":"product","link":"https:\/\/stoic-curie.212-227-153-4.plesk.page\/hr\/product\/musto-osnovne-jedrilicarske-rukavice-2-0-prst-3-4-velicina-xs\/","title":{"rendered":"Musto Osnovne Jedrili\u010darske Rukavice 2.0 (Prst 3\/4) &#8211; Veli\u010dina XS"},"content":{"rendered":"<p>Musto Osnovne Jedrili\u010darske Rukavice 2.0 (Prst 3\/4) &#8211; Veli\u010dina XS &#8211; <\/p>\n<p>Musto osnovne jedrili\u010darske rukavice imaju konstrukciju od 4-smjernog rastezljivog mre\u017eastog materijala koja osigurava prozra\u010dnost, anatomski udobnost i potpunu slobodu pokreta. Strate\u0161ki paneli za za\u0161titu pove\u0107avaju izdr\u017eljivost, dok oversized Velcro zatvaranje oko zape\u0161\u0107a pru\u017ea izvanrednu zadr\u017eavanje topline i prilago\u0111eno pristajanje. Kliknite ovdje za provjeru to\u010dne veli\u010dine:<\/p>\n","protected":false},"excerpt":{"rendered":"<p>Musto Osnovne Jedrili\u010darske Rukavice 2.0 (Prst 3\/4) &#8211; Veli\u010dina XS &#8211; Musto osnovne jedrili\u010darske rukavice imaju konstrukciju od 4-smjernog rastezljivog<\/p>\n","protected":false},"featured_media":5753990,"comment_status":"open","ping_status":"closed","template":"","meta":[],"product_brand":[3156],"product_cat":[1858],"product_tag":[],"class_list":{"0":"post-5756499","1":"product","2":"type-product","3":"status-publish","4":"has-post-thumbnail","6":"product_brand-musto-hr","7":"product_cat-rukavice-za-jedrenje","9":"first","10":"instock","11":"shipping-taxable","12":"purchasable","13":"product-type-simple"},"_links":{"self":[{"href":"https:\/\/stoic-curie.212-227-153-4.plesk.page\/hr\/wp-json\/wp\/v2\/product\/5756499","targetHints":{"allow":["GET"]}}],"collection":[{"href":"https:\/\/stoic-curie.212-227-153-4.plesk.page\/hr\/wp-json\/wp\/v2\/product"}],"about":[{"href":"https:\/\/stoic-curie.212-227-153-4.plesk.page\/hr\/wp-json\/wp\/v2\/types\/product"}],"replies":[{"embeddable":true,"href":"https:\/\/stoic-curie.212-227-153-4.plesk.page\/hr\/wp-json\/wp\/v2\/comments?post=5756499"}],"version-history":[{"count":0,"href":"https:\/\/stoic-curie.212-227-153-4.plesk.page\/hr\/wp-json\/wp\/v2\/product\/5756499\/revisions"}],"wp:featuredmedia":[{"embeddable":true,"href":"https:\/\/stoic-curie.212-227-153-4.plesk.page\/hr\/wp-json\/wp\/v2\/media\/5753990"}],"wp:attachment":[{"href":"https:\/\/stoic-curie.212-227-153-4.plesk.page\/hr\/wp-json\/wp\/v2\/media?parent=5756499"}],"wp:term":[{"taxonomy":"product_brand","embeddable":true,"href":"https:\/\/stoic-curie.212-227-153-4.plesk.page\/hr\/wp-json\/wp\/v2\/product_brand?post=5756499"},{"taxonomy":"product_cat","embeddable":true,"href":"https:\/\/stoic-curie.212-227-153-4.plesk.page\/hr\/wp-json\/wp\/v2\/product_cat?post=5756499"},{"taxonomy":"product_tag","embeddable":true,"href":"https:\/\/stoic-curie.212-227-153-4.plesk.page\/hr\/wp-json\/wp\/v2\/product_tag?post=5756499"}],"curies":[{"name":"wp","href":"https:\/\/api.w.org\/{rel}","templated":true}]}}