{"id":5756502,"date":"2026-02-12T13:50:30","date_gmt":"2026-02-12T12:50:30","guid":{"rendered":"https:\/\/stoic-curie.212-227-153-4.plesk.page\/product\/musto-essencijalne-jedrilicarske-rukavice-2-0-prsti-3-4-velicina-l\/"},"modified":"2026-02-25T00:01:49","modified_gmt":"2026-02-25T00:01:49","slug":"musto-essencijalne-jedrilicarske-rukavice-2-0-prsti-3-4-velicina-l","status":"publish","type":"product","link":"https:\/\/stoic-curie.212-227-153-4.plesk.page\/hr\/product\/musto-essencijalne-jedrilicarske-rukavice-2-0-prsti-3-4-velicina-l\/","title":{"rendered":"Musto Essencijalne Jedrili\u010darske Rukavice 2.0 Prsti 3\/4 Veli\u010dina L"},"content":{"rendered":"<p>Musto Essencijalne Jedrili\u010darske Rukavice 2.0 Prsti 3\/4 Veli\u010dina L &#8211; <\/p>\n<p>Musto Essencijalne Jedrili\u010darske Rukavice imaju konstrukciju od dinami\u010dne mre\u017ee koja se prote\u017ee u 4 smjera, osiguravaju\u0107i prozra\u010dnost, anatomski komfor i potpunu slobodu kretanja. Strate\u0161ki paneli za\u0161tite dodaju izdr\u017eljivost, dok prekomjerni \u010di\u010dak zatvara\u010di na zape\u0161\u0107u osiguravaju zadr\u017eavanje topline i prilago\u0111eno pristajanje. Kliknite ovdje da biste provjerili to\u010dnu veli\u010dinu:<\/p>\n","protected":false},"excerpt":{"rendered":"<p>Musto Essencijalne Jedrili\u010darske Rukavice 2.0 Prsti 3\/4 Veli\u010dina L &#8211; Musto Essencijalne Jedrili\u010darske Rukavice imaju konstrukciju od dinami\u010dne mre\u017ee koja<\/p>\n","protected":false},"featured_media":5753990,"comment_status":"open","ping_status":"closed","template":"","meta":[],"product_brand":[3156],"product_cat":[1858],"product_tag":[],"class_list":{"0":"post-5756502","1":"product","2":"type-product","3":"status-publish","4":"has-post-thumbnail","6":"product_brand-musto-hr","7":"product_cat-rukavice-za-jedrenje","9":"first","10":"instock","11":"shipping-taxable","12":"purchasable","13":"product-type-simple"},"_links":{"self":[{"href":"https:\/\/stoic-curie.212-227-153-4.plesk.page\/hr\/wp-json\/wp\/v2\/product\/5756502","targetHints":{"allow":["GET"]}}],"collection":[{"href":"https:\/\/stoic-curie.212-227-153-4.plesk.page\/hr\/wp-json\/wp\/v2\/product"}],"about":[{"href":"https:\/\/stoic-curie.212-227-153-4.plesk.page\/hr\/wp-json\/wp\/v2\/types\/product"}],"replies":[{"embeddable":true,"href":"https:\/\/stoic-curie.212-227-153-4.plesk.page\/hr\/wp-json\/wp\/v2\/comments?post=5756502"}],"version-history":[{"count":0,"href":"https:\/\/stoic-curie.212-227-153-4.plesk.page\/hr\/wp-json\/wp\/v2\/product\/5756502\/revisions"}],"wp:featuredmedia":[{"embeddable":true,"href":"https:\/\/stoic-curie.212-227-153-4.plesk.page\/hr\/wp-json\/wp\/v2\/media\/5753990"}],"wp:attachment":[{"href":"https:\/\/stoic-curie.212-227-153-4.plesk.page\/hr\/wp-json\/wp\/v2\/media?parent=5756502"}],"wp:term":[{"taxonomy":"product_brand","embeddable":true,"href":"https:\/\/stoic-curie.212-227-153-4.plesk.page\/hr\/wp-json\/wp\/v2\/product_brand?post=5756502"},{"taxonomy":"product_cat","embeddable":true,"href":"https:\/\/stoic-curie.212-227-153-4.plesk.page\/hr\/wp-json\/wp\/v2\/product_cat?post=5756502"},{"taxonomy":"product_tag","embeddable":true,"href":"https:\/\/stoic-curie.212-227-153-4.plesk.page\/hr\/wp-json\/wp\/v2\/product_tag?post=5756502"}],"curies":[{"name":"wp","href":"https:\/\/api.w.org\/{rel}","templated":true}]}}