{"id":5756503,"date":"2026-02-12T13:50:31","date_gmt":"2026-02-12T12:50:31","guid":{"rendered":"https:\/\/stoic-curie.212-227-153-4.plesk.page\/product\/musto-esencijalne-jedrilicarske-rukavice-2-0-prst-3-4-velicina-xl\/"},"modified":"2026-02-25T00:01:49","modified_gmt":"2026-02-25T00:01:49","slug":"musto-esencijalne-jedrilicarske-rukavice-2-0-prst-3-4-velicina-xl","status":"publish","type":"product","link":"https:\/\/stoic-curie.212-227-153-4.plesk.page\/hr\/product\/musto-esencijalne-jedrilicarske-rukavice-2-0-prst-3-4-velicina-xl\/","title":{"rendered":"Musto Esencijalne Jedrili\u010darske Rukavice 2.0 Prst 3\/4 Veli\u010dina XL"},"content":{"rendered":"<p>Musto Esencijalne Jedrili\u010darske Rukavice 2.0 Prst 3\/4 Veli\u010dina XL &#8211; <\/p>\n<p>Musto esencijalne jedrili\u010darske rukavice imaju konstrukciju od dinami\u010dne mre\u017ee koja se prote\u017ee u 4 smjera, osiguravaju\u0107i prozra\u010dnu, anatomski udobnu i potpunu slobodu kretanja. Strate\u0161ki postavljene za\u0161titne panele pove\u0107avaju izdr\u017eljivost, dok prevelike \u010di\u010dak zatvara\u010de na zape\u0161\u0107u osiguravaju zadr\u017eavanje topline i prilago\u0111eno pristajanje. Kliknite ovdje da biste provjerili to\u010dnu veli\u010dinu:<\/p>\n","protected":false},"excerpt":{"rendered":"<p>Musto Esencijalne Jedrili\u010darske Rukavice 2.0 Prst 3\/4 Veli\u010dina XL &#8211; Musto esencijalne jedrili\u010darske rukavice imaju konstrukciju od dinami\u010dne mre\u017ee koja<\/p>\n","protected":false},"featured_media":5753990,"comment_status":"open","ping_status":"closed","template":"","meta":[],"product_brand":[3156],"product_cat":[1858],"product_tag":[],"class_list":{"0":"post-5756503","1":"product","2":"type-product","3":"status-publish","4":"has-post-thumbnail","6":"product_brand-musto-hr","7":"product_cat-rukavice-za-jedrenje","9":"first","10":"instock","11":"shipping-taxable","12":"purchasable","13":"product-type-simple"},"_links":{"self":[{"href":"https:\/\/stoic-curie.212-227-153-4.plesk.page\/hr\/wp-json\/wp\/v2\/product\/5756503","targetHints":{"allow":["GET"]}}],"collection":[{"href":"https:\/\/stoic-curie.212-227-153-4.plesk.page\/hr\/wp-json\/wp\/v2\/product"}],"about":[{"href":"https:\/\/stoic-curie.212-227-153-4.plesk.page\/hr\/wp-json\/wp\/v2\/types\/product"}],"replies":[{"embeddable":true,"href":"https:\/\/stoic-curie.212-227-153-4.plesk.page\/hr\/wp-json\/wp\/v2\/comments?post=5756503"}],"version-history":[{"count":0,"href":"https:\/\/stoic-curie.212-227-153-4.plesk.page\/hr\/wp-json\/wp\/v2\/product\/5756503\/revisions"}],"wp:featuredmedia":[{"embeddable":true,"href":"https:\/\/stoic-curie.212-227-153-4.plesk.page\/hr\/wp-json\/wp\/v2\/media\/5753990"}],"wp:attachment":[{"href":"https:\/\/stoic-curie.212-227-153-4.plesk.page\/hr\/wp-json\/wp\/v2\/media?parent=5756503"}],"wp:term":[{"taxonomy":"product_brand","embeddable":true,"href":"https:\/\/stoic-curie.212-227-153-4.plesk.page\/hr\/wp-json\/wp\/v2\/product_brand?post=5756503"},{"taxonomy":"product_cat","embeddable":true,"href":"https:\/\/stoic-curie.212-227-153-4.plesk.page\/hr\/wp-json\/wp\/v2\/product_cat?post=5756503"},{"taxonomy":"product_tag","embeddable":true,"href":"https:\/\/stoic-curie.212-227-153-4.plesk.page\/hr\/wp-json\/wp\/v2\/product_tag?post=5756503"}],"curies":[{"name":"wp","href":"https:\/\/api.w.org\/{rel}","templated":true}]}}