{"id":5756507,"date":"2026-02-12T13:50:33","date_gmt":"2026-02-12T12:50:33","guid":{"rendered":"https:\/\/stoic-curie.212-227-153-4.plesk.page\/product\/musto-osnovne-jedrilicarske-rukavice-2-0-puni-prst-velicina-m\/"},"modified":"2026-02-25T00:01:49","modified_gmt":"2026-02-25T00:01:49","slug":"musto-osnovne-jedrilicarske-rukavice-2-0-puni-prst-velicina-m","status":"publish","type":"product","link":"https:\/\/stoic-curie.212-227-153-4.plesk.page\/hr\/product\/musto-osnovne-jedrilicarske-rukavice-2-0-puni-prst-velicina-m\/","title":{"rendered":"Musto Osnovne Jedrili\u010darske Rukavice 2.0 Puni Prst Veli\u010dina M"},"content":{"rendered":"<p>Musto Osnovne Jedrili\u010darske Rukavice 2.0 Puni Prst Veli\u010dina M &#8211; <\/p>\n<p>Musto Osnovne Jedrili\u010darske Rukavice imaju 4-smjernu dinami\u010dku mre\u017enu konstrukciju, koja osigurava prozra\u010dnu i anatomski udobnu prilagodbu s potpunom slobodom pokreta. Strate\u0161ki za\u0161titni paneli pove\u0107avaju izdr\u017eljivost, dok prevelike \u010di\u010dak zatvara\u010de na zape\u0161\u0107u osiguravaju zadr\u017eavanje topline i prilago\u0111eni fit. Kliknite ovdje da provjerite to\u010dnu veli\u010dinu:<\/p>\n","protected":false},"excerpt":{"rendered":"<p>Musto Osnovne Jedrili\u010darske Rukavice 2.0 Puni Prst Veli\u010dina M &#8211; Musto Osnovne Jedrili\u010darske Rukavice imaju 4-smjernu dinami\u010dku mre\u017enu konstrukciju, koja<\/p>\n","protected":false},"featured_media":5753990,"comment_status":"open","ping_status":"closed","template":"","meta":[],"product_brand":[3156],"product_cat":[1858],"product_tag":[],"class_list":{"0":"post-5756507","1":"product","2":"type-product","3":"status-publish","4":"has-post-thumbnail","6":"product_brand-musto-hr","7":"product_cat-rukavice-za-jedrenje","9":"first","10":"instock","11":"shipping-taxable","12":"purchasable","13":"product-type-simple"},"_links":{"self":[{"href":"https:\/\/stoic-curie.212-227-153-4.plesk.page\/hr\/wp-json\/wp\/v2\/product\/5756507","targetHints":{"allow":["GET"]}}],"collection":[{"href":"https:\/\/stoic-curie.212-227-153-4.plesk.page\/hr\/wp-json\/wp\/v2\/product"}],"about":[{"href":"https:\/\/stoic-curie.212-227-153-4.plesk.page\/hr\/wp-json\/wp\/v2\/types\/product"}],"replies":[{"embeddable":true,"href":"https:\/\/stoic-curie.212-227-153-4.plesk.page\/hr\/wp-json\/wp\/v2\/comments?post=5756507"}],"version-history":[{"count":0,"href":"https:\/\/stoic-curie.212-227-153-4.plesk.page\/hr\/wp-json\/wp\/v2\/product\/5756507\/revisions"}],"wp:featuredmedia":[{"embeddable":true,"href":"https:\/\/stoic-curie.212-227-153-4.plesk.page\/hr\/wp-json\/wp\/v2\/media\/5753990"}],"wp:attachment":[{"href":"https:\/\/stoic-curie.212-227-153-4.plesk.page\/hr\/wp-json\/wp\/v2\/media?parent=5756507"}],"wp:term":[{"taxonomy":"product_brand","embeddable":true,"href":"https:\/\/stoic-curie.212-227-153-4.plesk.page\/hr\/wp-json\/wp\/v2\/product_brand?post=5756507"},{"taxonomy":"product_cat","embeddable":true,"href":"https:\/\/stoic-curie.212-227-153-4.plesk.page\/hr\/wp-json\/wp\/v2\/product_cat?post=5756507"},{"taxonomy":"product_tag","embeddable":true,"href":"https:\/\/stoic-curie.212-227-153-4.plesk.page\/hr\/wp-json\/wp\/v2\/product_tag?post=5756507"}],"curies":[{"name":"wp","href":"https:\/\/api.w.org\/{rel}","templated":true}]}}