{"id":5756512,"date":"2026-02-12T13:50:37","date_gmt":"2026-02-12T12:50:37","guid":{"rendered":"https:\/\/stoic-curie.212-227-153-4.plesk.page\/product\/musto-essential-fd-crew-cap-crvena\/"},"modified":"2026-02-25T00:01:49","modified_gmt":"2026-02-25T00:01:49","slug":"musto-essential-fd-crew-cap-crvena","status":"publish","type":"product","link":"https:\/\/stoic-curie.212-227-153-4.plesk.page\/hr\/product\/musto-essential-fd-crew-cap-crvena\/","title":{"rendered":"Musto Essential FD Crew Cap &#8211; Crvena"},"content":{"rendered":"<p>Musto Essential FD Crew Cap &#8211; Crvena &#8211; <\/p>\n<p>Musto Essential Fast Dry Crew Cap izra\u0111ena je od 100% otporne poliesterske tkanine i ima trajni vodoodbojni (DWR) premaz koji poma\u017ee da voda otpadne, osiguravaju\u0107i br\u017ee vrijeme su\u0161enja. Tako\u0111er uklju\u010duje dodatnu UV za\u0161titu za dulju izlo\u017eenost suncu, stra\u017enju pode\u0161avaju\u0107u traku i kop\u010du za u\u010dvr\u0161\u0107ivanje na kapulja\u010du ili ovratniku, \u0161to \u0107e je u\u010diniti sigurnom za vjetrovite dane.<\/p>\n","protected":false},"excerpt":{"rendered":"<p>Musto Essential FD Crew Cap &#8211; Crvena &#8211; Musto Essential Fast Dry Crew Cap izra\u0111ena je od 100% otporne poliesterske<\/p>\n","protected":false},"featured_media":5754050,"comment_status":"open","ping_status":"closed","template":"","meta":[],"product_brand":[3156],"product_cat":[1854],"product_tag":[],"class_list":{"0":"post-5756512","1":"product","2":"type-product","3":"status-publish","4":"has-post-thumbnail","6":"product_brand-musto-hr","7":"product_cat-jedrilicarska-odjeca-musto","9":"first","10":"instock","11":"shipping-taxable","12":"purchasable","13":"product-type-simple"},"_links":{"self":[{"href":"https:\/\/stoic-curie.212-227-153-4.plesk.page\/hr\/wp-json\/wp\/v2\/product\/5756512","targetHints":{"allow":["GET"]}}],"collection":[{"href":"https:\/\/stoic-curie.212-227-153-4.plesk.page\/hr\/wp-json\/wp\/v2\/product"}],"about":[{"href":"https:\/\/stoic-curie.212-227-153-4.plesk.page\/hr\/wp-json\/wp\/v2\/types\/product"}],"replies":[{"embeddable":true,"href":"https:\/\/stoic-curie.212-227-153-4.plesk.page\/hr\/wp-json\/wp\/v2\/comments?post=5756512"}],"version-history":[{"count":0,"href":"https:\/\/stoic-curie.212-227-153-4.plesk.page\/hr\/wp-json\/wp\/v2\/product\/5756512\/revisions"}],"wp:featuredmedia":[{"embeddable":true,"href":"https:\/\/stoic-curie.212-227-153-4.plesk.page\/hr\/wp-json\/wp\/v2\/media\/5754050"}],"wp:attachment":[{"href":"https:\/\/stoic-curie.212-227-153-4.plesk.page\/hr\/wp-json\/wp\/v2\/media?parent=5756512"}],"wp:term":[{"taxonomy":"product_brand","embeddable":true,"href":"https:\/\/stoic-curie.212-227-153-4.plesk.page\/hr\/wp-json\/wp\/v2\/product_brand?post=5756512"},{"taxonomy":"product_cat","embeddable":true,"href":"https:\/\/stoic-curie.212-227-153-4.plesk.page\/hr\/wp-json\/wp\/v2\/product_cat?post=5756512"},{"taxonomy":"product_tag","embeddable":true,"href":"https:\/\/stoic-curie.212-227-153-4.plesk.page\/hr\/wp-json\/wp\/v2\/product_tag?post=5756512"}],"curies":[{"name":"wp","href":"https:\/\/api.w.org\/{rel}","templated":true}]}}