{"id":5756514,"date":"2026-02-12T13:50:38","date_gmt":"2026-02-12T12:50:38","guid":{"rendered":"https:\/\/stoic-curie.212-227-153-4.plesk.page\/product\/musto-essential-fd-crew-cap-mornar-plava\/"},"modified":"2026-02-25T00:01:49","modified_gmt":"2026-02-25T00:01:49","slug":"musto-essential-fd-crew-cap-mornar-plava","status":"publish","type":"product","link":"https:\/\/stoic-curie.212-227-153-4.plesk.page\/hr\/product\/musto-essential-fd-crew-cap-mornar-plava\/","title":{"rendered":"Musto Essential FD Crew Cap &#8211; Mornar Plava"},"content":{"rendered":"<p>Musto Essential FD Crew Cap &#8211; Mornar Plava &#8211; <\/p>\n<p>Musto Essential Fast Dry Crew Cap izra\u0111ena je od 100% otpornog poliestera i ima izdr\u017eljivu vodoodbojnu (DWR) prevlaku koja omogu\u0107uje da se voda sakuplja i odvodi, osiguravaju\u0107i br\u017ee vrijeme su\u0161enja. Tako\u0111er nudi dodatnu UV za\u0161titu za dugotrajno izlaganje suncu, stra\u017enju prilagodljivost i kop\u010du za pri\u010dvr\u0161\u0107ivanje na kapulja\u010du ili ovratnik, dr\u017ee\u0107i je sigurnom u vjetrovitim danima.<\/p>\n","protected":false},"excerpt":{"rendered":"<p>Musto Essential FD Crew Cap &#8211; Mornar Plava &#8211; Musto Essential Fast Dry Crew Cap izra\u0111ena je od 100% otpornog<\/p>\n","protected":false},"featured_media":5754050,"comment_status":"open","ping_status":"closed","template":"","meta":[],"product_brand":[3156],"product_cat":[1854],"product_tag":[],"class_list":{"0":"post-5756514","1":"product","2":"type-product","3":"status-publish","4":"has-post-thumbnail","6":"product_brand-musto-hr","7":"product_cat-jedrilicarska-odjeca-musto","9":"first","10":"instock","11":"shipping-taxable","12":"purchasable","13":"product-type-simple"},"_links":{"self":[{"href":"https:\/\/stoic-curie.212-227-153-4.plesk.page\/hr\/wp-json\/wp\/v2\/product\/5756514","targetHints":{"allow":["GET"]}}],"collection":[{"href":"https:\/\/stoic-curie.212-227-153-4.plesk.page\/hr\/wp-json\/wp\/v2\/product"}],"about":[{"href":"https:\/\/stoic-curie.212-227-153-4.plesk.page\/hr\/wp-json\/wp\/v2\/types\/product"}],"replies":[{"embeddable":true,"href":"https:\/\/stoic-curie.212-227-153-4.plesk.page\/hr\/wp-json\/wp\/v2\/comments?post=5756514"}],"version-history":[{"count":0,"href":"https:\/\/stoic-curie.212-227-153-4.plesk.page\/hr\/wp-json\/wp\/v2\/product\/5756514\/revisions"}],"wp:featuredmedia":[{"embeddable":true,"href":"https:\/\/stoic-curie.212-227-153-4.plesk.page\/hr\/wp-json\/wp\/v2\/media\/5754050"}],"wp:attachment":[{"href":"https:\/\/stoic-curie.212-227-153-4.plesk.page\/hr\/wp-json\/wp\/v2\/media?parent=5756514"}],"wp:term":[{"taxonomy":"product_brand","embeddable":true,"href":"https:\/\/stoic-curie.212-227-153-4.plesk.page\/hr\/wp-json\/wp\/v2\/product_brand?post=5756514"},{"taxonomy":"product_cat","embeddable":true,"href":"https:\/\/stoic-curie.212-227-153-4.plesk.page\/hr\/wp-json\/wp\/v2\/product_cat?post=5756514"},{"taxonomy":"product_tag","embeddable":true,"href":"https:\/\/stoic-curie.212-227-153-4.plesk.page\/hr\/wp-json\/wp\/v2\/product_tag?post=5756514"}],"curies":[{"name":"wp","href":"https:\/\/api.w.org\/{rel}","templated":true}]}}