{"id":5756515,"date":"2026-02-12T13:50:39","date_gmt":"2026-02-12T12:50:39","guid":{"rendered":"https:\/\/stoic-curie.212-227-153-4.plesk.page\/product\/musto-fd-sesir-s-krempom-velicina-s-m-bez\/"},"modified":"2026-02-25T00:01:49","modified_gmt":"2026-02-25T00:01:49","slug":"musto-fd-sesir-s-krempom-velicina-s-m-bez","status":"publish","type":"product","link":"https:\/\/stoic-curie.212-227-153-4.plesk.page\/hr\/product\/musto-fd-sesir-s-krempom-velicina-s-m-bez\/","title":{"rendered":"Musto FD \u0160e\u0161ir s Krempom Veli\u010dina S\/M &#8211; Be\u017e"},"content":{"rendered":"<p>Musto FD \u0160e\u0161ir s Krempom Veli\u010dina S\/M &#8211; Be\u017e &#8211; <\/p>\n<p>Musto Fast Dry \u0161e\u0161ir s krempom ima PFC-besplatan trajni vodoodbojni (DWR) premaz koji omogu\u0107ava da voda kaplje i otje\u010de, \u0161to osigurava br\u017ee vrijeme su\u0161enja. S faktorom za\u0161tite od UV (UPF) od 40, ovaj \u0161e\u0161ir nudi izvrsnu za\u0161titu od sunca. Uklju\u010duje pode\u0161ava\u010d s u\u017eetom za sigurnu prilagodbu u vjetrovitim uvjetima i kop\u010du na krempi koja dr\u017ei krempu podignutom kada je \u017eelite skloniti. <a>Kliknite ovdje da provjerite to\u010dnu veli\u010dinu.<\/a><\/p>\n","protected":false},"excerpt":{"rendered":"<p>Musto FD \u0160e\u0161ir s Krempom Veli\u010dina S\/M &#8211; Be\u017e &#8211; Musto Fast Dry \u0161e\u0161ir s krempom ima PFC-besplatan trajni vodoodbojni<\/p>\n","protected":false},"featured_media":5754078,"comment_status":"open","ping_status":"closed","template":"","meta":[],"product_brand":[3156],"product_cat":[1854],"product_tag":[],"class_list":{"0":"post-5756515","1":"product","2":"type-product","3":"status-publish","4":"has-post-thumbnail","6":"product_brand-musto-hr","7":"product_cat-jedrilicarska-odjeca-musto","9":"first","10":"instock","11":"shipping-taxable","12":"purchasable","13":"product-type-simple"},"_links":{"self":[{"href":"https:\/\/stoic-curie.212-227-153-4.plesk.page\/hr\/wp-json\/wp\/v2\/product\/5756515","targetHints":{"allow":["GET"]}}],"collection":[{"href":"https:\/\/stoic-curie.212-227-153-4.plesk.page\/hr\/wp-json\/wp\/v2\/product"}],"about":[{"href":"https:\/\/stoic-curie.212-227-153-4.plesk.page\/hr\/wp-json\/wp\/v2\/types\/product"}],"replies":[{"embeddable":true,"href":"https:\/\/stoic-curie.212-227-153-4.plesk.page\/hr\/wp-json\/wp\/v2\/comments?post=5756515"}],"version-history":[{"count":0,"href":"https:\/\/stoic-curie.212-227-153-4.plesk.page\/hr\/wp-json\/wp\/v2\/product\/5756515\/revisions"}],"wp:featuredmedia":[{"embeddable":true,"href":"https:\/\/stoic-curie.212-227-153-4.plesk.page\/hr\/wp-json\/wp\/v2\/media\/5754078"}],"wp:attachment":[{"href":"https:\/\/stoic-curie.212-227-153-4.plesk.page\/hr\/wp-json\/wp\/v2\/media?parent=5756515"}],"wp:term":[{"taxonomy":"product_brand","embeddable":true,"href":"https:\/\/stoic-curie.212-227-153-4.plesk.page\/hr\/wp-json\/wp\/v2\/product_brand?post=5756515"},{"taxonomy":"product_cat","embeddable":true,"href":"https:\/\/stoic-curie.212-227-153-4.plesk.page\/hr\/wp-json\/wp\/v2\/product_cat?post=5756515"},{"taxonomy":"product_tag","embeddable":true,"href":"https:\/\/stoic-curie.212-227-153-4.plesk.page\/hr\/wp-json\/wp\/v2\/product_tag?post=5756515"}],"curies":[{"name":"wp","href":"https:\/\/api.w.org\/{rel}","templated":true}]}}