{"id":5756516,"date":"2026-02-12T13:50:39","date_gmt":"2026-02-12T12:50:39","guid":{"rendered":"https:\/\/stoic-curie.212-227-153-4.plesk.page\/product\/musto-fd-sesir-sa-sirom-obodom-velicina-l-xl-bez\/"},"modified":"2026-02-25T00:01:49","modified_gmt":"2026-02-25T00:01:49","slug":"musto-fd-sesir-sa-sirom-obodom-velicina-l-xl-bez","status":"publish","type":"product","link":"https:\/\/stoic-curie.212-227-153-4.plesk.page\/hr\/product\/musto-fd-sesir-sa-sirom-obodom-velicina-l-xl-bez\/","title":{"rendered":"Musto FD \u0160e\u0161ir sa \u0160irom Obodom Veli\u010dina L\/XL &#8211; Be\u017e"},"content":{"rendered":"<p>Musto FD \u0160e\u0161ir sa \u0160irom Obodom Veli\u010dina L\/XL &#8211; Be\u017e &#8211; <\/p>\n<p>Musto Fast Dry \u0161e\u0161ir sa \u0161irokim obodom ima PFC-besplatnu dugotrajnu vodoodbojnu (DWR) prevlaku koja omogu\u0107uje da voda kapljica i skrene, osiguravaju\u0107i br\u017ee vrijeme su\u0161enja. Nudi Ultraljubi\u010dasto Za\u0161titni Faktor (UPF) od 40, podesivi kabel koji dr\u017ei \u0161e\u0161ir sigurnim na vjetru i dugme koje omogu\u0107uje da obod bude okrenut kada ga \u017eelite skloniti iz puta. Kliknite ovdje za provjeru to\u010dne veli\u010dine:<\/p>\n","protected":false},"excerpt":{"rendered":"<p>Musto FD \u0160e\u0161ir sa \u0160irom Obodom Veli\u010dina L\/XL &#8211; Be\u017e &#8211; Musto Fast Dry \u0161e\u0161ir sa \u0161irokim obodom ima PFC-besplatnu<\/p>\n","protected":false},"featured_media":5754078,"comment_status":"open","ping_status":"closed","template":"","meta":[],"product_brand":[3156],"product_cat":[1854],"product_tag":[],"class_list":{"0":"post-5756516","1":"product","2":"type-product","3":"status-publish","4":"has-post-thumbnail","6":"product_brand-musto-hr","7":"product_cat-jedrilicarska-odjeca-musto","9":"first","10":"instock","11":"shipping-taxable","12":"purchasable","13":"product-type-simple"},"_links":{"self":[{"href":"https:\/\/stoic-curie.212-227-153-4.plesk.page\/hr\/wp-json\/wp\/v2\/product\/5756516","targetHints":{"allow":["GET"]}}],"collection":[{"href":"https:\/\/stoic-curie.212-227-153-4.plesk.page\/hr\/wp-json\/wp\/v2\/product"}],"about":[{"href":"https:\/\/stoic-curie.212-227-153-4.plesk.page\/hr\/wp-json\/wp\/v2\/types\/product"}],"replies":[{"embeddable":true,"href":"https:\/\/stoic-curie.212-227-153-4.plesk.page\/hr\/wp-json\/wp\/v2\/comments?post=5756516"}],"version-history":[{"count":0,"href":"https:\/\/stoic-curie.212-227-153-4.plesk.page\/hr\/wp-json\/wp\/v2\/product\/5756516\/revisions"}],"wp:featuredmedia":[{"embeddable":true,"href":"https:\/\/stoic-curie.212-227-153-4.plesk.page\/hr\/wp-json\/wp\/v2\/media\/5754078"}],"wp:attachment":[{"href":"https:\/\/stoic-curie.212-227-153-4.plesk.page\/hr\/wp-json\/wp\/v2\/media?parent=5756516"}],"wp:term":[{"taxonomy":"product_brand","embeddable":true,"href":"https:\/\/stoic-curie.212-227-153-4.plesk.page\/hr\/wp-json\/wp\/v2\/product_brand?post=5756516"},{"taxonomy":"product_cat","embeddable":true,"href":"https:\/\/stoic-curie.212-227-153-4.plesk.page\/hr\/wp-json\/wp\/v2\/product_cat?post=5756516"},{"taxonomy":"product_tag","embeddable":true,"href":"https:\/\/stoic-curie.212-227-153-4.plesk.page\/hr\/wp-json\/wp\/v2\/product_tag?post=5756516"}],"curies":[{"name":"wp","href":"https:\/\/api.w.org\/{rel}","templated":true}]}}