{"id":5756517,"date":"2026-02-12T13:50:40","date_gmt":"2026-02-12T12:50:40","guid":{"rendered":"https:\/\/stoic-curie.212-227-153-4.plesk.page\/product\/musto-fd-sesir-s-velikim-obodom-velicina-s-m-tmavo-plava\/"},"modified":"2026-02-25T00:01:49","modified_gmt":"2026-02-25T00:01:49","slug":"musto-fd-sesir-s-velikim-obodom-velicina-s-m-tmavo-plava","status":"publish","type":"product","link":"https:\/\/stoic-curie.212-227-153-4.plesk.page\/hr\/product\/musto-fd-sesir-s-velikim-obodom-velicina-s-m-tmavo-plava\/","title":{"rendered":"Musto FD \u0160e\u0161ir s Velikim Obodom Veli\u010dina S\/M &#8211; Tmavo Plava"},"content":{"rendered":"<p>Musto FD \u0160e\u0161ir s Velikim Obodom Veli\u010dina S\/M &#8211; Tmavo Plava &#8211; <\/p>\n<p>Musto Fast Dry \u0161e\u0161ir s velikim obodom ima PFC-besplatan trajni vodoodbojan (DWR) premaz koji omogu\u0107uje da voda kaplje i sklizne, osiguravaju\u0107i br\u017ee vrijeme su\u0161enja. Ima faktor za\u0161tite od ultraljubi\u010dastog zra\u010denja (UPF) od 40, pode\u0161avanje uzice koje dr\u017ei \u0161e\u0161ir sigurnim u vjetrovitom vremenu i kop\u010du koja odr\u017eava rub podignutim kada ga \u017eelite skloniti. Kliknite ovdje za provjeru to\u010dne veli\u010dine:<\/p>\n","protected":false},"excerpt":{"rendered":"<p>Musto FD \u0160e\u0161ir s Velikim Obodom Veli\u010dina S\/M &#8211; Tmavo Plava &#8211; Musto Fast Dry \u0161e\u0161ir s velikim obodom ima<\/p>\n","protected":false},"featured_media":5754078,"comment_status":"open","ping_status":"closed","template":"","meta":[],"product_brand":[3156],"product_cat":[1854],"product_tag":[],"class_list":{"0":"post-5756517","1":"product","2":"type-product","3":"status-publish","4":"has-post-thumbnail","6":"product_brand-musto-hr","7":"product_cat-jedrilicarska-odjeca-musto","9":"first","10":"instock","11":"shipping-taxable","12":"purchasable","13":"product-type-simple"},"_links":{"self":[{"href":"https:\/\/stoic-curie.212-227-153-4.plesk.page\/hr\/wp-json\/wp\/v2\/product\/5756517","targetHints":{"allow":["GET"]}}],"collection":[{"href":"https:\/\/stoic-curie.212-227-153-4.plesk.page\/hr\/wp-json\/wp\/v2\/product"}],"about":[{"href":"https:\/\/stoic-curie.212-227-153-4.plesk.page\/hr\/wp-json\/wp\/v2\/types\/product"}],"replies":[{"embeddable":true,"href":"https:\/\/stoic-curie.212-227-153-4.plesk.page\/hr\/wp-json\/wp\/v2\/comments?post=5756517"}],"version-history":[{"count":0,"href":"https:\/\/stoic-curie.212-227-153-4.plesk.page\/hr\/wp-json\/wp\/v2\/product\/5756517\/revisions"}],"wp:featuredmedia":[{"embeddable":true,"href":"https:\/\/stoic-curie.212-227-153-4.plesk.page\/hr\/wp-json\/wp\/v2\/media\/5754078"}],"wp:attachment":[{"href":"https:\/\/stoic-curie.212-227-153-4.plesk.page\/hr\/wp-json\/wp\/v2\/media?parent=5756517"}],"wp:term":[{"taxonomy":"product_brand","embeddable":true,"href":"https:\/\/stoic-curie.212-227-153-4.plesk.page\/hr\/wp-json\/wp\/v2\/product_brand?post=5756517"},{"taxonomy":"product_cat","embeddable":true,"href":"https:\/\/stoic-curie.212-227-153-4.plesk.page\/hr\/wp-json\/wp\/v2\/product_cat?post=5756517"},{"taxonomy":"product_tag","embeddable":true,"href":"https:\/\/stoic-curie.212-227-153-4.plesk.page\/hr\/wp-json\/wp\/v2\/product_tag?post=5756517"}],"curies":[{"name":"wp","href":"https:\/\/api.w.org\/{rel}","templated":true}]}}