{"id":5756518,"date":"2026-02-12T13:50:41","date_gmt":"2026-02-12T12:50:41","guid":{"rendered":"https:\/\/stoic-curie.212-227-153-4.plesk.page\/product\/musto-fd-sesir-s-kljunom-velicina-l-xl-boja-mornarsko-plava\/"},"modified":"2026-02-25T00:01:49","modified_gmt":"2026-02-25T00:01:49","slug":"musto-fd-sesir-s-kljunom-velicina-l-xl-boja-mornarsko-plava","status":"publish","type":"product","link":"https:\/\/stoic-curie.212-227-153-4.plesk.page\/hr\/product\/musto-fd-sesir-s-kljunom-velicina-l-xl-boja-mornarsko-plava\/","title":{"rendered":"Musto FD \u0160e\u0161ir s Kljunom &#8211; Veli\u010dina L\/XL &#8211; Boja: Mornarsko Plava"},"content":{"rendered":"<p>Musto FD \u0160e\u0161ir s Kljunom &#8211; Veli\u010dina L\/XL &#8211; Boja: Mornarsko Plava &#8211; <\/p>\n<p>Musto Fast Dry \u0161e\u0161ir s kljunom ima PFC-besplatnu trajnu vodoodbojnu (DWR) oblogu koja omogu\u0107ava da voda splasne i iscuri, \u010dime se posti\u017ee br\u017ee su\u0161enje. Ova \u0161e\u0161ir tako\u0111er ima faktor za\u0161tite od ultraljubitastih zraka (UPF) od 40, a uklju\u010duje i pode\u0161avanje uzice koja dr\u017ei \u0161e\u0161ir \u010dvrsto na mjestu u vjetru i bravu za kljun koja dr\u017ei kljun podignutim kada ga \u017eelite imati izvan puta. <br \/> Kliknite ovdje da provjerite to\u010dnu veli\u010dinu:<\/p>\n","protected":false},"excerpt":{"rendered":"<p>Musto FD \u0160e\u0161ir s Kljunom &#8211; Veli\u010dina L\/XL &#8211; Boja: Mornarsko Plava &#8211; Musto Fast Dry \u0161e\u0161ir s kljunom ima<\/p>\n","protected":false},"featured_media":5754078,"comment_status":"open","ping_status":"closed","template":"","meta":[],"product_brand":[3156],"product_cat":[1854],"product_tag":[],"class_list":{"0":"post-5756518","1":"product","2":"type-product","3":"status-publish","4":"has-post-thumbnail","6":"product_brand-musto-hr","7":"product_cat-jedrilicarska-odjeca-musto","9":"first","10":"instock","11":"shipping-taxable","12":"purchasable","13":"product-type-simple"},"_links":{"self":[{"href":"https:\/\/stoic-curie.212-227-153-4.plesk.page\/hr\/wp-json\/wp\/v2\/product\/5756518","targetHints":{"allow":["GET"]}}],"collection":[{"href":"https:\/\/stoic-curie.212-227-153-4.plesk.page\/hr\/wp-json\/wp\/v2\/product"}],"about":[{"href":"https:\/\/stoic-curie.212-227-153-4.plesk.page\/hr\/wp-json\/wp\/v2\/types\/product"}],"replies":[{"embeddable":true,"href":"https:\/\/stoic-curie.212-227-153-4.plesk.page\/hr\/wp-json\/wp\/v2\/comments?post=5756518"}],"version-history":[{"count":0,"href":"https:\/\/stoic-curie.212-227-153-4.plesk.page\/hr\/wp-json\/wp\/v2\/product\/5756518\/revisions"}],"wp:featuredmedia":[{"embeddable":true,"href":"https:\/\/stoic-curie.212-227-153-4.plesk.page\/hr\/wp-json\/wp\/v2\/media\/5754078"}],"wp:attachment":[{"href":"https:\/\/stoic-curie.212-227-153-4.plesk.page\/hr\/wp-json\/wp\/v2\/media?parent=5756518"}],"wp:term":[{"taxonomy":"product_brand","embeddable":true,"href":"https:\/\/stoic-curie.212-227-153-4.plesk.page\/hr\/wp-json\/wp\/v2\/product_brand?post=5756518"},{"taxonomy":"product_cat","embeddable":true,"href":"https:\/\/stoic-curie.212-227-153-4.plesk.page\/hr\/wp-json\/wp\/v2\/product_cat?post=5756518"},{"taxonomy":"product_tag","embeddable":true,"href":"https:\/\/stoic-curie.212-227-153-4.plesk.page\/hr\/wp-json\/wp\/v2\/product_tag?post=5756518"}],"curies":[{"name":"wp","href":"https:\/\/api.w.org\/{rel}","templated":true}]}}