{"id":5756519,"date":"2026-02-12T13:50:41","date_gmt":"2026-02-12T12:50:41","guid":{"rendered":"https:\/\/stoic-curie.212-227-153-4.plesk.page\/product\/musto-fd-sesir-s-%d8%b4irem-m-l-bijeli\/"},"modified":"2026-02-25T00:01:49","modified_gmt":"2026-02-25T00:01:49","slug":"musto-fd-sesir-s-%d8%b4irem-m-l-bijeli","status":"publish","type":"product","link":"https:\/\/stoic-curie.212-227-153-4.plesk.page\/hr\/product\/musto-fd-sesir-s-%d8%b4irem-m-l-bijeli\/","title":{"rendered":"Musto FD \u0160e\u0161ir s \u0634irem M\/L &#8211; Bijeli"},"content":{"rendered":"<p>Musto FD \u0160e\u0161ir s \u0634irem M\/L &#8211; Bijeli &#8211; <\/p>\n<p>Musto Fast Dry \u0160e\u0161ir s \u0161irokim obodom ima PFC-besplatan trajni vodoodbojan (DWR) premaz koji poma\u017ee da se voda skuplja i otje\u010de, osiguravaju\u0107i br\u017ee vrijeme su\u0161enja. S visokom faktorom za\u0161tite od ultraljubi\u010dastog zra\u010denja (UPF) od 40, ovaj \u0161e\u0161ir pru\u017ea izvrsnu za\u0161titu od sunca. Tako\u0111er uklju\u010duje prilagodnik s u\u017eetom koji dr\u017ei \u0161e\u0161ir sigurnim u vjetrovitim uvjetima, kao i pri\u010dvr\u0161\u0107ivanje koje podi\u017ee obod kad \u017eelite da ga dobijete iz puta. <br \/> Kliknite ovdje da provjerite to\u010dnu veli\u010dinu:<\/p>\n","protected":false},"excerpt":{"rendered":"<p>Musto FD \u0160e\u0161ir s \u0634irem M\/L &#8211; Bijeli &#8211; Musto Fast Dry \u0160e\u0161ir s \u0161irokim obodom ima PFC-besplatan trajni vodoodbojan<\/p>\n","protected":false},"featured_media":5754078,"comment_status":"open","ping_status":"closed","template":"","meta":[],"product_brand":[3156],"product_cat":[1854],"product_tag":[],"class_list":{"0":"post-5756519","1":"product","2":"type-product","3":"status-publish","4":"has-post-thumbnail","6":"product_brand-musto-hr","7":"product_cat-jedrilicarska-odjeca-musto","9":"first","10":"instock","11":"shipping-taxable","12":"purchasable","13":"product-type-simple"},"_links":{"self":[{"href":"https:\/\/stoic-curie.212-227-153-4.plesk.page\/hr\/wp-json\/wp\/v2\/product\/5756519","targetHints":{"allow":["GET"]}}],"collection":[{"href":"https:\/\/stoic-curie.212-227-153-4.plesk.page\/hr\/wp-json\/wp\/v2\/product"}],"about":[{"href":"https:\/\/stoic-curie.212-227-153-4.plesk.page\/hr\/wp-json\/wp\/v2\/types\/product"}],"replies":[{"embeddable":true,"href":"https:\/\/stoic-curie.212-227-153-4.plesk.page\/hr\/wp-json\/wp\/v2\/comments?post=5756519"}],"version-history":[{"count":0,"href":"https:\/\/stoic-curie.212-227-153-4.plesk.page\/hr\/wp-json\/wp\/v2\/product\/5756519\/revisions"}],"wp:featuredmedia":[{"embeddable":true,"href":"https:\/\/stoic-curie.212-227-153-4.plesk.page\/hr\/wp-json\/wp\/v2\/media\/5754078"}],"wp:attachment":[{"href":"https:\/\/stoic-curie.212-227-153-4.plesk.page\/hr\/wp-json\/wp\/v2\/media?parent=5756519"}],"wp:term":[{"taxonomy":"product_brand","embeddable":true,"href":"https:\/\/stoic-curie.212-227-153-4.plesk.page\/hr\/wp-json\/wp\/v2\/product_brand?post=5756519"},{"taxonomy":"product_cat","embeddable":true,"href":"https:\/\/stoic-curie.212-227-153-4.plesk.page\/hr\/wp-json\/wp\/v2\/product_cat?post=5756519"},{"taxonomy":"product_tag","embeddable":true,"href":"https:\/\/stoic-curie.212-227-153-4.plesk.page\/hr\/wp-json\/wp\/v2\/product_tag?post=5756519"}],"curies":[{"name":"wp","href":"https:\/\/api.w.org\/{rel}","templated":true}]}}