{"id":5756520,"date":"2026-02-12T13:50:42","date_gmt":"2026-02-12T12:50:42","guid":{"rendered":"https:\/\/stoic-curie.212-227-153-4.plesk.page\/product\/musto-fd-sesir-s-brimom-velicina-l-xl-bijel\/"},"modified":"2026-02-25T00:01:49","modified_gmt":"2026-02-25T00:01:49","slug":"musto-fd-sesir-s-brimom-velicina-l-xl-bijel","status":"publish","type":"product","link":"https:\/\/stoic-curie.212-227-153-4.plesk.page\/hr\/product\/musto-fd-sesir-s-brimom-velicina-l-xl-bijel\/","title":{"rendered":"Musto FD \u0160e\u0161ir s Brimom Veli\u010dina L\/XL &#8211; Bijel"},"content":{"rendered":"<p>Musto FD \u0160e\u0161ir s Brimom Veli\u010dina L\/XL &#8211; Bijel &#8211; <\/p>\n<p>Musto Fast Dry \u0161e\u0161ir s brijegom ima PFC-besplatnu trajnu vodoodbojnu (DWR) prevlaku koja omogu\u0107ava vodi da se zadr\u017ei i otje\u010de, \u0161to rezultira br\u017eim vremenima su\u0161enja. S visokim faktorom za\u0161tite od ultraljubi\u010dastih zraka (UPF) od 40, ovaj \u0161e\u0161ir nudi izvrsnu za\u0161titu od sunca. Podesivi remen osigurava da \u0161e\u0161ir ostane na mjestu u vjetru, dok gumb za obod omogu\u0107uje da podignete obod i sklonite ga s puta kada god to po\u017eelite. <a>Kliknite ovdje da provjerite to\u010dnu veli\u010dinu.<\/a><\/p>\n","protected":false},"excerpt":{"rendered":"<p>Musto FD \u0160e\u0161ir s Brimom Veli\u010dina L\/XL &#8211; Bijel &#8211; Musto Fast Dry \u0161e\u0161ir s brijegom ima PFC-besplatnu trajnu vodoodbojnu<\/p>\n","protected":false},"featured_media":5754078,"comment_status":"open","ping_status":"closed","template":"","meta":[],"product_brand":[3156],"product_cat":[1854],"product_tag":[],"class_list":{"0":"post-5756520","1":"product","2":"type-product","3":"status-publish","4":"has-post-thumbnail","6":"product_brand-musto-hr","7":"product_cat-jedrilicarska-odjeca-musto","9":"first","10":"instock","11":"shipping-taxable","12":"purchasable","13":"product-type-simple"},"_links":{"self":[{"href":"https:\/\/stoic-curie.212-227-153-4.plesk.page\/hr\/wp-json\/wp\/v2\/product\/5756520","targetHints":{"allow":["GET"]}}],"collection":[{"href":"https:\/\/stoic-curie.212-227-153-4.plesk.page\/hr\/wp-json\/wp\/v2\/product"}],"about":[{"href":"https:\/\/stoic-curie.212-227-153-4.plesk.page\/hr\/wp-json\/wp\/v2\/types\/product"}],"replies":[{"embeddable":true,"href":"https:\/\/stoic-curie.212-227-153-4.plesk.page\/hr\/wp-json\/wp\/v2\/comments?post=5756520"}],"version-history":[{"count":0,"href":"https:\/\/stoic-curie.212-227-153-4.plesk.page\/hr\/wp-json\/wp\/v2\/product\/5756520\/revisions"}],"wp:featuredmedia":[{"embeddable":true,"href":"https:\/\/stoic-curie.212-227-153-4.plesk.page\/hr\/wp-json\/wp\/v2\/media\/5754078"}],"wp:attachment":[{"href":"https:\/\/stoic-curie.212-227-153-4.plesk.page\/hr\/wp-json\/wp\/v2\/media?parent=5756520"}],"wp:term":[{"taxonomy":"product_brand","embeddable":true,"href":"https:\/\/stoic-curie.212-227-153-4.plesk.page\/hr\/wp-json\/wp\/v2\/product_brand?post=5756520"},{"taxonomy":"product_cat","embeddable":true,"href":"https:\/\/stoic-curie.212-227-153-4.plesk.page\/hr\/wp-json\/wp\/v2\/product_cat?post=5756520"},{"taxonomy":"product_tag","embeddable":true,"href":"https:\/\/stoic-curie.212-227-153-4.plesk.page\/hr\/wp-json\/wp\/v2\/product_tag?post=5756520"}],"curies":[{"name":"wp","href":"https:\/\/api.w.org\/{rel}","templated":true}]}}