{"id":5774953,"date":"2026-02-13T14:10:46","date_gmt":"2026-02-13T13:10:46","guid":{"rendered":"https:\/\/stoic-curie.212-227-153-4.plesk.page\/product\/jobe-torba-za-mokru-oprema\/"},"modified":"2026-02-25T00:01:49","modified_gmt":"2026-02-25T00:01:49","slug":"jobe-torba-za-mokru-oprema","status":"publish","type":"product","link":"https:\/\/stoic-curie.212-227-153-4.plesk.page\/hr\/product\/jobe-torba-za-mokru-oprema\/","title":{"rendered":"Jobe Torba za Mokru Oprema"},"content":{"rendered":"<p>Jobe Torba za Mokru Oprema &#8211; <\/p>\n<p>Sa \u0161irokim otvorom, Jobe Torba za Mokru Oprema omogu\u0107ava vam lako no\u0161enje mokre opreme. Ima neoprensku dr\u0161ku za udobno no\u0161enje, izdr\u017eljivo PVC dno i mre\u017eastu tkaninu koja poma\u017ee otpu\u0161tanju vode iz torbe. Osim toga, tu su i dva karabina za vje\u0161anje torbe naopako, \u0161to omogu\u0107ava u\u010dinkovito otpu\u0161tanje vode, te sigurni zatvara\u010d na vrhu.<\/p>\n","protected":false},"excerpt":{"rendered":"<p>Jobe Torba za Mokru Oprema &#8211; Sa \u0161irokim otvorom, Jobe Torba za Mokru Oprema omogu\u0107ava vam lako no\u0161enje mokre opreme.<\/p>\n","protected":false},"featured_media":5772680,"comment_status":"open","ping_status":"closed","template":"","meta":[],"product_brand":[3041],"product_cat":[1855],"product_tag":[],"class_list":{"0":"post-5774953","1":"product","2":"type-product","3":"status-publish","4":"has-post-thumbnail","6":"product_brand-jobe-sports-hr","7":"product_cat-suhe-torbe","9":"first","10":"instock","11":"shipping-taxable","12":"purchasable","13":"product-type-simple"},"_links":{"self":[{"href":"https:\/\/stoic-curie.212-227-153-4.plesk.page\/hr\/wp-json\/wp\/v2\/product\/5774953","targetHints":{"allow":["GET"]}}],"collection":[{"href":"https:\/\/stoic-curie.212-227-153-4.plesk.page\/hr\/wp-json\/wp\/v2\/product"}],"about":[{"href":"https:\/\/stoic-curie.212-227-153-4.plesk.page\/hr\/wp-json\/wp\/v2\/types\/product"}],"replies":[{"embeddable":true,"href":"https:\/\/stoic-curie.212-227-153-4.plesk.page\/hr\/wp-json\/wp\/v2\/comments?post=5774953"}],"version-history":[{"count":0,"href":"https:\/\/stoic-curie.212-227-153-4.plesk.page\/hr\/wp-json\/wp\/v2\/product\/5774953\/revisions"}],"wp:featuredmedia":[{"embeddable":true,"href":"https:\/\/stoic-curie.212-227-153-4.plesk.page\/hr\/wp-json\/wp\/v2\/media\/5772680"}],"wp:attachment":[{"href":"https:\/\/stoic-curie.212-227-153-4.plesk.page\/hr\/wp-json\/wp\/v2\/media?parent=5774953"}],"wp:term":[{"taxonomy":"product_brand","embeddable":true,"href":"https:\/\/stoic-curie.212-227-153-4.plesk.page\/hr\/wp-json\/wp\/v2\/product_brand?post=5774953"},{"taxonomy":"product_cat","embeddable":true,"href":"https:\/\/stoic-curie.212-227-153-4.plesk.page\/hr\/wp-json\/wp\/v2\/product_cat?post=5774953"},{"taxonomy":"product_tag","embeddable":true,"href":"https:\/\/stoic-curie.212-227-153-4.plesk.page\/hr\/wp-json\/wp\/v2\/product_tag?post=5774953"}],"curies":[{"name":"wp","href":"https:\/\/api.w.org\/{rel}","templated":true}]}}