{"id":5774954,"date":"2026-02-13T14:10:47","date_gmt":"2026-02-13T13:10:47","guid":{"rendered":"https:\/\/stoic-curie.212-227-153-4.plesk.page\/product\/jobe-vodootporni-ruksak-20l\/"},"modified":"2026-02-25T00:01:49","modified_gmt":"2026-02-25T00:01:49","slug":"jobe-vodootporni-ruksak-20l","status":"publish","type":"product","link":"https:\/\/stoic-curie.212-227-153-4.plesk.page\/hr\/product\/jobe-vodootporni-ruksak-20l\/","title":{"rendered":"Jobe Vodootporni Ruksak 20L"},"content":{"rendered":"<p>Jobe Vodootporni Ruksak 20L &#8211; <\/p>\n<p>Jobe Vodootporni Ruksak izra\u0111en je od jednostrano premazanog 420D TPU materijala koji odr\u017eava va\u0161u opremu suhom i udaljenom od vode i ne\u010disto\u0107a. Ovaj ruksak uklju\u010duje prakti\u010dnu ru\u010dku, \u010detiri karabina za pri\u010dvr\u0161\u0107ivanje torbe na va\u0161e SUP dasku, te dvije vodoodbojne vanjske d\u017eepove. Tako\u0111er ima bungee u\u017ead, odjeljak za prijenosno ra\u010dunalo pogodan za 15-in\u010dni laptop, i dva rastezljiva d\u017eepa za boce. Unutra se nalazi dodatni d\u017eep za laptop te pode\u0161avaju\u0107e naramenice s 3D mre\u017eom i podesiva prsna traka za dodatnu udobnost.<\/p>\n","protected":false},"excerpt":{"rendered":"<p>Jobe Vodootporni Ruksak 20L &#8211; Jobe Vodootporni Ruksak izra\u0111en je od jednostrano premazanog 420D TPU materijala koji odr\u017eava va\u0161u opremu<\/p>\n","protected":false},"featured_media":5772683,"comment_status":"open","ping_status":"closed","template":"","meta":[],"product_brand":[3041],"product_cat":[1855],"product_tag":[],"class_list":{"0":"post-5774954","1":"product","2":"type-product","3":"status-publish","4":"has-post-thumbnail","6":"product_brand-jobe-sports-hr","7":"product_cat-suhe-torbe","9":"first","10":"instock","11":"shipping-taxable","12":"purchasable","13":"product-type-simple"},"_links":{"self":[{"href":"https:\/\/stoic-curie.212-227-153-4.plesk.page\/hr\/wp-json\/wp\/v2\/product\/5774954","targetHints":{"allow":["GET"]}}],"collection":[{"href":"https:\/\/stoic-curie.212-227-153-4.plesk.page\/hr\/wp-json\/wp\/v2\/product"}],"about":[{"href":"https:\/\/stoic-curie.212-227-153-4.plesk.page\/hr\/wp-json\/wp\/v2\/types\/product"}],"replies":[{"embeddable":true,"href":"https:\/\/stoic-curie.212-227-153-4.plesk.page\/hr\/wp-json\/wp\/v2\/comments?post=5774954"}],"version-history":[{"count":0,"href":"https:\/\/stoic-curie.212-227-153-4.plesk.page\/hr\/wp-json\/wp\/v2\/product\/5774954\/revisions"}],"wp:featuredmedia":[{"embeddable":true,"href":"https:\/\/stoic-curie.212-227-153-4.plesk.page\/hr\/wp-json\/wp\/v2\/media\/5772683"}],"wp:attachment":[{"href":"https:\/\/stoic-curie.212-227-153-4.plesk.page\/hr\/wp-json\/wp\/v2\/media?parent=5774954"}],"wp:term":[{"taxonomy":"product_brand","embeddable":true,"href":"https:\/\/stoic-curie.212-227-153-4.plesk.page\/hr\/wp-json\/wp\/v2\/product_brand?post=5774954"},{"taxonomy":"product_cat","embeddable":true,"href":"https:\/\/stoic-curie.212-227-153-4.plesk.page\/hr\/wp-json\/wp\/v2\/product_cat?post=5774954"},{"taxonomy":"product_tag","embeddable":true,"href":"https:\/\/stoic-curie.212-227-153-4.plesk.page\/hr\/wp-json\/wp\/v2\/product_tag?post=5774954"}],"curies":[{"name":"wp","href":"https:\/\/api.w.org\/{rel}","templated":true}]}}