{"id":5774955,"date":"2026-02-13T14:10:47","date_gmt":"2026-02-13T13:10:47","guid":{"rendered":"https:\/\/stoic-curie.212-227-153-4.plesk.page\/product\/jobe-vodonepropusna-torba-za-hladenje-20l-51-x-35-cm\/"},"modified":"2026-02-25T00:01:49","modified_gmt":"2026-02-25T00:01:49","slug":"jobe-vodonepropusna-torba-za-hladenje-20l-51-x-35-cm","status":"publish","type":"product","link":"https:\/\/stoic-curie.212-227-153-4.plesk.page\/hr\/product\/jobe-vodonepropusna-torba-za-hladenje-20l-51-x-35-cm\/","title":{"rendered":"Jobe Vodonepropusna Torba za Hla\u0111enje 20L (51 x 35 cm)"},"content":{"rendered":"<p>Jobe Vodonepropusna Torba za Hla\u0111enje 20L (51 x 35 cm) &#8211; <\/p>\n<p>Otkrijte Jobe Vodonepropusnu Torbu za Hla\u0111enje, dizajniranu s dvostrano premazanim 420D TPU za izvanrednu izdr\u017eljivost. Sadr\u017ei izolacijski pjenasti materijal s TPU podstavom za odr\u017eavanje va\u0161ih pi\u0107a hladnima. Torba uklju\u010duje neopreni ru\u010dnik, podesive naramenice s 3D mre\u017eicom za udobnost, podesivu prsnu traku, bungee elasti\u010dne trake za dodatni prostor za pohranu i \u010detiri karabinske kop\u010de za sigurno pri\u010dvr\u0161\u0107ivanje torbe na SUP dasku. Tako\u0111er, vani se nalazi vodoodbojna torbica za va\u0161e bitne stvari.<\/p>\n","protected":false},"excerpt":{"rendered":"<p>Jobe Vodonepropusna Torba za Hla\u0111enje 20L (51 x 35 cm) &#8211; Otkrijte Jobe Vodonepropusnu Torbu za Hla\u0111enje, dizajniranu s dvostrano<\/p>\n","protected":false},"featured_media":5772687,"comment_status":"open","ping_status":"closed","template":"","meta":[],"product_brand":[3041],"product_cat":[1855],"product_tag":[],"class_list":{"0":"post-5774955","1":"product","2":"type-product","3":"status-publish","4":"has-post-thumbnail","6":"product_brand-jobe-sports-hr","7":"product_cat-suhe-torbe","9":"first","10":"instock","11":"shipping-taxable","12":"purchasable","13":"product-type-simple"},"_links":{"self":[{"href":"https:\/\/stoic-curie.212-227-153-4.plesk.page\/hr\/wp-json\/wp\/v2\/product\/5774955","targetHints":{"allow":["GET"]}}],"collection":[{"href":"https:\/\/stoic-curie.212-227-153-4.plesk.page\/hr\/wp-json\/wp\/v2\/product"}],"about":[{"href":"https:\/\/stoic-curie.212-227-153-4.plesk.page\/hr\/wp-json\/wp\/v2\/types\/product"}],"replies":[{"embeddable":true,"href":"https:\/\/stoic-curie.212-227-153-4.plesk.page\/hr\/wp-json\/wp\/v2\/comments?post=5774955"}],"version-history":[{"count":0,"href":"https:\/\/stoic-curie.212-227-153-4.plesk.page\/hr\/wp-json\/wp\/v2\/product\/5774955\/revisions"}],"wp:featuredmedia":[{"embeddable":true,"href":"https:\/\/stoic-curie.212-227-153-4.plesk.page\/hr\/wp-json\/wp\/v2\/media\/5772687"}],"wp:attachment":[{"href":"https:\/\/stoic-curie.212-227-153-4.plesk.page\/hr\/wp-json\/wp\/v2\/media?parent=5774955"}],"wp:term":[{"taxonomy":"product_brand","embeddable":true,"href":"https:\/\/stoic-curie.212-227-153-4.plesk.page\/hr\/wp-json\/wp\/v2\/product_brand?post=5774955"},{"taxonomy":"product_cat","embeddable":true,"href":"https:\/\/stoic-curie.212-227-153-4.plesk.page\/hr\/wp-json\/wp\/v2\/product_cat?post=5774955"},{"taxonomy":"product_tag","embeddable":true,"href":"https:\/\/stoic-curie.212-227-153-4.plesk.page\/hr\/wp-json\/wp\/v2\/product_tag?post=5774955"}],"curies":[{"name":"wp","href":"https:\/\/api.w.org\/{rel}","templated":true}]}}