{"id":5774957,"date":"2026-02-13T14:10:49","date_gmt":"2026-02-13T13:10:49","guid":{"rendered":"https:\/\/stoic-curie.212-227-153-4.plesk.page\/product\/aquapac-compact-plus-vodootporna-torbica-za-telefon-150x190mm-ref-310\/"},"modified":"2026-02-25T00:01:49","modified_gmt":"2026-02-25T00:01:49","slug":"aquapac-compact-plus-vodootporna-torbica-za-telefon-150x190mm-ref-310","status":"publish","type":"product","link":"https:\/\/stoic-curie.212-227-153-4.plesk.page\/hr\/product\/aquapac-compact-plus-vodootporna-torbica-za-telefon-150x190mm-ref-310\/","title":{"rendered":"Aquapac Compact Plus Vodootporna Torbica za Telefon 150x190mm Ref 310"},"content":{"rendered":"<p>Aquapac Compact Plus Vodootporna Torbica za Telefon 150x190mm Ref 310 &#8211; <\/p>\n<p>Ova vodootporna torbica je potopiva do 10 metara i namijenjena je pametnim telefonima. Dvostruko le\u0107e Lenzlex omogu\u0107uju izvrsna snimanja kako u tako i izvan vode, dok va\u0161 ure\u0111aj ostaje potpuno siguran. Sve tipke, funkcije i dodirna plo\u010da rade normalno kroz torbicu. Uklju\u010duje novi 105mm Autoclip i remen za dodatnu prakti\u010dnost.<\/p>\n","protected":false},"excerpt":{"rendered":"<p>Aquapac Compact Plus Vodootporna Torbica za Telefon 150x190mm Ref 310 &#8211; Ova vodootporna torbica je potopiva do 10 metara i<\/p>\n","protected":false},"featured_media":5772696,"comment_status":"open","ping_status":"closed","template":"","meta":[],"product_brand":[2796],"product_cat":[1855],"product_tag":[],"class_list":{"0":"post-5774957","1":"product","2":"type-product","3":"status-publish","4":"has-post-thumbnail","6":"product_brand-aquapac-hr","7":"product_cat-suhe-torbe","9":"first","10":"instock","11":"shipping-taxable","12":"purchasable","13":"product-type-simple"},"_links":{"self":[{"href":"https:\/\/stoic-curie.212-227-153-4.plesk.page\/hr\/wp-json\/wp\/v2\/product\/5774957","targetHints":{"allow":["GET"]}}],"collection":[{"href":"https:\/\/stoic-curie.212-227-153-4.plesk.page\/hr\/wp-json\/wp\/v2\/product"}],"about":[{"href":"https:\/\/stoic-curie.212-227-153-4.plesk.page\/hr\/wp-json\/wp\/v2\/types\/product"}],"replies":[{"embeddable":true,"href":"https:\/\/stoic-curie.212-227-153-4.plesk.page\/hr\/wp-json\/wp\/v2\/comments?post=5774957"}],"version-history":[{"count":0,"href":"https:\/\/stoic-curie.212-227-153-4.plesk.page\/hr\/wp-json\/wp\/v2\/product\/5774957\/revisions"}],"wp:featuredmedia":[{"embeddable":true,"href":"https:\/\/stoic-curie.212-227-153-4.plesk.page\/hr\/wp-json\/wp\/v2\/media\/5772696"}],"wp:attachment":[{"href":"https:\/\/stoic-curie.212-227-153-4.plesk.page\/hr\/wp-json\/wp\/v2\/media?parent=5774957"}],"wp:term":[{"taxonomy":"product_brand","embeddable":true,"href":"https:\/\/stoic-curie.212-227-153-4.plesk.page\/hr\/wp-json\/wp\/v2\/product_brand?post=5774957"},{"taxonomy":"product_cat","embeddable":true,"href":"https:\/\/stoic-curie.212-227-153-4.plesk.page\/hr\/wp-json\/wp\/v2\/product_cat?post=5774957"},{"taxonomy":"product_tag","embeddable":true,"href":"https:\/\/stoic-curie.212-227-153-4.plesk.page\/hr\/wp-json\/wp\/v2\/product_tag?post=5774957"}],"curies":[{"name":"wp","href":"https:\/\/api.w.org\/{rel}","templated":true}]}}