{"id":5774959,"date":"2026-02-13T14:10:50","date_gmt":"2026-02-13T13:10:50","guid":{"rendered":"https:\/\/stoic-curie.212-227-153-4.plesk.page\/product\/aquapac-max-impact-vodootporna-plutajuca-torbica-za-telefon-160x190mm-ref-334\/"},"modified":"2026-02-25T00:01:49","modified_gmt":"2026-02-25T00:01:49","slug":"aquapac-max-impact-vodootporna-plutajuca-torbica-za-telefon-160x190mm-ref-334","status":"publish","type":"product","link":"https:\/\/stoic-curie.212-227-153-4.plesk.page\/hr\/product\/aquapac-max-impact-vodootporna-plutajuca-torbica-za-telefon-160x190mm-ref-334\/","title":{"rendered":"Aquapac Max Impact Vodootporna Plutaju\u0107a Torbica za Telefon 160x190mm Ref 334"},"content":{"rendered":"<p>Aquapac Max Impact Vodootporna Plutaju\u0107a Torbica za Telefon 160x190mm Ref 334 &#8211; <\/p>\n<p>Ova vodootporna torbica je potopiva do 10 metara, plutaju\u0107a i otporna na udarce, dizajnirana posebno za pametne telefone. Dvostruki Lenzlex le\u0107ni prozor omogu\u0107uje vam snimanje impresivnih fotografija, bilo u vodi ili izvan nje, dok va\u0161a pametna telefona ostaje potpuno sigurna. Sve tipke, funkcije i ekran osjetljiv na dodir normalno rade kroz torbicu. Dolazi s 5 mm pjenastom stra\u017enjom stranom za za\u0161titu od udaraca i 50 cm dugom podesivom trakicom. C = unutarnji opseg.<\/p>\n","protected":false},"excerpt":{"rendered":"<p>Aquapac Max Impact Vodootporna Plutaju\u0107a Torbica za Telefon 160x190mm Ref 334 &#8211; Ova vodootporna torbica je potopiva do 10 metara,<\/p>\n","protected":false},"featured_media":5772712,"comment_status":"open","ping_status":"closed","template":"","meta":[],"product_brand":[2796],"product_cat":[1855],"product_tag":[],"class_list":{"0":"post-5774959","1":"product","2":"type-product","3":"status-publish","4":"has-post-thumbnail","6":"product_brand-aquapac-hr","7":"product_cat-suhe-torbe","9":"first","10":"instock","11":"shipping-taxable","12":"purchasable","13":"product-type-simple"},"_links":{"self":[{"href":"https:\/\/stoic-curie.212-227-153-4.plesk.page\/hr\/wp-json\/wp\/v2\/product\/5774959","targetHints":{"allow":["GET"]}}],"collection":[{"href":"https:\/\/stoic-curie.212-227-153-4.plesk.page\/hr\/wp-json\/wp\/v2\/product"}],"about":[{"href":"https:\/\/stoic-curie.212-227-153-4.plesk.page\/hr\/wp-json\/wp\/v2\/types\/product"}],"replies":[{"embeddable":true,"href":"https:\/\/stoic-curie.212-227-153-4.plesk.page\/hr\/wp-json\/wp\/v2\/comments?post=5774959"}],"version-history":[{"count":0,"href":"https:\/\/stoic-curie.212-227-153-4.plesk.page\/hr\/wp-json\/wp\/v2\/product\/5774959\/revisions"}],"wp:featuredmedia":[{"embeddable":true,"href":"https:\/\/stoic-curie.212-227-153-4.plesk.page\/hr\/wp-json\/wp\/v2\/media\/5772712"}],"wp:attachment":[{"href":"https:\/\/stoic-curie.212-227-153-4.plesk.page\/hr\/wp-json\/wp\/v2\/media?parent=5774959"}],"wp:term":[{"taxonomy":"product_brand","embeddable":true,"href":"https:\/\/stoic-curie.212-227-153-4.plesk.page\/hr\/wp-json\/wp\/v2\/product_brand?post=5774959"},{"taxonomy":"product_cat","embeddable":true,"href":"https:\/\/stoic-curie.212-227-153-4.plesk.page\/hr\/wp-json\/wp\/v2\/product_cat?post=5774959"},{"taxonomy":"product_tag","embeddable":true,"href":"https:\/\/stoic-curie.212-227-153-4.plesk.page\/hr\/wp-json\/wp\/v2\/product_tag?post=5774959"}],"curies":[{"name":"wp","href":"https:\/\/api.w.org\/{rel}","templated":true}]}}