{"id":5774962,"date":"2026-02-13T14:10:52","date_gmt":"2026-02-13T13:10:52","guid":{"rendered":"https:\/\/stoic-curie.212-227-153-4.plesk.page\/product\/fidlock-dry-bag-mini-vodootporna-torbica\/"},"modified":"2026-02-25T00:01:53","modified_gmt":"2026-02-25T00:01:53","slug":"fidlock-dry-bag-mini-vodootporna-torbica","status":"publish","type":"product","link":"https:\/\/stoic-curie.212-227-153-4.plesk.page\/hr\/product\/fidlock-dry-bag-mini-vodootporna-torbica\/","title":{"rendered":"Fidlock Dry Bag Mini Vodootporna Torbica"},"content":{"rendered":"<p>Fidlock Dry Bag Mini Vodootporna Torbica &#8211; <\/p>\n<p>Vodootporna torbica koja se mo\u017ee potopiti do 30 metara, sa patentiranom Gooper\u00c2\u00ae tehnologijom. Ovaj inovativni automatski hermeti\u010dki sustav zatvaranja osigurava da svi li\u010dni predmeti pohranjeni unutar ostanu sigurni. Torbica dolazi s 400 x 9 mm trakama za lako no\u0161enje.<\/p>\n","protected":false},"excerpt":{"rendered":"<p>Fidlock Dry Bag Mini Vodootporna Torbica &#8211; Vodootporna torbica koja se mo\u017ee potopiti do 30 metara, sa patentiranom Gooper\u00c2\u00ae tehnologijom.<\/p>\n","protected":false},"featured_media":5772730,"comment_status":"open","ping_status":"closed","template":"","meta":[],"product_brand":[2796],"product_cat":[1855],"product_tag":[],"class_list":{"0":"post-5774962","1":"product","2":"type-product","3":"status-publish","4":"has-post-thumbnail","6":"product_brand-aquapac-hr","7":"product_cat-suhe-torbe","9":"first","10":"instock","11":"shipping-taxable","12":"purchasable","13":"product-type-simple"},"_links":{"self":[{"href":"https:\/\/stoic-curie.212-227-153-4.plesk.page\/hr\/wp-json\/wp\/v2\/product\/5774962","targetHints":{"allow":["GET"]}}],"collection":[{"href":"https:\/\/stoic-curie.212-227-153-4.plesk.page\/hr\/wp-json\/wp\/v2\/product"}],"about":[{"href":"https:\/\/stoic-curie.212-227-153-4.plesk.page\/hr\/wp-json\/wp\/v2\/types\/product"}],"replies":[{"embeddable":true,"href":"https:\/\/stoic-curie.212-227-153-4.plesk.page\/hr\/wp-json\/wp\/v2\/comments?post=5774962"}],"version-history":[{"count":0,"href":"https:\/\/stoic-curie.212-227-153-4.plesk.page\/hr\/wp-json\/wp\/v2\/product\/5774962\/revisions"}],"wp:featuredmedia":[{"embeddable":true,"href":"https:\/\/stoic-curie.212-227-153-4.plesk.page\/hr\/wp-json\/wp\/v2\/media\/5772730"}],"wp:attachment":[{"href":"https:\/\/stoic-curie.212-227-153-4.plesk.page\/hr\/wp-json\/wp\/v2\/media?parent=5774962"}],"wp:term":[{"taxonomy":"product_brand","embeddable":true,"href":"https:\/\/stoic-curie.212-227-153-4.plesk.page\/hr\/wp-json\/wp\/v2\/product_brand?post=5774962"},{"taxonomy":"product_cat","embeddable":true,"href":"https:\/\/stoic-curie.212-227-153-4.plesk.page\/hr\/wp-json\/wp\/v2\/product_cat?post=5774962"},{"taxonomy":"product_tag","embeddable":true,"href":"https:\/\/stoic-curie.212-227-153-4.plesk.page\/hr\/wp-json\/wp\/v2\/product_tag?post=5774962"}],"curies":[{"name":"wp","href":"https:\/\/api.w.org\/{rel}","templated":true}]}}