{"id":5774963,"date":"2026-02-13T14:10:53","date_gmt":"2026-02-13T13:10:53","guid":{"rendered":"https:\/\/stoic-curie.212-227-153-4.plesk.page\/product\/fidlock-sling-torba-vodootporna-kutija\/"},"modified":"2026-02-25T00:01:53","modified_gmt":"2026-02-25T00:01:53","slug":"fidlock-sling-torba-vodootporna-kutija","status":"publish","type":"product","link":"https:\/\/stoic-curie.212-227-153-4.plesk.page\/hr\/product\/fidlock-sling-torba-vodootporna-kutija\/","title":{"rendered":"Fidlock Sling Torba Vodootporna Kutija"},"content":{"rendered":"<p>Fidlock Sling Torba Vodootporna Kutija &#8211; <\/p>\n<p>Vodootporna futrola za remen sa patentiranom Gooper\u00c2\u00ae tehnologijom, automatskim hermeti\u010dkim sustavom zatvaranja koji \u010duva sve va\u0161e osobne stvari unutra na sigurnom. Idealna za aktivnosti na otvorenom, tako\u0111er se mo\u017ee koristiti kao torba preko ramena za no\u0161enje pametnih telefona, dokumenata, klju\u010deva i novca. U kompletu sa remenom sa brzim otpu\u0161tanjem s FIDLOCK magnetskom kop\u010dom.<\/p>\n","protected":false},"excerpt":{"rendered":"<p>Fidlock Sling Torba Vodootporna Kutija &#8211; Vodootporna futrola za remen sa patentiranom Gooper\u00c2\u00ae tehnologijom, automatskim hermeti\u010dkim sustavom zatvaranja koji \u010duva<\/p>\n","protected":false},"featured_media":5772736,"comment_status":"open","ping_status":"closed","template":"","meta":[],"product_brand":[2796],"product_cat":[1855],"product_tag":[],"class_list":{"0":"post-5774963","1":"product","2":"type-product","3":"status-publish","4":"has-post-thumbnail","6":"product_brand-aquapac-hr","7":"product_cat-suhe-torbe","9":"first","10":"instock","11":"shipping-taxable","12":"purchasable","13":"product-type-simple"},"_links":{"self":[{"href":"https:\/\/stoic-curie.212-227-153-4.plesk.page\/hr\/wp-json\/wp\/v2\/product\/5774963","targetHints":{"allow":["GET"]}}],"collection":[{"href":"https:\/\/stoic-curie.212-227-153-4.plesk.page\/hr\/wp-json\/wp\/v2\/product"}],"about":[{"href":"https:\/\/stoic-curie.212-227-153-4.plesk.page\/hr\/wp-json\/wp\/v2\/types\/product"}],"replies":[{"embeddable":true,"href":"https:\/\/stoic-curie.212-227-153-4.plesk.page\/hr\/wp-json\/wp\/v2\/comments?post=5774963"}],"version-history":[{"count":0,"href":"https:\/\/stoic-curie.212-227-153-4.plesk.page\/hr\/wp-json\/wp\/v2\/product\/5774963\/revisions"}],"wp:featuredmedia":[{"embeddable":true,"href":"https:\/\/stoic-curie.212-227-153-4.plesk.page\/hr\/wp-json\/wp\/v2\/media\/5772736"}],"wp:attachment":[{"href":"https:\/\/stoic-curie.212-227-153-4.plesk.page\/hr\/wp-json\/wp\/v2\/media?parent=5774963"}],"wp:term":[{"taxonomy":"product_brand","embeddable":true,"href":"https:\/\/stoic-curie.212-227-153-4.plesk.page\/hr\/wp-json\/wp\/v2\/product_brand?post=5774963"},{"taxonomy":"product_cat","embeddable":true,"href":"https:\/\/stoic-curie.212-227-153-4.plesk.page\/hr\/wp-json\/wp\/v2\/product_cat?post=5774963"},{"taxonomy":"product_tag","embeddable":true,"href":"https:\/\/stoic-curie.212-227-153-4.plesk.page\/hr\/wp-json\/wp\/v2\/product_tag?post=5774963"}],"curies":[{"name":"wp","href":"https:\/\/api.w.org\/{rel}","templated":true}]}}