{"id":5774964,"date":"2026-02-13T14:10:53","date_gmt":"2026-02-13T13:10:53","guid":{"rendered":"https:\/\/stoic-curie.212-227-153-4.plesk.page\/product\/vrpca-sa-celjustima-od-nehrdajuceg-celika-50-mm-x-6-m-teret-za-lom-3000-kg\/"},"modified":"2026-02-25T00:01:53","modified_gmt":"2026-02-25T00:01:53","slug":"vrpca-sa-celjustima-od-nehrdajuceg-celika-50-mm-x-6-m-teret-za-lom-3000-kg","status":"publish","type":"product","link":"https:\/\/stoic-curie.212-227-153-4.plesk.page\/hr\/product\/vrpca-sa-celjustima-od-nehrdajuceg-celika-50-mm-x-6-m-teret-za-lom-3000-kg\/","title":{"rendered":"Vrpca sa \u010deljustima od nehr\u0111aju\u0107eg \u010delika 50 mm x 6 m &#8211; Teret za lom 3000 kg"},"content":{"rendered":"<p>Vrpca sa \u010deljustima od nehr\u0111aju\u0107eg \u010delika 50 mm x 6 m &#8211; Teret za lom 3000 kg &#8211; <\/p>\n<p>Ova vrpca sa \u010deljustima ima visoko otporni poliester i \u010deljust od nehr\u0111aju\u0107eg \u010delika, \u0161to je \u010dini idealnom za osiguranje bilo kojeg tereta na \u010damcima, mostovima, prtlja\u017enicima, kolica i vozilima. CE ozna\u010deno u skladu s EN 12195-2.<\/p>\n","protected":false},"excerpt":{"rendered":"<p>Vrpca sa \u010deljustima od nehr\u0111aju\u0107eg \u010delika 50 mm x 6 m &#8211; Teret za lom 3000 kg &#8211; Ova vrpca<\/p>\n","protected":false},"featured_media":5772747,"comment_status":"open","ping_status":"closed","template":"","meta":[],"product_brand":[2891],"product_cat":[1838],"product_tag":[],"class_list":{"0":"post-5774964","1":"product","2":"type-product","3":"status-publish","4":"has-post-thumbnail","6":"product_brand-domar-hr","7":"product_cat-trake-i-remeni-za-pritezanje","9":"first","10":"instock","11":"shipping-taxable","12":"purchasable","13":"product-type-simple"},"_links":{"self":[{"href":"https:\/\/stoic-curie.212-227-153-4.plesk.page\/hr\/wp-json\/wp\/v2\/product\/5774964","targetHints":{"allow":["GET"]}}],"collection":[{"href":"https:\/\/stoic-curie.212-227-153-4.plesk.page\/hr\/wp-json\/wp\/v2\/product"}],"about":[{"href":"https:\/\/stoic-curie.212-227-153-4.plesk.page\/hr\/wp-json\/wp\/v2\/types\/product"}],"replies":[{"embeddable":true,"href":"https:\/\/stoic-curie.212-227-153-4.plesk.page\/hr\/wp-json\/wp\/v2\/comments?post=5774964"}],"version-history":[{"count":0,"href":"https:\/\/stoic-curie.212-227-153-4.plesk.page\/hr\/wp-json\/wp\/v2\/product\/5774964\/revisions"}],"wp:featuredmedia":[{"embeddable":true,"href":"https:\/\/stoic-curie.212-227-153-4.plesk.page\/hr\/wp-json\/wp\/v2\/media\/5772747"}],"wp:attachment":[{"href":"https:\/\/stoic-curie.212-227-153-4.plesk.page\/hr\/wp-json\/wp\/v2\/media?parent=5774964"}],"wp:term":[{"taxonomy":"product_brand","embeddable":true,"href":"https:\/\/stoic-curie.212-227-153-4.plesk.page\/hr\/wp-json\/wp\/v2\/product_brand?post=5774964"},{"taxonomy":"product_cat","embeddable":true,"href":"https:\/\/stoic-curie.212-227-153-4.plesk.page\/hr\/wp-json\/wp\/v2\/product_cat?post=5774964"},{"taxonomy":"product_tag","embeddable":true,"href":"https:\/\/stoic-curie.212-227-153-4.plesk.page\/hr\/wp-json\/wp\/v2\/product_tag?post=5774964"}],"curies":[{"name":"wp","href":"https:\/\/api.w.org\/{rel}","templated":true}]}}