{"id":5774965,"date":"2026-02-13T14:10:54","date_gmt":"2026-02-13T13:10:54","guid":{"rendered":"https:\/\/stoic-curie.212-227-153-4.plesk.page\/product\/pumpacki-remen-od-nehrdajuceg-celika-s-kukom-50-mm-sirine-6-m-duzine-1500-kg-nosivosti\/"},"modified":"2026-02-25T00:01:53","modified_gmt":"2026-02-25T00:01:53","slug":"pumpacki-remen-od-nehrdajuceg-celika-s-kukom-50-mm-sirine-6-m-duzine-1500-kg-nosivosti","status":"publish","type":"product","link":"https:\/\/stoic-curie.212-227-153-4.plesk.page\/hr\/product\/pumpacki-remen-od-nehrdajuceg-celika-s-kukom-50-mm-sirine-6-m-duzine-1500-kg-nosivosti\/","title":{"rendered":"Pumpa\u010dki remen od nehr\u0111aju\u0107eg \u010delika s kukom &#8211; 50 mm \u0161irine, 6 m du\u017eine, 1500 kg nosivosti"},"content":{"rendered":"<p>Pumpa\u010dki remen od nehr\u0111aju\u0107eg \u010delika s kukom &#8211; 50 mm \u0161irine, 6 m du\u017eine, 1500 kg nosivosti &#8211; <\/p>\n<p>Ovaj pumpa\u010dki remen ima visoko otporan poliester i kukice, kao i pumpu od nehr\u0111aju\u0107eg \u010delika. Idealan je za vezivanje tereta na \u010damcima, mostovima, skladi\u0161tima, kolica i vozilima. CE ozna\u010den prema EN 12195-2.<\/p>\n","protected":false},"excerpt":{"rendered":"<p>Pumpa\u010dki remen od nehr\u0111aju\u0107eg \u010delika s kukom &#8211; 50 mm \u0161irine, 6 m du\u017eine, 1500 kg nosivosti &#8211; Ovaj pumpa\u010dki<\/p>\n","protected":false},"featured_media":5945691,"comment_status":"open","ping_status":"closed","template":"","meta":[],"product_brand":[2891],"product_cat":[1838],"product_tag":[],"class_list":{"0":"post-5774965","1":"product","2":"type-product","3":"status-publish","4":"has-post-thumbnail","6":"product_brand-domar-hr","7":"product_cat-trake-i-remeni-za-pritezanje","9":"first","10":"instock","11":"shipping-taxable","12":"purchasable","13":"product-type-simple"},"_links":{"self":[{"href":"https:\/\/stoic-curie.212-227-153-4.plesk.page\/hr\/wp-json\/wp\/v2\/product\/5774965","targetHints":{"allow":["GET"]}}],"collection":[{"href":"https:\/\/stoic-curie.212-227-153-4.plesk.page\/hr\/wp-json\/wp\/v2\/product"}],"about":[{"href":"https:\/\/stoic-curie.212-227-153-4.plesk.page\/hr\/wp-json\/wp\/v2\/types\/product"}],"replies":[{"embeddable":true,"href":"https:\/\/stoic-curie.212-227-153-4.plesk.page\/hr\/wp-json\/wp\/v2\/comments?post=5774965"}],"version-history":[{"count":0,"href":"https:\/\/stoic-curie.212-227-153-4.plesk.page\/hr\/wp-json\/wp\/v2\/product\/5774965\/revisions"}],"wp:featuredmedia":[{"embeddable":true,"href":"https:\/\/stoic-curie.212-227-153-4.plesk.page\/hr\/wp-json\/wp\/v2\/media\/5945691"}],"wp:attachment":[{"href":"https:\/\/stoic-curie.212-227-153-4.plesk.page\/hr\/wp-json\/wp\/v2\/media?parent=5774965"}],"wp:term":[{"taxonomy":"product_brand","embeddable":true,"href":"https:\/\/stoic-curie.212-227-153-4.plesk.page\/hr\/wp-json\/wp\/v2\/product_brand?post=5774965"},{"taxonomy":"product_cat","embeddable":true,"href":"https:\/\/stoic-curie.212-227-153-4.plesk.page\/hr\/wp-json\/wp\/v2\/product_cat?post=5774965"},{"taxonomy":"product_tag","embeddable":true,"href":"https:\/\/stoic-curie.212-227-153-4.plesk.page\/hr\/wp-json\/wp\/v2\/product_tag?post=5774965"}],"curies":[{"name":"wp","href":"https:\/\/api.w.org\/{rel}","templated":true}]}}