{"id":5774967,"date":"2026-02-13T14:10:55","date_gmt":"2026-02-13T13:10:55","guid":{"rendered":"https:\/\/stoic-curie.212-227-153-4.plesk.page\/product\/gatorskinz-stepenica-s-3m-lijepilom-102-x-406-mm-4x16\/"},"modified":"2026-02-25T00:01:53","modified_gmt":"2026-02-25T00:01:53","slug":"gatorskinz-stepenica-s-3m-lijepilom-102-x-406-mm-4x16","status":"publish","type":"product","link":"https:\/\/stoic-curie.212-227-153-4.plesk.page\/hr\/product\/gatorskinz-stepenica-s-3m-lijepilom-102-x-406-mm-4x16\/","title":{"rendered":"Gatorskinz Stepenica s 3M Lijepilom &#8211; 102 x 406 mm (4&#215;16&#8243;)"},"content":{"rendered":"<p>Gatorskinz Stepenica s 3M Lijepilom &#8211; 102 x 406 mm (4&#215;16&#8243;) &#8211; <\/p>\n<p>Protivsl slip pokrov za stepenice izra\u0111en od \u010distog poliuretana s 3M ljepilom, spreman za primjenu. Idealan za stepenice, staze i bilo koju povr\u0161inu koja zahtijeva za\u0161titu od klizanja. Preporu\u010duje se primjena s 3M primerom 5722402. Prodaje se u blister pakiranju od dva komada.<\/p>\n","protected":false},"excerpt":{"rendered":"<p>Gatorskinz Stepenica s 3M Lijepilom &#8211; 102 x 406 mm (4&#215;16&#8243;) &#8211; Protivsl slip pokrov za stepenice izra\u0111en od \u010distog<\/p>\n","protected":false},"featured_media":5772754,"comment_status":"open","ping_status":"closed","template":"","meta":[],"product_brand":[2771],"product_cat":[1629],"product_tag":[],"class_list":{"0":"post-5774967","1":"product","2":"type-product","3":"status-publish","4":"has-post-thumbnail","6":"product_brand-3m-marine-hr","7":"product_cat-protuklizne-trake-i-podovi","9":"first","10":"instock","11":"shipping-taxable","12":"purchasable","13":"product-type-simple"},"_links":{"self":[{"href":"https:\/\/stoic-curie.212-227-153-4.plesk.page\/hr\/wp-json\/wp\/v2\/product\/5774967","targetHints":{"allow":["GET"]}}],"collection":[{"href":"https:\/\/stoic-curie.212-227-153-4.plesk.page\/hr\/wp-json\/wp\/v2\/product"}],"about":[{"href":"https:\/\/stoic-curie.212-227-153-4.plesk.page\/hr\/wp-json\/wp\/v2\/types\/product"}],"replies":[{"embeddable":true,"href":"https:\/\/stoic-curie.212-227-153-4.plesk.page\/hr\/wp-json\/wp\/v2\/comments?post=5774967"}],"version-history":[{"count":0,"href":"https:\/\/stoic-curie.212-227-153-4.plesk.page\/hr\/wp-json\/wp\/v2\/product\/5774967\/revisions"}],"wp:featuredmedia":[{"embeddable":true,"href":"https:\/\/stoic-curie.212-227-153-4.plesk.page\/hr\/wp-json\/wp\/v2\/media\/5772754"}],"wp:attachment":[{"href":"https:\/\/stoic-curie.212-227-153-4.plesk.page\/hr\/wp-json\/wp\/v2\/media?parent=5774967"}],"wp:term":[{"taxonomy":"product_brand","embeddable":true,"href":"https:\/\/stoic-curie.212-227-153-4.plesk.page\/hr\/wp-json\/wp\/v2\/product_brand?post=5774967"},{"taxonomy":"product_cat","embeddable":true,"href":"https:\/\/stoic-curie.212-227-153-4.plesk.page\/hr\/wp-json\/wp\/v2\/product_cat?post=5774967"},{"taxonomy":"product_tag","embeddable":true,"href":"https:\/\/stoic-curie.212-227-153-4.plesk.page\/hr\/wp-json\/wp\/v2\/product_tag?post=5774967"}],"curies":[{"name":"wp","href":"https:\/\/api.w.org\/{rel}","templated":true}]}}