{"id":5774968,"date":"2026-02-13T14:10:56","date_gmt":"2026-02-13T13:10:56","guid":{"rendered":"https:\/\/stoic-curie.212-227-153-4.plesk.page\/product\/gatorskinz-3m-ljepljivi-pokrov-dim-305-x-610-mm-12x24\/"},"modified":"2026-02-25T00:01:53","modified_gmt":"2026-02-25T00:01:53","slug":"gatorskinz-3m-ljepljivi-pokrov-dim-305-x-610-mm-12x24","status":"publish","type":"product","link":"https:\/\/stoic-curie.212-227-153-4.plesk.page\/hr\/product\/gatorskinz-3m-ljepljivi-pokrov-dim-305-x-610-mm-12x24\/","title":{"rendered":"Gatorskinz 3M Ljepljivi Pokrov (Dim 305 x 610 mm; 12&#215;24&#8243;)"},"content":{"rendered":"<p>Gatorskinz 3M Ljepljivi Pokrov (Dim 305 x 610 mm; 12&#215;24&#8243;) &#8211; <\/p>\n<p>Pokrov protiv klizanja od \u010distog poliuretana s 3M ljepilom, spreman za primjenu. Idealan za prekrivanje staza i povr\u0161ina koje zahtijevaju za\u0161titu od klizanja. Za najbolju primjenu preporu\u010duje se kori\u0161tenje 3M prajmera 5722402.<\/p>\n","protected":false},"excerpt":{"rendered":"<p>Gatorskinz 3M Ljepljivi Pokrov (Dim 305 x 610 mm; 12&#215;24&#8243;) &#8211; Pokrov protiv klizanja od \u010distog poliuretana s 3M ljepilom,<\/p>\n","protected":false},"featured_media":5772759,"comment_status":"open","ping_status":"closed","template":"","meta":[],"product_brand":[2771],"product_cat":[1629],"product_tag":[],"class_list":{"0":"post-5774968","1":"product","2":"type-product","3":"status-publish","4":"has-post-thumbnail","6":"product_brand-3m-marine-hr","7":"product_cat-protuklizne-trake-i-podovi","9":"first","10":"instock","11":"shipping-taxable","12":"purchasable","13":"product-type-simple"},"_links":{"self":[{"href":"https:\/\/stoic-curie.212-227-153-4.plesk.page\/hr\/wp-json\/wp\/v2\/product\/5774968","targetHints":{"allow":["GET"]}}],"collection":[{"href":"https:\/\/stoic-curie.212-227-153-4.plesk.page\/hr\/wp-json\/wp\/v2\/product"}],"about":[{"href":"https:\/\/stoic-curie.212-227-153-4.plesk.page\/hr\/wp-json\/wp\/v2\/types\/product"}],"replies":[{"embeddable":true,"href":"https:\/\/stoic-curie.212-227-153-4.plesk.page\/hr\/wp-json\/wp\/v2\/comments?post=5774968"}],"version-history":[{"count":0,"href":"https:\/\/stoic-curie.212-227-153-4.plesk.page\/hr\/wp-json\/wp\/v2\/product\/5774968\/revisions"}],"wp:featuredmedia":[{"embeddable":true,"href":"https:\/\/stoic-curie.212-227-153-4.plesk.page\/hr\/wp-json\/wp\/v2\/media\/5772759"}],"wp:attachment":[{"href":"https:\/\/stoic-curie.212-227-153-4.plesk.page\/hr\/wp-json\/wp\/v2\/media?parent=5774968"}],"wp:term":[{"taxonomy":"product_brand","embeddable":true,"href":"https:\/\/stoic-curie.212-227-153-4.plesk.page\/hr\/wp-json\/wp\/v2\/product_brand?post=5774968"},{"taxonomy":"product_cat","embeddable":true,"href":"https:\/\/stoic-curie.212-227-153-4.plesk.page\/hr\/wp-json\/wp\/v2\/product_cat?post=5774968"},{"taxonomy":"product_tag","embeddable":true,"href":"https:\/\/stoic-curie.212-227-153-4.plesk.page\/hr\/wp-json\/wp\/v2\/product_tag?post=5774968"}],"curies":[{"name":"wp","href":"https:\/\/api.w.org\/{rel}","templated":true}]}}