{"id":5774969,"date":"2026-02-13T14:10:56","date_gmt":"2026-02-13T13:10:56","guid":{"rendered":"https:\/\/stoic-curie.212-227-153-4.plesk.page\/product\/gatorskinz-3m-ljepljiva-prevleka-610-x-610-mm-24-x-24-inca\/"},"modified":"2026-02-25T00:01:53","modified_gmt":"2026-02-25T00:01:53","slug":"gatorskinz-3m-ljepljiva-prevleka-610-x-610-mm-24-x-24-inca","status":"publish","type":"product","link":"https:\/\/stoic-curie.212-227-153-4.plesk.page\/hr\/product\/gatorskinz-3m-ljepljiva-prevleka-610-x-610-mm-24-x-24-inca\/","title":{"rendered":"Gatorskinz 3M Ljepljiva Prevleka 610 x 610 mm (24 x 24 in\u010da)"},"content":{"rendered":"<p>Gatorskinz 3M Ljepljiva Prevleka 610 x 610 mm (24 x 24 in\u010da) &#8211; <\/p>\n<p>Iskusite sigurnost na\u0161e protuklizne prevlake koja se sastoji od \u010distog poliuretana s jakim 3M ljepilom, spremna za neposrednu primjenu. Idealna je za staze i povr\u0161ine koje zahtijevaju za\u0161titu od klizanja. Za najbolje rezultate preporu\u010damo kori\u0161tenje 3M Primera 5722402 tijekom primjene.<\/p>\n","protected":false},"excerpt":{"rendered":"<p>Gatorskinz 3M Ljepljiva Prevleka 610 x 610 mm (24 x 24 in\u010da) &#8211; Iskusite sigurnost na\u0161e protuklizne prevlake koja se<\/p>\n","protected":false},"featured_media":5772759,"comment_status":"open","ping_status":"closed","template":"","meta":[],"product_brand":[2771],"product_cat":[1629],"product_tag":[],"class_list":{"0":"post-5774969","1":"product","2":"type-product","3":"status-publish","4":"has-post-thumbnail","6":"product_brand-3m-marine-hr","7":"product_cat-protuklizne-trake-i-podovi","9":"first","10":"instock","11":"shipping-taxable","12":"purchasable","13":"product-type-simple"},"_links":{"self":[{"href":"https:\/\/stoic-curie.212-227-153-4.plesk.page\/hr\/wp-json\/wp\/v2\/product\/5774969","targetHints":{"allow":["GET"]}}],"collection":[{"href":"https:\/\/stoic-curie.212-227-153-4.plesk.page\/hr\/wp-json\/wp\/v2\/product"}],"about":[{"href":"https:\/\/stoic-curie.212-227-153-4.plesk.page\/hr\/wp-json\/wp\/v2\/types\/product"}],"replies":[{"embeddable":true,"href":"https:\/\/stoic-curie.212-227-153-4.plesk.page\/hr\/wp-json\/wp\/v2\/comments?post=5774969"}],"version-history":[{"count":0,"href":"https:\/\/stoic-curie.212-227-153-4.plesk.page\/hr\/wp-json\/wp\/v2\/product\/5774969\/revisions"}],"wp:featuredmedia":[{"embeddable":true,"href":"https:\/\/stoic-curie.212-227-153-4.plesk.page\/hr\/wp-json\/wp\/v2\/media\/5772759"}],"wp:attachment":[{"href":"https:\/\/stoic-curie.212-227-153-4.plesk.page\/hr\/wp-json\/wp\/v2\/media?parent=5774969"}],"wp:term":[{"taxonomy":"product_brand","embeddable":true,"href":"https:\/\/stoic-curie.212-227-153-4.plesk.page\/hr\/wp-json\/wp\/v2\/product_brand?post=5774969"},{"taxonomy":"product_cat","embeddable":true,"href":"https:\/\/stoic-curie.212-227-153-4.plesk.page\/hr\/wp-json\/wp\/v2\/product_cat?post=5774969"},{"taxonomy":"product_tag","embeddable":true,"href":"https:\/\/stoic-curie.212-227-153-4.plesk.page\/hr\/wp-json\/wp\/v2\/product_tag?post=5774969"}],"curies":[{"name":"wp","href":"https:\/\/api.w.org\/{rel}","templated":true}]}}