{"id":5774970,"date":"2026-02-13T14:10:57","date_gmt":"2026-02-13T13:10:57","guid":{"rendered":"https:\/\/stoic-curie.212-227-153-4.plesk.page\/product\/3m-akusticna-obloga-2-mm-db-10-cm-50-x-50\/"},"modified":"2026-02-25T00:01:53","modified_gmt":"2026-02-25T00:01:53","slug":"3m-akusticna-obloga-2-mm-db-10-cm-50-x-50","status":"publish","type":"product","link":"https:\/\/stoic-curie.212-227-153-4.plesk.page\/hr\/product\/3m-akusticna-obloga-2-mm-db-10-cm-50-x-50\/","title":{"rendered":"3M Akusti\u010dna Obloga &#8211; 2 mm DB 10 cm 50 x 50"},"content":{"rendered":"<p>3M Akusti\u010dna Obloga &#8211; 2 mm DB 10 cm 50 x 50 &#8211; <\/p>\n<p>3M samoljepljivi akusti\u010dni panel jednostavan je za primjenu ru\u010dno i mo\u017ee se rezati i oblikovati kako bi odgovarao povr\u0161ini. Zbog svoje strukture u obliku dijamanta, u\u010dinkovito prigu\u0161uje vibracije i smanjuje niske frekvencije buke kao i visoke frekvencije metalnih zvukova ili zvi\u017eduka.<\/p>\n","protected":false},"excerpt":{"rendered":"<p>3M Akusti\u010dna Obloga &#8211; 2 mm DB 10 cm 50 x 50 &#8211; 3M samoljepljivi akusti\u010dni panel jednostavan je za<\/p>\n","protected":false},"featured_media":5772771,"comment_status":"open","ping_status":"closed","template":"","meta":[],"product_brand":[2771],"product_cat":[1810],"product_tag":[],"class_list":{"0":"post-5774970","1":"product","2":"type-product","3":"status-publish","4":"has-post-thumbnail","6":"product_brand-3m-marine-hr","7":"product_cat-izolacija-i-zvucna-izolacija","9":"first","10":"instock","11":"shipping-taxable","12":"purchasable","13":"product-type-simple"},"_links":{"self":[{"href":"https:\/\/stoic-curie.212-227-153-4.plesk.page\/hr\/wp-json\/wp\/v2\/product\/5774970","targetHints":{"allow":["GET"]}}],"collection":[{"href":"https:\/\/stoic-curie.212-227-153-4.plesk.page\/hr\/wp-json\/wp\/v2\/product"}],"about":[{"href":"https:\/\/stoic-curie.212-227-153-4.plesk.page\/hr\/wp-json\/wp\/v2\/types\/product"}],"replies":[{"embeddable":true,"href":"https:\/\/stoic-curie.212-227-153-4.plesk.page\/hr\/wp-json\/wp\/v2\/comments?post=5774970"}],"version-history":[{"count":0,"href":"https:\/\/stoic-curie.212-227-153-4.plesk.page\/hr\/wp-json\/wp\/v2\/product\/5774970\/revisions"}],"wp:featuredmedia":[{"embeddable":true,"href":"https:\/\/stoic-curie.212-227-153-4.plesk.page\/hr\/wp-json\/wp\/v2\/media\/5772771"}],"wp:attachment":[{"href":"https:\/\/stoic-curie.212-227-153-4.plesk.page\/hr\/wp-json\/wp\/v2\/media?parent=5774970"}],"wp:term":[{"taxonomy":"product_brand","embeddable":true,"href":"https:\/\/stoic-curie.212-227-153-4.plesk.page\/hr\/wp-json\/wp\/v2\/product_brand?post=5774970"},{"taxonomy":"product_cat","embeddable":true,"href":"https:\/\/stoic-curie.212-227-153-4.plesk.page\/hr\/wp-json\/wp\/v2\/product_cat?post=5774970"},{"taxonomy":"product_tag","embeddable":true,"href":"https:\/\/stoic-curie.212-227-153-4.plesk.page\/hr\/wp-json\/wp\/v2\/product_tag?post=5774970"}],"curies":[{"name":"wp","href":"https:\/\/api.w.org\/{rel}","templated":true}]}}