{"id":5774988,"date":"2026-02-13T14:11:09","date_gmt":"2026-02-13T13:11:09","guid":{"rendered":"https:\/\/stoic-curie.212-227-153-4.plesk.page\/product\/odasiljac-anoda-za-mercruiser-alpha-one-original-806189q1\/"},"modified":"2026-02-25T00:01:53","modified_gmt":"2026-02-25T00:01:53","slug":"odasiljac-anoda-za-mercruiser-alpha-one-original-806189q1","status":"publish","type":"product","link":"https:\/\/stoic-curie.212-227-153-4.plesk.page\/hr\/product\/odasiljac-anoda-za-mercruiser-alpha-one-original-806189q1\/","title":{"rendered":"Oda\u0161ilja\u010d Anoda za Mercruiser Alpha One &#8211; Original 806189Q1"},"content":{"rendered":"<p>Oda\u0161ilja\u010d Anoda za Mercruiser Alpha One &#8211; Original 806189Q1 &#8211; <\/p>\n<p>Oda\u0161ilja\u010d anoda za Mercruiser Alpha Gen I i Gen II motore.<\/p>\n","protected":false},"excerpt":{"rendered":"<p>Oda\u0161ilja\u010d Anoda za Mercruiser Alpha One &#8211; Original 806189Q1 &#8211; Oda\u0161ilja\u010d anoda za Mercruiser Alpha Gen I i Gen II<\/p>\n","protected":false},"featured_media":5772837,"comment_status":"open","ping_status":"closed","template":"","meta":[],"product_brand":[3286],"product_cat":[1830],"product_tag":[],"class_list":{"0":"post-5774988","1":"product","2":"type-product","3":"status-publish","4":"has-post-thumbnail","6":"product_brand-quicksilver-hr","7":"product_cat-rezervni-dijelovi-za-vanbrodske-motore-mercruiser","9":"first","10":"instock","11":"shipping-taxable","12":"purchasable","13":"product-type-simple"},"_links":{"self":[{"href":"https:\/\/stoic-curie.212-227-153-4.plesk.page\/hr\/wp-json\/wp\/v2\/product\/5774988","targetHints":{"allow":["GET"]}}],"collection":[{"href":"https:\/\/stoic-curie.212-227-153-4.plesk.page\/hr\/wp-json\/wp\/v2\/product"}],"about":[{"href":"https:\/\/stoic-curie.212-227-153-4.plesk.page\/hr\/wp-json\/wp\/v2\/types\/product"}],"replies":[{"embeddable":true,"href":"https:\/\/stoic-curie.212-227-153-4.plesk.page\/hr\/wp-json\/wp\/v2\/comments?post=5774988"}],"version-history":[{"count":0,"href":"https:\/\/stoic-curie.212-227-153-4.plesk.page\/hr\/wp-json\/wp\/v2\/product\/5774988\/revisions"}],"wp:featuredmedia":[{"embeddable":true,"href":"https:\/\/stoic-curie.212-227-153-4.plesk.page\/hr\/wp-json\/wp\/v2\/media\/5772837"}],"wp:attachment":[{"href":"https:\/\/stoic-curie.212-227-153-4.plesk.page\/hr\/wp-json\/wp\/v2\/media?parent=5774988"}],"wp:term":[{"taxonomy":"product_brand","embeddable":true,"href":"https:\/\/stoic-curie.212-227-153-4.plesk.page\/hr\/wp-json\/wp\/v2\/product_brand?post=5774988"},{"taxonomy":"product_cat","embeddable":true,"href":"https:\/\/stoic-curie.212-227-153-4.plesk.page\/hr\/wp-json\/wp\/v2\/product_cat?post=5774988"},{"taxonomy":"product_tag","embeddable":true,"href":"https:\/\/stoic-curie.212-227-153-4.plesk.page\/hr\/wp-json\/wp\/v2\/product_tag?post=5774988"}],"curies":[{"name":"wp","href":"https:\/\/api.w.org\/{rel}","templated":true}]}}