{"id":5774993,"date":"2026-02-13T14:11:12","date_gmt":"2026-02-13T13:11:12","guid":{"rendered":"https:\/\/stoic-curie.212-227-153-4.plesk.page\/product\/cilindricna-podloska-anoda-za-honda-bf-8-40-ks-motor\/"},"modified":"2026-02-25T00:01:53","modified_gmt":"2026-02-25T00:01:53","slug":"cilindricna-podloska-anoda-za-honda-bf-8-40-ks-motor","status":"publish","type":"product","link":"https:\/\/stoic-curie.212-227-153-4.plesk.page\/hr\/product\/cilindricna-podloska-anoda-za-honda-bf-8-40-ks-motor\/","title":{"rendered":"Cilindri\u010dna Podlo\u0161ka Anoda za Honda BF 8-40 KS Motor"},"content":{"rendered":"<p>Cilindri\u010dna Podlo\u0161ka Anoda za Honda BF 8-40 KS Motor &#8211; <\/p>\n<p>Cilindri\u010dna podlo\u0161ka anoda dizajnirana za manifolde Honda BF 8-40 KS motora.<\/p>\n","protected":false},"excerpt":{"rendered":"<p>Cilindri\u010dna Podlo\u0161ka Anoda za Honda BF 8-40 KS Motor &#8211; Cilindri\u010dna podlo\u0161ka anoda dizajnirana za manifolde Honda BF 8-40 KS<\/p>\n","protected":false},"featured_media":5772856,"comment_status":"open","ping_status":"closed","template":"","meta":[],"product_brand":[3476],"product_cat":[1825],"product_tag":[],"class_list":{"0":"post-5774993","1":"product","2":"type-product","3":"status-publish","4":"has-post-thumbnail","6":"product_brand-tecnoseal-hr","7":"product_cat-rezervni-dijelovi-za-vanbrodske-motore-honda","9":"first","10":"instock","11":"shipping-taxable","12":"purchasable","13":"product-type-simple"},"_links":{"self":[{"href":"https:\/\/stoic-curie.212-227-153-4.plesk.page\/hr\/wp-json\/wp\/v2\/product\/5774993","targetHints":{"allow":["GET"]}}],"collection":[{"href":"https:\/\/stoic-curie.212-227-153-4.plesk.page\/hr\/wp-json\/wp\/v2\/product"}],"about":[{"href":"https:\/\/stoic-curie.212-227-153-4.plesk.page\/hr\/wp-json\/wp\/v2\/types\/product"}],"replies":[{"embeddable":true,"href":"https:\/\/stoic-curie.212-227-153-4.plesk.page\/hr\/wp-json\/wp\/v2\/comments?post=5774993"}],"version-history":[{"count":0,"href":"https:\/\/stoic-curie.212-227-153-4.plesk.page\/hr\/wp-json\/wp\/v2\/product\/5774993\/revisions"}],"wp:featuredmedia":[{"embeddable":true,"href":"https:\/\/stoic-curie.212-227-153-4.plesk.page\/hr\/wp-json\/wp\/v2\/media\/5772856"}],"wp:attachment":[{"href":"https:\/\/stoic-curie.212-227-153-4.plesk.page\/hr\/wp-json\/wp\/v2\/media?parent=5774993"}],"wp:term":[{"taxonomy":"product_brand","embeddable":true,"href":"https:\/\/stoic-curie.212-227-153-4.plesk.page\/hr\/wp-json\/wp\/v2\/product_brand?post=5774993"},{"taxonomy":"product_cat","embeddable":true,"href":"https:\/\/stoic-curie.212-227-153-4.plesk.page\/hr\/wp-json\/wp\/v2\/product_cat?post=5774993"},{"taxonomy":"product_tag","embeddable":true,"href":"https:\/\/stoic-curie.212-227-153-4.plesk.page\/hr\/wp-json\/wp\/v2\/product_tag?post=5774993"}],"curies":[{"name":"wp","href":"https:\/\/api.w.org\/{rel}","templated":true}]}}