{"id":5774994,"date":"2026-02-13T14:11:13","date_gmt":"2026-02-13T13:11:13","guid":{"rendered":"https:\/\/stoic-curie.212-227-153-4.plesk.page\/product\/konicna-podloska-anoda-za-honda-bf-8-40-ks-original-12155-zv4-a00\/"},"modified":"2026-02-25T00:01:53","modified_gmt":"2026-02-25T00:01:53","slug":"konicna-podloska-anoda-za-honda-bf-8-40-ks-original-12155-zv4-a00","status":"publish","type":"product","link":"https:\/\/stoic-curie.212-227-153-4.plesk.page\/hr\/product\/konicna-podloska-anoda-za-honda-bf-8-40-ks-original-12155-zv4-a00\/","title":{"rendered":"Koni\u010dna podlo\u0161ka anoda za Honda BF 8-40 KS &#8211; Original 12155-ZV4-A00"},"content":{"rendered":"<p>Koni\u010dna podlo\u0161ka anoda za Honda BF 8-40 KS &#8211; Original 12155-ZV4-A00 &#8211; <\/p>\n<p>Koni\u010dna podlo\u0161ka anoda dizajnirana za manifold motora Honda BF 8-40 KS.<\/p>\n","protected":false},"excerpt":{"rendered":"<p>Koni\u010dna podlo\u0161ka anoda za Honda BF 8-40 KS &#8211; Original 12155-ZV4-A00 &#8211; Koni\u010dna podlo\u0161ka anoda dizajnirana za manifold motora Honda<\/p>\n","protected":false},"featured_media":5772860,"comment_status":"open","ping_status":"closed","template":"","meta":[],"product_brand":[3476],"product_cat":[1825],"product_tag":[],"class_list":{"0":"post-5774994","1":"product","2":"type-product","3":"status-publish","4":"has-post-thumbnail","6":"product_brand-tecnoseal-hr","7":"product_cat-rezervni-dijelovi-za-vanbrodske-motore-honda","9":"first","10":"instock","11":"shipping-taxable","12":"purchasable","13":"product-type-simple"},"_links":{"self":[{"href":"https:\/\/stoic-curie.212-227-153-4.plesk.page\/hr\/wp-json\/wp\/v2\/product\/5774994","targetHints":{"allow":["GET"]}}],"collection":[{"href":"https:\/\/stoic-curie.212-227-153-4.plesk.page\/hr\/wp-json\/wp\/v2\/product"}],"about":[{"href":"https:\/\/stoic-curie.212-227-153-4.plesk.page\/hr\/wp-json\/wp\/v2\/types\/product"}],"replies":[{"embeddable":true,"href":"https:\/\/stoic-curie.212-227-153-4.plesk.page\/hr\/wp-json\/wp\/v2\/comments?post=5774994"}],"version-history":[{"count":0,"href":"https:\/\/stoic-curie.212-227-153-4.plesk.page\/hr\/wp-json\/wp\/v2\/product\/5774994\/revisions"}],"wp:featuredmedia":[{"embeddable":true,"href":"https:\/\/stoic-curie.212-227-153-4.plesk.page\/hr\/wp-json\/wp\/v2\/media\/5772860"}],"wp:attachment":[{"href":"https:\/\/stoic-curie.212-227-153-4.plesk.page\/hr\/wp-json\/wp\/v2\/media?parent=5774994"}],"wp:term":[{"taxonomy":"product_brand","embeddable":true,"href":"https:\/\/stoic-curie.212-227-153-4.plesk.page\/hr\/wp-json\/wp\/v2\/product_brand?post=5774994"},{"taxonomy":"product_cat","embeddable":true,"href":"https:\/\/stoic-curie.212-227-153-4.plesk.page\/hr\/wp-json\/wp\/v2\/product_cat?post=5774994"},{"taxonomy":"product_tag","embeddable":true,"href":"https:\/\/stoic-curie.212-227-153-4.plesk.page\/hr\/wp-json\/wp\/v2\/product_tag?post=5774994"}],"curies":[{"name":"wp","href":"https:\/\/api.w.org\/{rel}","templated":true}]}}