{"id":5774999,"date":"2026-02-13T14:11:16","date_gmt":"2026-02-13T13:11:16","guid":{"rendered":"https:\/\/stoic-curie.212-227-153-4.plesk.page\/product\/yamaha-80-100-ks-anodni-komplet\/"},"modified":"2026-02-25T00:01:53","modified_gmt":"2026-02-25T00:01:53","slug":"yamaha-80-100-ks-anodni-komplet","status":"publish","type":"product","link":"https:\/\/stoic-curie.212-227-153-4.plesk.page\/hr\/product\/yamaha-80-100-ks-anodni-komplet\/","title":{"rendered":"Yamaha 80\u2013100 KS anodni komplet"},"content":{"rendered":"<p>Yamaha 80\u2013100 KS anodni komplet &#8211; <\/p>\n<p>Martyr anodni komplet za Yamaha 80\u2013100 KS od M2 aluminijske legure. Ovi anodi te\u017ee 50% manje od tradicionalnih cinkovih anodnih i pru\u017eaju istu razinu za\u0161tite. Komplet uklju\u010duje: <br \/>1 x 6H1-45251-03 <br \/>1 x 67F-11325-00 <br \/>1 x 67F-45371-00<\/p>\n","protected":false},"excerpt":{"rendered":"<p>Yamaha 80\u2013100 KS anodni komplet &#8211; Martyr anodni komplet za Yamaha 80\u2013100 KS od M2 aluminijske legure. Ovi anodi te\u017ee<\/p>\n","protected":false},"featured_media":5772901,"comment_status":"open","ping_status":"closed","template":"","meta":[],"product_brand":[3126],"product_cat":[1831],"product_tag":[],"class_list":{"0":"post-5774999","1":"product","2":"type-product","3":"status-publish","4":"has-post-thumbnail","6":"product_brand-martyr-hr","7":"product_cat-rezervni-dijelovi-za-vanbrodske-motore-yamaha","9":"first","10":"instock","11":"shipping-taxable","12":"purchasable","13":"product-type-simple"},"_links":{"self":[{"href":"https:\/\/stoic-curie.212-227-153-4.plesk.page\/hr\/wp-json\/wp\/v2\/product\/5774999","targetHints":{"allow":["GET"]}}],"collection":[{"href":"https:\/\/stoic-curie.212-227-153-4.plesk.page\/hr\/wp-json\/wp\/v2\/product"}],"about":[{"href":"https:\/\/stoic-curie.212-227-153-4.plesk.page\/hr\/wp-json\/wp\/v2\/types\/product"}],"replies":[{"embeddable":true,"href":"https:\/\/stoic-curie.212-227-153-4.plesk.page\/hr\/wp-json\/wp\/v2\/comments?post=5774999"}],"version-history":[{"count":0,"href":"https:\/\/stoic-curie.212-227-153-4.plesk.page\/hr\/wp-json\/wp\/v2\/product\/5774999\/revisions"}],"wp:featuredmedia":[{"embeddable":true,"href":"https:\/\/stoic-curie.212-227-153-4.plesk.page\/hr\/wp-json\/wp\/v2\/media\/5772901"}],"wp:attachment":[{"href":"https:\/\/stoic-curie.212-227-153-4.plesk.page\/hr\/wp-json\/wp\/v2\/media?parent=5774999"}],"wp:term":[{"taxonomy":"product_brand","embeddable":true,"href":"https:\/\/stoic-curie.212-227-153-4.plesk.page\/hr\/wp-json\/wp\/v2\/product_brand?post=5774999"},{"taxonomy":"product_cat","embeddable":true,"href":"https:\/\/stoic-curie.212-227-153-4.plesk.page\/hr\/wp-json\/wp\/v2\/product_cat?post=5774999"},{"taxonomy":"product_tag","embeddable":true,"href":"https:\/\/stoic-curie.212-227-153-4.plesk.page\/hr\/wp-json\/wp\/v2\/product_tag?post=5774999"}],"curies":[{"name":"wp","href":"https:\/\/api.w.org\/{rel}","templated":true}]}}