{"id":5775000,"date":"2026-02-13T14:11:17","date_gmt":"2026-02-13T13:11:17","guid":{"rendered":"https:\/\/stoic-curie.212-227-153-4.plesk.page\/product\/yamaha-150-200-ks-anodni-komplet\/"},"modified":"2026-02-25T00:01:53","modified_gmt":"2026-02-25T00:01:53","slug":"yamaha-150-200-ks-anodni-komplet","status":"publish","type":"product","link":"https:\/\/stoic-curie.212-227-153-4.plesk.page\/hr\/product\/yamaha-150-200-ks-anodni-komplet\/","title":{"rendered":"Yamaha 150\u2013200 ks anodni komplet"},"content":{"rendered":"<p>Yamaha 150\u2013200 ks anodni komplet &#8211; <\/p>\n<p>Martyr anodni komplet za Yamaha 150\u2013200 KS izra\u0111en od M2 aluminijske legure. Ove anode te\u017ee 50% manje od tradicionalnih cinkovih anoda, a pru\u017eaju istu razinu za\u0161tite. Komplet uklju\u010duje: 1 x 8M0057772, 1 x 762145Q, 2 x 826134Q<\/p>\n","protected":false},"excerpt":{"rendered":"<p>Yamaha 150\u2013200 ks anodni komplet &#8211; Martyr anodni komplet za Yamaha 150\u2013200 KS izra\u0111en od M2 aluminijske legure. Ove anode<\/p>\n","protected":false},"featured_media":5772903,"comment_status":"open","ping_status":"closed","template":"","meta":[],"product_brand":[3126],"product_cat":[1831],"product_tag":[],"class_list":{"0":"post-5775000","1":"product","2":"type-product","3":"status-publish","4":"has-post-thumbnail","6":"product_brand-martyr-hr","7":"product_cat-rezervni-dijelovi-za-vanbrodske-motore-yamaha","9":"first","10":"instock","11":"shipping-taxable","12":"purchasable","13":"product-type-simple"},"_links":{"self":[{"href":"https:\/\/stoic-curie.212-227-153-4.plesk.page\/hr\/wp-json\/wp\/v2\/product\/5775000","targetHints":{"allow":["GET"]}}],"collection":[{"href":"https:\/\/stoic-curie.212-227-153-4.plesk.page\/hr\/wp-json\/wp\/v2\/product"}],"about":[{"href":"https:\/\/stoic-curie.212-227-153-4.plesk.page\/hr\/wp-json\/wp\/v2\/types\/product"}],"replies":[{"embeddable":true,"href":"https:\/\/stoic-curie.212-227-153-4.plesk.page\/hr\/wp-json\/wp\/v2\/comments?post=5775000"}],"version-history":[{"count":0,"href":"https:\/\/stoic-curie.212-227-153-4.plesk.page\/hr\/wp-json\/wp\/v2\/product\/5775000\/revisions"}],"wp:featuredmedia":[{"embeddable":true,"href":"https:\/\/stoic-curie.212-227-153-4.plesk.page\/hr\/wp-json\/wp\/v2\/media\/5772903"}],"wp:attachment":[{"href":"https:\/\/stoic-curie.212-227-153-4.plesk.page\/hr\/wp-json\/wp\/v2\/media?parent=5775000"}],"wp:term":[{"taxonomy":"product_brand","embeddable":true,"href":"https:\/\/stoic-curie.212-227-153-4.plesk.page\/hr\/wp-json\/wp\/v2\/product_brand?post=5775000"},{"taxonomy":"product_cat","embeddable":true,"href":"https:\/\/stoic-curie.212-227-153-4.plesk.page\/hr\/wp-json\/wp\/v2\/product_cat?post=5775000"},{"taxonomy":"product_tag","embeddable":true,"href":"https:\/\/stoic-curie.212-227-153-4.plesk.page\/hr\/wp-json\/wp\/v2\/product_tag?post=5775000"}],"curies":[{"name":"wp","href":"https:\/\/api.w.org\/{rel}","templated":true}]}}