{"id":5791017,"date":"2026-02-14T13:43:05","date_gmt":"2026-02-14T12:43:05","guid":{"rendered":"https:\/\/stoic-curie.212-227-153-4.plesk.page\/product\/propeler-za-suzuki-9-1-4x11\/"},"modified":"2026-02-25T00:01:53","modified_gmt":"2026-02-25T00:01:53","slug":"propeler-za-suzuki-9-1-4x11","status":"publish","type":"product","link":"https:\/\/stoic-curie.212-227-153-4.plesk.page\/hr\/product\/propeler-za-suzuki-9-1-4x11\/","title":{"rendered":"Propeler za Suzuki 9 1\/4&#215;11"},"content":{"rendered":"<p>Propeler za Suzuki 9 1\/4&#215;11 &#8211; <\/p>\n<p>Alice aluminijske propelere dizajnirane su za Suzuki vanbrodske motore. Izra\u0111ene od aviaciji aluminijsko-titanske legure, ove propelere koriste 3D lasersko skeniranje za preciznu stati\u010dku i dinami\u010dku kontrolu. Imaju robotsku AkzoNobel pra\u0161kastu oblogu za pobolj\u0161anu izdr\u017eljivost. U\u017eivajte u visokoj u\u010dinkovitosti i smanjenoj potro\u0161nji goriva zahvaljuju\u0107i savr\u0161eno zakrivljenim o\u0161tricama. Imajte na umu da se monta\u017eni komplet mora naru\u010diti odvojeno ako trebate zamijeniti matice, podlo\u0161ke i razmaknice. Kompatibilni sa Suzuki vanbrodskim motorima: DT15C (2-takt) [19891997], DF8A\/9.9A\/15A\/20A (4-takt) [2011&gt;]<\/p>\n","protected":false},"excerpt":{"rendered":"<p>Propeler za Suzuki 9 1\/4&#215;11 &#8211; Alice aluminijske propelere dizajnirane su za Suzuki vanbrodske motore. Izra\u0111ene od aviaciji aluminijsko-titanske legure,<\/p>\n","protected":false},"featured_media":5949570,"comment_status":"open","ping_status":"closed","template":"","meta":[],"product_brand":[3206],"product_cat":[1803,1832],"product_tag":[],"class_list":{"0":"post-5791017","1":"product","2":"type-product","3":"status-publish","4":"has-post-thumbnail","6":"product_brand-nova-argonautica-hr","7":"product_cat-propeleri-za-vanbrodske-motore","8":"product_cat-rezervni-dijelovi-za-vanbrodske-motore-suzuki","10":"first","11":"instock","12":"shipping-taxable","13":"purchasable","14":"product-type-simple"},"_links":{"self":[{"href":"https:\/\/stoic-curie.212-227-153-4.plesk.page\/hr\/wp-json\/wp\/v2\/product\/5791017","targetHints":{"allow":["GET"]}}],"collection":[{"href":"https:\/\/stoic-curie.212-227-153-4.plesk.page\/hr\/wp-json\/wp\/v2\/product"}],"about":[{"href":"https:\/\/stoic-curie.212-227-153-4.plesk.page\/hr\/wp-json\/wp\/v2\/types\/product"}],"replies":[{"embeddable":true,"href":"https:\/\/stoic-curie.212-227-153-4.plesk.page\/hr\/wp-json\/wp\/v2\/comments?post=5791017"}],"version-history":[{"count":0,"href":"https:\/\/stoic-curie.212-227-153-4.plesk.page\/hr\/wp-json\/wp\/v2\/product\/5791017\/revisions"}],"wp:featuredmedia":[{"embeddable":true,"href":"https:\/\/stoic-curie.212-227-153-4.plesk.page\/hr\/wp-json\/wp\/v2\/media\/5949570"}],"wp:attachment":[{"href":"https:\/\/stoic-curie.212-227-153-4.plesk.page\/hr\/wp-json\/wp\/v2\/media?parent=5791017"}],"wp:term":[{"taxonomy":"product_brand","embeddable":true,"href":"https:\/\/stoic-curie.212-227-153-4.plesk.page\/hr\/wp-json\/wp\/v2\/product_brand?post=5791017"},{"taxonomy":"product_cat","embeddable":true,"href":"https:\/\/stoic-curie.212-227-153-4.plesk.page\/hr\/wp-json\/wp\/v2\/product_cat?post=5791017"},{"taxonomy":"product_tag","embeddable":true,"href":"https:\/\/stoic-curie.212-227-153-4.plesk.page\/hr\/wp-json\/wp\/v2\/product_tag?post=5791017"}],"curies":[{"name":"wp","href":"https:\/\/api.w.org\/{rel}","templated":true}]}}