{"id":5791039,"date":"2026-02-14T13:43:20","date_gmt":"2026-02-14T12:43:20","guid":{"rendered":"https:\/\/stoic-curie.212-227-153-4.plesk.page\/product\/propeler-za-volvo-penta-duo-prop-854786-straznji-a3r\/"},"modified":"2026-02-25T00:01:53","modified_gmt":"2026-02-25T00:01:53","slug":"propeler-za-volvo-penta-duo-prop-854786-straznji-a3r","status":"publish","type":"product","link":"https:\/\/stoic-curie.212-227-153-4.plesk.page\/hr\/product\/propeler-za-volvo-penta-duo-prop-854786-straznji-a3r\/","title":{"rendered":"Propeler za Volvo Penta Duo Prop 854786 Stra\u017enji-A3R"},"content":{"rendered":"<p>Propeler za Volvo Penta Duo Prop 854786 Stra\u017enji-A3R &#8211; <\/p>\n<p>Aluminijski propelers Alice dizajniran za Volvo Penta Duo-Prop A-B tip motore.<br \/> Izra\u0111en od zrakoplovne legure aluminij-titan.<br \/> Koristi 3D lasersko skeniranje za stati\u010dku i dinami\u010dku kontrolu.<br \/> Roboti\u010dka AkzoNobel pra\u0161kasta prevlaka.<br \/> Osigurava visoku u\u010dinkovitost i smanjenje potro\u0161nje goriva zahvaljuju\u0107i savr\u0161eno oblikovanim krilcima.<\/p>\n","protected":false},"excerpt":{"rendered":"<p>Propeler za Volvo Penta Duo Prop 854786 Stra\u017enji-A3R &#8211; Aluminijski propelers Alice dizajniran za Volvo Penta Duo-Prop A-B tip motore.<\/p>\n","protected":false},"featured_media":5790032,"comment_status":"open","ping_status":"closed","template":"","meta":[],"product_brand":[3391],"product_cat":[1829],"product_tag":[],"class_list":{"0":"post-5791039","1":"product","2":"type-product","3":"status-publish","4":"has-post-thumbnail","6":"product_brand-sierra-marine-hr","7":"product_cat-rezervni-dijelovi-za-motore-volvo-penta","9":"first","10":"instock","11":"shipping-taxable","12":"purchasable","13":"product-type-simple"},"_links":{"self":[{"href":"https:\/\/stoic-curie.212-227-153-4.plesk.page\/hr\/wp-json\/wp\/v2\/product\/5791039","targetHints":{"allow":["GET"]}}],"collection":[{"href":"https:\/\/stoic-curie.212-227-153-4.plesk.page\/hr\/wp-json\/wp\/v2\/product"}],"about":[{"href":"https:\/\/stoic-curie.212-227-153-4.plesk.page\/hr\/wp-json\/wp\/v2\/types\/product"}],"replies":[{"embeddable":true,"href":"https:\/\/stoic-curie.212-227-153-4.plesk.page\/hr\/wp-json\/wp\/v2\/comments?post=5791039"}],"version-history":[{"count":0,"href":"https:\/\/stoic-curie.212-227-153-4.plesk.page\/hr\/wp-json\/wp\/v2\/product\/5791039\/revisions"}],"wp:featuredmedia":[{"embeddable":true,"href":"https:\/\/stoic-curie.212-227-153-4.plesk.page\/hr\/wp-json\/wp\/v2\/media\/5790032"}],"wp:attachment":[{"href":"https:\/\/stoic-curie.212-227-153-4.plesk.page\/hr\/wp-json\/wp\/v2\/media?parent=5791039"}],"wp:term":[{"taxonomy":"product_brand","embeddable":true,"href":"https:\/\/stoic-curie.212-227-153-4.plesk.page\/hr\/wp-json\/wp\/v2\/product_brand?post=5791039"},{"taxonomy":"product_cat","embeddable":true,"href":"https:\/\/stoic-curie.212-227-153-4.plesk.page\/hr\/wp-json\/wp\/v2\/product_cat?post=5791039"},{"taxonomy":"product_tag","embeddable":true,"href":"https:\/\/stoic-curie.212-227-153-4.plesk.page\/hr\/wp-json\/wp\/v2\/product_tag?post=5791039"}],"curies":[{"name":"wp","href":"https:\/\/api.w.org\/{rel}","templated":true}]}}