{"id":5791041,"date":"2026-02-14T13:43:21","date_gmt":"2026-02-14T12:43:21","guid":{"rendered":"https:\/\/stoic-curie.212-227-153-4.plesk.page\/product\/propeler-za-volvo-penta-duo-prop-854790-straznji-a7r\/"},"modified":"2026-02-25T00:01:53","modified_gmt":"2026-02-25T00:01:53","slug":"propeler-za-volvo-penta-duo-prop-854790-straznji-a7r","status":"publish","type":"product","link":"https:\/\/stoic-curie.212-227-153-4.plesk.page\/hr\/product\/propeler-za-volvo-penta-duo-prop-854790-straznji-a7r\/","title":{"rendered":"Propeler za Volvo Penta Duo Prop 854790 Stra\u017enji-A7R"},"content":{"rendered":"<p>Propeler za Volvo Penta Duo Prop 854790 Stra\u017enji-A7R &#8211; <\/p>\n<p>Alice aluminijski propelere napravljeni su za Volvo Penta Duo-Prop A-B tip motore. Izra\u0111eni od aero aluminij-titan legure, ovi propelere imaju 3D lasersko skeniranje za stati\u010dku i dinami\u010dku kontrolu. Robotsko prah premazivanje AkzoNobel osigurava visoku izdr\u017eljivost. Iskusite visoku u\u010dinkovitost i smanjenu potro\u0161nju goriva zahvaljuju\u0107i savr\u0161eno oblikovanim krilcima propelera.<\/p>\n","protected":false},"excerpt":{"rendered":"<p>Propeler za Volvo Penta Duo Prop 854790 Stra\u017enji-A7R &#8211; Alice aluminijski propelere napravljeni su za Volvo Penta Duo-Prop A-B tip<\/p>\n","protected":false},"featured_media":5790032,"comment_status":"open","ping_status":"closed","template":"","meta":[],"product_brand":[3391],"product_cat":[1829],"product_tag":[],"class_list":{"0":"post-5791041","1":"product","2":"type-product","3":"status-publish","4":"has-post-thumbnail","6":"product_brand-sierra-marine-hr","7":"product_cat-rezervni-dijelovi-za-motore-volvo-penta","9":"first","10":"instock","11":"shipping-taxable","12":"purchasable","13":"product-type-simple"},"_links":{"self":[{"href":"https:\/\/stoic-curie.212-227-153-4.plesk.page\/hr\/wp-json\/wp\/v2\/product\/5791041","targetHints":{"allow":["GET"]}}],"collection":[{"href":"https:\/\/stoic-curie.212-227-153-4.plesk.page\/hr\/wp-json\/wp\/v2\/product"}],"about":[{"href":"https:\/\/stoic-curie.212-227-153-4.plesk.page\/hr\/wp-json\/wp\/v2\/types\/product"}],"replies":[{"embeddable":true,"href":"https:\/\/stoic-curie.212-227-153-4.plesk.page\/hr\/wp-json\/wp\/v2\/comments?post=5791041"}],"version-history":[{"count":0,"href":"https:\/\/stoic-curie.212-227-153-4.plesk.page\/hr\/wp-json\/wp\/v2\/product\/5791041\/revisions"}],"wp:featuredmedia":[{"embeddable":true,"href":"https:\/\/stoic-curie.212-227-153-4.plesk.page\/hr\/wp-json\/wp\/v2\/media\/5790032"}],"wp:attachment":[{"href":"https:\/\/stoic-curie.212-227-153-4.plesk.page\/hr\/wp-json\/wp\/v2\/media?parent=5791041"}],"wp:term":[{"taxonomy":"product_brand","embeddable":true,"href":"https:\/\/stoic-curie.212-227-153-4.plesk.page\/hr\/wp-json\/wp\/v2\/product_brand?post=5791041"},{"taxonomy":"product_cat","embeddable":true,"href":"https:\/\/stoic-curie.212-227-153-4.plesk.page\/hr\/wp-json\/wp\/v2\/product_cat?post=5791041"},{"taxonomy":"product_tag","embeddable":true,"href":"https:\/\/stoic-curie.212-227-153-4.plesk.page\/hr\/wp-json\/wp\/v2\/product_tag?post=5791041"}],"curies":[{"name":"wp","href":"https:\/\/api.w.org\/{rel}","templated":true}]}}