{"id":5791045,"date":"2026-02-14T13:43:24","date_gmt":"2026-02-14T12:43:24","guid":{"rendered":"https:\/\/stoic-curie.212-227-153-4.plesk.page\/product\/propeler-za-volvo-penta-duo-prop-854834-rear-b5r\/"},"modified":"2026-02-25T00:01:53","modified_gmt":"2026-02-25T00:01:53","slug":"propeler-za-volvo-penta-duo-prop-854834-rear-b5r","status":"publish","type":"product","link":"https:\/\/stoic-curie.212-227-153-4.plesk.page\/hr\/product\/propeler-za-volvo-penta-duo-prop-854834-rear-b5r\/","title":{"rendered":"Propeler za Volvo Penta Duo Prop 854834 Rear-B5R"},"content":{"rendered":"<p>Propeler za Volvo Penta Duo Prop 854834 Rear-B5R &#8211; <\/p>\n<p>Alice aluminijski propelerski dizajnirani su za Volvo Penta Duo-Prop A-B tip motore. Izra\u0111eni su od visokokvalitetne aerospaciane aluminijsko-titanijske legure. S naprednim 3D laserskim skeniranjem za stati\u010dku i dinami\u010dku kontrolu, ovi propelersi imaju i robotsku AkzoNobel pra\u0161kastu prevlaku. U\u017eivajte u visokoj u\u010dinkovitosti i smanjenoj potro\u0161nji zahvaljuju\u0107i savr\u0161enom oblikovanju krila.<\/p>\n","protected":false},"excerpt":{"rendered":"<p>Propeler za Volvo Penta Duo Prop 854834 Rear-B5R &#8211; Alice aluminijski propelerski dizajnirani su za Volvo Penta Duo-Prop A-B tip<\/p>\n","protected":false},"featured_media":5790032,"comment_status":"open","ping_status":"closed","template":"","meta":[],"product_brand":[3391],"product_cat":[1829],"product_tag":[],"class_list":{"0":"post-5791045","1":"product","2":"type-product","3":"status-publish","4":"has-post-thumbnail","6":"product_brand-sierra-marine-hr","7":"product_cat-rezervni-dijelovi-za-motore-volvo-penta","9":"first","10":"instock","11":"shipping-taxable","12":"purchasable","13":"product-type-simple"},"_links":{"self":[{"href":"https:\/\/stoic-curie.212-227-153-4.plesk.page\/hr\/wp-json\/wp\/v2\/product\/5791045","targetHints":{"allow":["GET"]}}],"collection":[{"href":"https:\/\/stoic-curie.212-227-153-4.plesk.page\/hr\/wp-json\/wp\/v2\/product"}],"about":[{"href":"https:\/\/stoic-curie.212-227-153-4.plesk.page\/hr\/wp-json\/wp\/v2\/types\/product"}],"replies":[{"embeddable":true,"href":"https:\/\/stoic-curie.212-227-153-4.plesk.page\/hr\/wp-json\/wp\/v2\/comments?post=5791045"}],"version-history":[{"count":0,"href":"https:\/\/stoic-curie.212-227-153-4.plesk.page\/hr\/wp-json\/wp\/v2\/product\/5791045\/revisions"}],"wp:featuredmedia":[{"embeddable":true,"href":"https:\/\/stoic-curie.212-227-153-4.plesk.page\/hr\/wp-json\/wp\/v2\/media\/5790032"}],"wp:attachment":[{"href":"https:\/\/stoic-curie.212-227-153-4.plesk.page\/hr\/wp-json\/wp\/v2\/media?parent=5791045"}],"wp:term":[{"taxonomy":"product_brand","embeddable":true,"href":"https:\/\/stoic-curie.212-227-153-4.plesk.page\/hr\/wp-json\/wp\/v2\/product_brand?post=5791045"},{"taxonomy":"product_cat","embeddable":true,"href":"https:\/\/stoic-curie.212-227-153-4.plesk.page\/hr\/wp-json\/wp\/v2\/product_cat?post=5791045"},{"taxonomy":"product_tag","embeddable":true,"href":"https:\/\/stoic-curie.212-227-153-4.plesk.page\/hr\/wp-json\/wp\/v2\/product_tag?post=5791045"}],"curies":[{"name":"wp","href":"https:\/\/api.w.org\/{rel}","templated":true}]}}