{"id":5838208,"date":"2026-02-17T16:43:16","date_gmt":"2026-02-17T15:43:16","guid":{"rendered":"https:\/\/stoic-curie.212-227-153-4.plesk.page\/product\/panther-safe-skeg-zastitne-peraje-za-mercruiser-bravo-1-3-motore-1990\/"},"modified":"2026-02-25T00:01:53","modified_gmt":"2026-02-25T00:01:53","slug":"panther-safe-skeg-zastitne-peraje-za-mercruiser-bravo-1-3-motore-1990","status":"publish","type":"product","link":"https:\/\/stoic-curie.212-227-153-4.plesk.page\/hr\/product\/panther-safe-skeg-zastitne-peraje-za-mercruiser-bravo-1-3-motore-1990\/","title":{"rendered":"Panther Safe-Skeg Za\u0161titne Peraje za MerCruiser Bravo 1-3 Motore (&gt;1990)"},"content":{"rendered":"<p>Panther Safe-Skeg Za\u0161titne Peraje za MerCruiser Bravo 1-3 Motore (&gt;1990) &#8211; <\/p>\n<p>Ove za\u0161titne peraje izra\u0111ene su od ogledala-poliranog AISI 316L nehr\u0111aju\u0107eg \u010delika, specijalno dizajnirane za vanbrodske motore i stra\u017enje pogone. Izuzetno su robusne i \u0161tite izvorni skeg od udaraca i ogrebotina, ne ugro\u017eavaju\u0107i hidrodinamiku pogonske jedinice. Osim toga, ove peraje mogu se koristiti za zamjenu o\u0161te\u0107enog ili slomljenog skega. Svaki set dolazi s vijkovima za monta\u017eu i imbus klju\u010devima za jednostavnu instalaciju.<\/p>\n","protected":false},"excerpt":{"rendered":"<p>Panther Safe-Skeg Za\u0161titne Peraje za MerCruiser Bravo 1-3 Motore (&gt;1990) &#8211; Ove za\u0161titne peraje izra\u0111ene su od ogledala-poliranog AISI 316L<\/p>\n","protected":false},"featured_media":5836850,"comment_status":"open","ping_status":"closed","template":"","meta":[],"product_brand":[3391],"product_cat":[1830],"product_tag":[],"class_list":{"0":"post-5838208","1":"product","2":"type-product","3":"status-publish","4":"has-post-thumbnail","6":"product_brand-sierra-marine-hr","7":"product_cat-rezervni-dijelovi-za-vanbrodske-motore-mercruiser","9":"first","10":"instock","11":"shipping-taxable","12":"purchasable","13":"product-type-simple"},"_links":{"self":[{"href":"https:\/\/stoic-curie.212-227-153-4.plesk.page\/hr\/wp-json\/wp\/v2\/product\/5838208","targetHints":{"allow":["GET"]}}],"collection":[{"href":"https:\/\/stoic-curie.212-227-153-4.plesk.page\/hr\/wp-json\/wp\/v2\/product"}],"about":[{"href":"https:\/\/stoic-curie.212-227-153-4.plesk.page\/hr\/wp-json\/wp\/v2\/types\/product"}],"replies":[{"embeddable":true,"href":"https:\/\/stoic-curie.212-227-153-4.plesk.page\/hr\/wp-json\/wp\/v2\/comments?post=5838208"}],"version-history":[{"count":0,"href":"https:\/\/stoic-curie.212-227-153-4.plesk.page\/hr\/wp-json\/wp\/v2\/product\/5838208\/revisions"}],"wp:featuredmedia":[{"embeddable":true,"href":"https:\/\/stoic-curie.212-227-153-4.plesk.page\/hr\/wp-json\/wp\/v2\/media\/5836850"}],"wp:attachment":[{"href":"https:\/\/stoic-curie.212-227-153-4.plesk.page\/hr\/wp-json\/wp\/v2\/media?parent=5838208"}],"wp:term":[{"taxonomy":"product_brand","embeddable":true,"href":"https:\/\/stoic-curie.212-227-153-4.plesk.page\/hr\/wp-json\/wp\/v2\/product_brand?post=5838208"},{"taxonomy":"product_cat","embeddable":true,"href":"https:\/\/stoic-curie.212-227-153-4.plesk.page\/hr\/wp-json\/wp\/v2\/product_cat?post=5838208"},{"taxonomy":"product_tag","embeddable":true,"href":"https:\/\/stoic-curie.212-227-153-4.plesk.page\/hr\/wp-json\/wp\/v2\/product_tag?post=5838208"}],"curies":[{"name":"wp","href":"https:\/\/api.w.org\/{rel}","templated":true}]}}