{"id":5838209,"date":"2026-02-17T16:43:17","date_gmt":"2026-02-17T15:43:17","guid":{"rendered":"https:\/\/stoic-curie.212-227-153-4.plesk.page\/product\/mini-jacker-fiksna-placa-tip-mj-1-dp\/"},"modified":"2026-02-25T00:01:53","modified_gmt":"2026-02-25T00:01:53","slug":"mini-jacker-fiksna-placa-tip-mj-1-dp","status":"publish","type":"product","link":"https:\/\/stoic-curie.212-227-153-4.plesk.page\/hr\/product\/mini-jacker-fiksna-placa-tip-mj-1-dp\/","title":{"rendered":"Mini Jacker Fiksna Placa Tip MJ-1-DP"},"content":{"rendered":"<p>Mini Jacker Fiksna Placa Tip MJ-1-DP &#8211; <\/p>\n<p>Fiksna lijevana aluminijska plata za vanbrodske motore do 35 KS i 68 kg. Idealna za postavljanje dugih motora na \u010damcima s niskim transomom, poma\u017ee optimizirati polo\u017eaj propelera za pobolj\u0161anje performansi i upravljivosti. Pru\u017ea 102 mm povratka i 76 mm vertikalnog podizanja.<\/p>\n","protected":false},"excerpt":{"rendered":"<p>Mini Jacker Fiksna Placa Tip MJ-1-DP &#8211; Fiksna lijevana aluminijska plata za vanbrodske motore do 35 KS i 68 kg.<\/p>\n","protected":false},"featured_media":5836875,"comment_status":"open","ping_status":"closed","template":"","meta":[],"product_brand":[3206],"product_cat":[1827],"product_tag":[],"class_list":{"0":"post-5838209","1":"product","2":"type-product","3":"status-publish","4":"has-post-thumbnail","6":"product_brand-nova-argonautica-hr","7":"product_cat-dodatna-oprema-za-vanbrodske-motore","9":"first","10":"instock","11":"shipping-taxable","12":"purchasable","13":"product-type-simple"},"_links":{"self":[{"href":"https:\/\/stoic-curie.212-227-153-4.plesk.page\/hr\/wp-json\/wp\/v2\/product\/5838209","targetHints":{"allow":["GET"]}}],"collection":[{"href":"https:\/\/stoic-curie.212-227-153-4.plesk.page\/hr\/wp-json\/wp\/v2\/product"}],"about":[{"href":"https:\/\/stoic-curie.212-227-153-4.plesk.page\/hr\/wp-json\/wp\/v2\/types\/product"}],"replies":[{"embeddable":true,"href":"https:\/\/stoic-curie.212-227-153-4.plesk.page\/hr\/wp-json\/wp\/v2\/comments?post=5838209"}],"version-history":[{"count":0,"href":"https:\/\/stoic-curie.212-227-153-4.plesk.page\/hr\/wp-json\/wp\/v2\/product\/5838209\/revisions"}],"wp:featuredmedia":[{"embeddable":true,"href":"https:\/\/stoic-curie.212-227-153-4.plesk.page\/hr\/wp-json\/wp\/v2\/media\/5836875"}],"wp:attachment":[{"href":"https:\/\/stoic-curie.212-227-153-4.plesk.page\/hr\/wp-json\/wp\/v2\/media?parent=5838209"}],"wp:term":[{"taxonomy":"product_brand","embeddable":true,"href":"https:\/\/stoic-curie.212-227-153-4.plesk.page\/hr\/wp-json\/wp\/v2\/product_brand?post=5838209"},{"taxonomy":"product_cat","embeddable":true,"href":"https:\/\/stoic-curie.212-227-153-4.plesk.page\/hr\/wp-json\/wp\/v2\/product_cat?post=5838209"},{"taxonomy":"product_tag","embeddable":true,"href":"https:\/\/stoic-curie.212-227-153-4.plesk.page\/hr\/wp-json\/wp\/v2\/product_tag?post=5838209"}],"curies":[{"name":"wp","href":"https:\/\/api.w.org\/{rel}","templated":true}]}}