{"id":5838211,"date":"2026-02-17T16:43:18","date_gmt":"2026-02-17T15:43:18","guid":{"rendered":"https:\/\/stoic-curie.212-227-153-4.plesk.page\/product\/izvorne-vodene-cijevi-za-mercruiser-motore-32-87108\/"},"modified":"2026-02-25T00:01:53","modified_gmt":"2026-02-25T00:01:53","slug":"izvorne-vodene-cijevi-za-mercruiser-motore-32-87108","status":"publish","type":"product","link":"https:\/\/stoic-curie.212-227-153-4.plesk.page\/hr\/product\/izvorne-vodene-cijevi-za-mercruiser-motore-32-87108\/","title":{"rendered":"Izvorne Vodene Cijevi za MerCruiser Motore 32-87108"},"content":{"rendered":"<p>Izvorne Vodene Cijevi za MerCruiser Motore 32-87108 &#8211; <\/p>\n<p>Oblikovane gumene vodene cijevi za ulaz vode, dizajnirane za MerCruiser motore. Isporu\u010duje se s nehr\u0111aju\u0107im \u010deli\u010dnim steznim trakama za sigurno postavljanje. Kompatibilni rezervni dijelovi za osiguranje optimalne u\u010dinkovitosti.<\/p>\n","protected":false},"excerpt":{"rendered":"<p>Izvorne Vodene Cijevi za MerCruiser Motore 32-87108 &#8211; Oblikovane gumene vodene cijevi za ulaz vode, dizajnirane za MerCruiser motore. Isporu\u010duje<\/p>\n","protected":false},"featured_media":5836881,"comment_status":"open","ping_status":"closed","template":"","meta":[],"product_brand":[3286],"product_cat":[1830],"product_tag":[],"class_list":{"0":"post-5838211","1":"product","2":"type-product","3":"status-publish","4":"has-post-thumbnail","6":"product_brand-quicksilver-hr","7":"product_cat-rezervni-dijelovi-za-vanbrodske-motore-mercruiser","9":"first","10":"instock","11":"shipping-taxable","12":"purchasable","13":"product-type-simple"},"_links":{"self":[{"href":"https:\/\/stoic-curie.212-227-153-4.plesk.page\/hr\/wp-json\/wp\/v2\/product\/5838211","targetHints":{"allow":["GET"]}}],"collection":[{"href":"https:\/\/stoic-curie.212-227-153-4.plesk.page\/hr\/wp-json\/wp\/v2\/product"}],"about":[{"href":"https:\/\/stoic-curie.212-227-153-4.plesk.page\/hr\/wp-json\/wp\/v2\/types\/product"}],"replies":[{"embeddable":true,"href":"https:\/\/stoic-curie.212-227-153-4.plesk.page\/hr\/wp-json\/wp\/v2\/comments?post=5838211"}],"version-history":[{"count":0,"href":"https:\/\/stoic-curie.212-227-153-4.plesk.page\/hr\/wp-json\/wp\/v2\/product\/5838211\/revisions"}],"wp:featuredmedia":[{"embeddable":true,"href":"https:\/\/stoic-curie.212-227-153-4.plesk.page\/hr\/wp-json\/wp\/v2\/media\/5836881"}],"wp:attachment":[{"href":"https:\/\/stoic-curie.212-227-153-4.plesk.page\/hr\/wp-json\/wp\/v2\/media?parent=5838211"}],"wp:term":[{"taxonomy":"product_brand","embeddable":true,"href":"https:\/\/stoic-curie.212-227-153-4.plesk.page\/hr\/wp-json\/wp\/v2\/product_brand?post=5838211"},{"taxonomy":"product_cat","embeddable":true,"href":"https:\/\/stoic-curie.212-227-153-4.plesk.page\/hr\/wp-json\/wp\/v2\/product_cat?post=5838211"},{"taxonomy":"product_tag","embeddable":true,"href":"https:\/\/stoic-curie.212-227-153-4.plesk.page\/hr\/wp-json\/wp\/v2\/product_tag?post=5838211"}],"curies":[{"name":"wp","href":"https:\/\/api.w.org\/{rel}","templated":true}]}}