{"id":5838227,"date":"2026-02-17T16:43:29","date_gmt":"2026-02-17T15:43:29","guid":{"rendered":"https:\/\/stoic-curie.212-227-153-4.plesk.page\/product\/kuciste-vode-za-mercury-mercruiser-motore-original-46-96148a1\/"},"modified":"2026-02-25T00:01:53","modified_gmt":"2026-02-25T00:01:53","slug":"kuciste-vode-za-mercury-mercruiser-motore-original-46-96148a1","status":"publish","type":"product","link":"https:\/\/stoic-curie.212-227-153-4.plesk.page\/hr\/product\/kuciste-vode-za-mercury-mercruiser-motore-original-46-96148a1\/","title":{"rendered":"Ku\u0107i\u0161te Vode za Mercury\/Mercruiser Motore Original 46-96148A1"},"content":{"rendered":"<p>Ku\u0107i\u0161te Vode za Mercury\/Mercruiser Motore Original 46-96148A1 &#8211; <\/p>\n<p>Ovo je ku\u0107i\u0161te vode visoke kvalitete dizajnirano za Mercury i Mercruiser motore. Ima kompatibilnost s razli\u010ditim rezervnim dijelovima kako bi osiguralo optimalne performanse.<\/p>\n","protected":false},"excerpt":{"rendered":"<p>Ku\u0107i\u0161te Vode za Mercury\/Mercruiser Motore Original 46-96148A1 &#8211; Ovo je ku\u0107i\u0161te vode visoke kvalitete dizajnirano za Mercury i Mercruiser motore.<\/p>\n","protected":false},"featured_media":5735956,"comment_status":"open","ping_status":"closed","template":"","meta":[],"product_brand":[3286],"product_cat":[1830,1815],"product_tag":[],"class_list":{"0":"post-5838227","1":"product","2":"type-product","3":"status-publish","4":"has-post-thumbnail","6":"product_brand-quicksilver-hr","7":"product_cat-rezervni-dijelovi-za-vanbrodske-motore-mercruiser","8":"product_cat-rezervni-dijelovi-za-vanbrodske-motore-mercury-i-mariner","10":"first","11":"instock","12":"shipping-taxable","13":"purchasable","14":"product-type-simple"},"_links":{"self":[{"href":"https:\/\/stoic-curie.212-227-153-4.plesk.page\/hr\/wp-json\/wp\/v2\/product\/5838227","targetHints":{"allow":["GET"]}}],"collection":[{"href":"https:\/\/stoic-curie.212-227-153-4.plesk.page\/hr\/wp-json\/wp\/v2\/product"}],"about":[{"href":"https:\/\/stoic-curie.212-227-153-4.plesk.page\/hr\/wp-json\/wp\/v2\/types\/product"}],"replies":[{"embeddable":true,"href":"https:\/\/stoic-curie.212-227-153-4.plesk.page\/hr\/wp-json\/wp\/v2\/comments?post=5838227"}],"version-history":[{"count":0,"href":"https:\/\/stoic-curie.212-227-153-4.plesk.page\/hr\/wp-json\/wp\/v2\/product\/5838227\/revisions"}],"wp:featuredmedia":[{"embeddable":true,"href":"https:\/\/stoic-curie.212-227-153-4.plesk.page\/hr\/wp-json\/wp\/v2\/media\/5735956"}],"wp:attachment":[{"href":"https:\/\/stoic-curie.212-227-153-4.plesk.page\/hr\/wp-json\/wp\/v2\/media?parent=5838227"}],"wp:term":[{"taxonomy":"product_brand","embeddable":true,"href":"https:\/\/stoic-curie.212-227-153-4.plesk.page\/hr\/wp-json\/wp\/v2\/product_brand?post=5838227"},{"taxonomy":"product_cat","embeddable":true,"href":"https:\/\/stoic-curie.212-227-153-4.plesk.page\/hr\/wp-json\/wp\/v2\/product_cat?post=5838227"},{"taxonomy":"product_tag","embeddable":true,"href":"https:\/\/stoic-curie.212-227-153-4.plesk.page\/hr\/wp-json\/wp\/v2\/product_tag?post=5838227"}],"curies":[{"name":"wp","href":"https:\/\/api.w.org\/{rel}","templated":true}]}}