{"id":5838233,"date":"2026-02-17T16:43:33","date_gmt":"2026-02-17T15:43:33","guid":{"rendered":"https:\/\/stoic-curie.212-227-153-4.plesk.page\/product\/izvorna-uljna-prikljucnica-mercruiser-22-861150t02-za-alpha-one-gen-ii-i-bravo-i-ii-iii\/"},"modified":"2026-02-25T00:01:53","modified_gmt":"2026-02-25T00:01:53","slug":"izvorna-uljna-prikljucnica-mercruiser-22-861150t02-za-alpha-one-gen-ii-i-bravo-i-ii-iii","status":"publish","type":"product","link":"https:\/\/stoic-curie.212-227-153-4.plesk.page\/hr\/product\/izvorna-uljna-prikljucnica-mercruiser-22-861150t02-za-alpha-one-gen-ii-i-bravo-i-ii-iii\/","title":{"rendered":"Izvorna uljna priklju\u010dnica MerCruiser 22-861150T02 za Alpha One Gen II i Bravo I\/II\/III"},"content":{"rendered":"<p>Izvorna uljna priklju\u010dnica MerCruiser 22-861150T02 za Alpha One Gen II i Bravo I\/II\/III &#8211; <\/p>\n<p>Ovo je premium uljna priklju\u010dnica posebno dizajnirana za MerCruiser motore. Slu\u017ei kao kompatibilna zamjenska komponenta za pobolj\u0161anje performansi motora.<\/p>\n","protected":false},"excerpt":{"rendered":"<p>Izvorna uljna priklju\u010dnica MerCruiser 22-861150T02 za Alpha One Gen II i Bravo I\/II\/III &#8211; Ovo je premium uljna priklju\u010dnica posebno<\/p>\n","protected":false},"featured_media":5836984,"comment_status":"open","ping_status":"closed","template":"","meta":[],"product_brand":[3286],"product_cat":[1830],"product_tag":[],"class_list":{"0":"post-5838233","1":"product","2":"type-product","3":"status-publish","4":"has-post-thumbnail","6":"product_brand-quicksilver-hr","7":"product_cat-rezervni-dijelovi-za-vanbrodske-motore-mercruiser","9":"first","10":"instock","11":"shipping-taxable","12":"purchasable","13":"product-type-simple"},"_links":{"self":[{"href":"https:\/\/stoic-curie.212-227-153-4.plesk.page\/hr\/wp-json\/wp\/v2\/product\/5838233","targetHints":{"allow":["GET"]}}],"collection":[{"href":"https:\/\/stoic-curie.212-227-153-4.plesk.page\/hr\/wp-json\/wp\/v2\/product"}],"about":[{"href":"https:\/\/stoic-curie.212-227-153-4.plesk.page\/hr\/wp-json\/wp\/v2\/types\/product"}],"replies":[{"embeddable":true,"href":"https:\/\/stoic-curie.212-227-153-4.plesk.page\/hr\/wp-json\/wp\/v2\/comments?post=5838233"}],"version-history":[{"count":0,"href":"https:\/\/stoic-curie.212-227-153-4.plesk.page\/hr\/wp-json\/wp\/v2\/product\/5838233\/revisions"}],"wp:featuredmedia":[{"embeddable":true,"href":"https:\/\/stoic-curie.212-227-153-4.plesk.page\/hr\/wp-json\/wp\/v2\/media\/5836984"}],"wp:attachment":[{"href":"https:\/\/stoic-curie.212-227-153-4.plesk.page\/hr\/wp-json\/wp\/v2\/media?parent=5838233"}],"wp:term":[{"taxonomy":"product_brand","embeddable":true,"href":"https:\/\/stoic-curie.212-227-153-4.plesk.page\/hr\/wp-json\/wp\/v2\/product_brand?post=5838233"},{"taxonomy":"product_cat","embeddable":true,"href":"https:\/\/stoic-curie.212-227-153-4.plesk.page\/hr\/wp-json\/wp\/v2\/product_cat?post=5838233"},{"taxonomy":"product_tag","embeddable":true,"href":"https:\/\/stoic-curie.212-227-153-4.plesk.page\/hr\/wp-json\/wp\/v2\/product_tag?post=5838233"}],"curies":[{"name":"wp","href":"https:\/\/api.w.org\/{rel}","templated":true}]}}