{"id":5838238,"date":"2026-02-17T16:43:36","date_gmt":"2026-02-17T15:43:36","guid":{"rendered":"https:\/\/stoic-curie.212-227-153-4.plesk.page\/product\/originalno-kuciste-termostata-za-mercruiser-motore-kod-23-806922\/"},"modified":"2026-02-25T00:01:53","modified_gmt":"2026-02-25T00:01:53","slug":"originalno-kuciste-termostata-za-mercruiser-motore-kod-23-806922","status":"publish","type":"product","link":"https:\/\/stoic-curie.212-227-153-4.plesk.page\/hr\/product\/originalno-kuciste-termostata-za-mercruiser-motore-kod-23-806922\/","title":{"rendered":"Originalno ku\u0107i\u0161te termostata za Mercruiser motore &#8211; Kod 23-806922"},"content":{"rendered":"<p>Originalno ku\u0107i\u0161te termostata za Mercruiser motore &#8211; Kod 23-806922 &#8211; Ovo visoko kvalitetno ku\u0107i\u0161te termostata posebno je dizajnirano za Mercruiser motore, uklju\u010duju\u0107i modele 175, 502, 4.3, 5.0, 5.7, 6.2, 7.4, 8.2 i Black Scorpion. Osigurajte optimalne performanse motora s ovom pouzdanom komponentom.<\/p>\n","protected":false},"excerpt":{"rendered":"<p>Originalno ku\u0107i\u0161te termostata za Mercruiser motore &#8211; Kod 23-806922 &#8211; Ovo visoko kvalitetno ku\u0107i\u0161te termostata posebno je dizajnirano za Mercruiser<\/p>\n","protected":false},"featured_media":5836998,"comment_status":"open","ping_status":"closed","template":"","meta":[],"product_brand":[3286],"product_cat":[1830],"product_tag":[],"class_list":{"0":"post-5838238","1":"product","2":"type-product","3":"status-publish","4":"has-post-thumbnail","6":"product_brand-quicksilver-hr","7":"product_cat-rezervni-dijelovi-za-vanbrodske-motore-mercruiser","9":"first","10":"instock","11":"shipping-taxable","12":"purchasable","13":"product-type-simple"},"_links":{"self":[{"href":"https:\/\/stoic-curie.212-227-153-4.plesk.page\/hr\/wp-json\/wp\/v2\/product\/5838238","targetHints":{"allow":["GET"]}}],"collection":[{"href":"https:\/\/stoic-curie.212-227-153-4.plesk.page\/hr\/wp-json\/wp\/v2\/product"}],"about":[{"href":"https:\/\/stoic-curie.212-227-153-4.plesk.page\/hr\/wp-json\/wp\/v2\/types\/product"}],"replies":[{"embeddable":true,"href":"https:\/\/stoic-curie.212-227-153-4.plesk.page\/hr\/wp-json\/wp\/v2\/comments?post=5838238"}],"version-history":[{"count":0,"href":"https:\/\/stoic-curie.212-227-153-4.plesk.page\/hr\/wp-json\/wp\/v2\/product\/5838238\/revisions"}],"wp:featuredmedia":[{"embeddable":true,"href":"https:\/\/stoic-curie.212-227-153-4.plesk.page\/hr\/wp-json\/wp\/v2\/media\/5836998"}],"wp:attachment":[{"href":"https:\/\/stoic-curie.212-227-153-4.plesk.page\/hr\/wp-json\/wp\/v2\/media?parent=5838238"}],"wp:term":[{"taxonomy":"product_brand","embeddable":true,"href":"https:\/\/stoic-curie.212-227-153-4.plesk.page\/hr\/wp-json\/wp\/v2\/product_brand?post=5838238"},{"taxonomy":"product_cat","embeddable":true,"href":"https:\/\/stoic-curie.212-227-153-4.plesk.page\/hr\/wp-json\/wp\/v2\/product_cat?post=5838238"},{"taxonomy":"product_tag","embeddable":true,"href":"https:\/\/stoic-curie.212-227-153-4.plesk.page\/hr\/wp-json\/wp\/v2\/product_tag?post=5838238"}],"curies":[{"name":"wp","href":"https:\/\/api.w.org\/{rel}","templated":true}]}}