{"id":5838240,"date":"2026-02-17T16:43:37","date_gmt":"2026-02-17T15:43:37","guid":{"rendered":"https:\/\/stoic-curie.212-227-153-4.plesk.page\/product\/originalna-cep-za-pokrivac-za-motorni-odjeljak-volvo-penta-kod-861019-kad-motor\/"},"modified":"2026-02-25T00:01:53","modified_gmt":"2026-02-25T00:01:53","slug":"originalna-cep-za-pokrivac-za-motorni-odjeljak-volvo-penta-kod-861019-kad-motor","status":"publish","type":"product","link":"https:\/\/stoic-curie.212-227-153-4.plesk.page\/hr\/product\/originalna-cep-za-pokrivac-za-motorni-odjeljak-volvo-penta-kod-861019-kad-motor\/","title":{"rendered":"Originalna \u010dep za pokriva\u010d za motorni odjeljak Volvo Penta &#8211; Kod 861019 (KAD motor)"},"content":{"rendered":"<p>Originalna \u010dep za pokriva\u010d za motorni odjeljak Volvo Penta &#8211; Kod 861019 (KAD motor) &#8211; <\/p>\n<p>Ovo je originalni \u010dep za pokriva\u010d za motorni odjeljak Volvo Penta. Slu\u017ei kao kompatibilna zamjenska dijel.<\/p>\n","protected":false},"excerpt":{"rendered":"<p>Originalna \u010dep za pokriva\u010d za motorni odjeljak Volvo Penta &#8211; Kod 861019 (KAD motor) &#8211; Ovo je originalni \u010dep za<\/p>\n","protected":false},"featured_media":5837004,"comment_status":"open","ping_status":"closed","template":"","meta":[],"product_brand":[3391],"product_cat":[1829],"product_tag":[],"class_list":{"0":"post-5838240","1":"product","2":"type-product","3":"status-publish","4":"has-post-thumbnail","6":"product_brand-sierra-marine-hr","7":"product_cat-rezervni-dijelovi-za-motore-volvo-penta","9":"first","10":"instock","11":"shipping-taxable","12":"purchasable","13":"product-type-simple"},"_links":{"self":[{"href":"https:\/\/stoic-curie.212-227-153-4.plesk.page\/hr\/wp-json\/wp\/v2\/product\/5838240","targetHints":{"allow":["GET"]}}],"collection":[{"href":"https:\/\/stoic-curie.212-227-153-4.plesk.page\/hr\/wp-json\/wp\/v2\/product"}],"about":[{"href":"https:\/\/stoic-curie.212-227-153-4.plesk.page\/hr\/wp-json\/wp\/v2\/types\/product"}],"replies":[{"embeddable":true,"href":"https:\/\/stoic-curie.212-227-153-4.plesk.page\/hr\/wp-json\/wp\/v2\/comments?post=5838240"}],"version-history":[{"count":0,"href":"https:\/\/stoic-curie.212-227-153-4.plesk.page\/hr\/wp-json\/wp\/v2\/product\/5838240\/revisions"}],"wp:featuredmedia":[{"embeddable":true,"href":"https:\/\/stoic-curie.212-227-153-4.plesk.page\/hr\/wp-json\/wp\/v2\/media\/5837004"}],"wp:attachment":[{"href":"https:\/\/stoic-curie.212-227-153-4.plesk.page\/hr\/wp-json\/wp\/v2\/media?parent=5838240"}],"wp:term":[{"taxonomy":"product_brand","embeddable":true,"href":"https:\/\/stoic-curie.212-227-153-4.plesk.page\/hr\/wp-json\/wp\/v2\/product_brand?post=5838240"},{"taxonomy":"product_cat","embeddable":true,"href":"https:\/\/stoic-curie.212-227-153-4.plesk.page\/hr\/wp-json\/wp\/v2\/product_cat?post=5838240"},{"taxonomy":"product_tag","embeddable":true,"href":"https:\/\/stoic-curie.212-227-153-4.plesk.page\/hr\/wp-json\/wp\/v2\/product_tag?post=5838240"}],"curies":[{"name":"wp","href":"https:\/\/api.w.org\/{rel}","templated":true}]}}