{"id":5838241,"date":"2026-02-17T16:43:38","date_gmt":"2026-02-17T15:43:38","guid":{"rendered":"https:\/\/stoic-curie.212-227-153-4.plesk.page\/product\/izvorna-cep-za-odvod-izduvne-kolektora-za-volvo-penta-motore-21114522\/"},"modified":"2026-02-25T00:01:53","modified_gmt":"2026-02-25T00:01:53","slug":"izvorna-cep-za-odvod-izduvne-kolektora-za-volvo-penta-motore-21114522","status":"publish","type":"product","link":"https:\/\/stoic-curie.212-227-153-4.plesk.page\/hr\/product\/izvorna-cep-za-odvod-izduvne-kolektora-za-volvo-penta-motore-21114522\/","title":{"rendered":"Izvorna \u010dep za odvod izduvne kolektora za Volvo Penta motore 21114522"},"content":{"rendered":"<p>Izvorna \u010dep za odvod izduvne kolektora za Volvo Penta motore 21114522 &#8211; Ovo je visokokvalitetni \u010dep za odvod izduvnog kolektora, posebno dizajniran za Volvo Penta motore s kodovima 4.3, 5.0, 5.7 i 8.1. Osigurajte optimalne performanse i dugovje\u010dnost s ovom izvorno rezervnom dijelom.<\/p>\n","protected":false},"excerpt":{"rendered":"<p>Izvorna \u010dep za odvod izduvne kolektora za Volvo Penta motore 21114522 &#8211; Ovo je visokokvalitetni \u010dep za odvod izduvnog kolektora,<\/p>\n","protected":false},"featured_media":5837006,"comment_status":"open","ping_status":"closed","template":"","meta":[],"product_brand":[3391],"product_cat":[1829],"product_tag":[],"class_list":{"0":"post-5838241","1":"product","2":"type-product","3":"status-publish","4":"has-post-thumbnail","6":"product_brand-sierra-marine-hr","7":"product_cat-rezervni-dijelovi-za-motore-volvo-penta","9":"first","10":"instock","11":"shipping-taxable","12":"purchasable","13":"product-type-simple"},"_links":{"self":[{"href":"https:\/\/stoic-curie.212-227-153-4.plesk.page\/hr\/wp-json\/wp\/v2\/product\/5838241","targetHints":{"allow":["GET"]}}],"collection":[{"href":"https:\/\/stoic-curie.212-227-153-4.plesk.page\/hr\/wp-json\/wp\/v2\/product"}],"about":[{"href":"https:\/\/stoic-curie.212-227-153-4.plesk.page\/hr\/wp-json\/wp\/v2\/types\/product"}],"replies":[{"embeddable":true,"href":"https:\/\/stoic-curie.212-227-153-4.plesk.page\/hr\/wp-json\/wp\/v2\/comments?post=5838241"}],"version-history":[{"count":0,"href":"https:\/\/stoic-curie.212-227-153-4.plesk.page\/hr\/wp-json\/wp\/v2\/product\/5838241\/revisions"}],"wp:featuredmedia":[{"embeddable":true,"href":"https:\/\/stoic-curie.212-227-153-4.plesk.page\/hr\/wp-json\/wp\/v2\/media\/5837006"}],"wp:attachment":[{"href":"https:\/\/stoic-curie.212-227-153-4.plesk.page\/hr\/wp-json\/wp\/v2\/media?parent=5838241"}],"wp:term":[{"taxonomy":"product_brand","embeddable":true,"href":"https:\/\/stoic-curie.212-227-153-4.plesk.page\/hr\/wp-json\/wp\/v2\/product_brand?post=5838241"},{"taxonomy":"product_cat","embeddable":true,"href":"https:\/\/stoic-curie.212-227-153-4.plesk.page\/hr\/wp-json\/wp\/v2\/product_cat?post=5838241"},{"taxonomy":"product_tag","embeddable":true,"href":"https:\/\/stoic-curie.212-227-153-4.plesk.page\/hr\/wp-json\/wp\/v2\/product_tag?post=5838241"}],"curies":[{"name":"wp","href":"https:\/\/api.w.org\/{rel}","templated":true}]}}